{"id":268228,"date":"2022-12-01T13:39:45","date_gmt":"2022-12-01T12:39:45","guid":{"rendered":"http:\/\/dev.claret.cat\/producte\/resol-el-misteri-1-el-secret-de-la-mansio\/"},"modified":"2026-04-18T12:45:26","modified_gmt":"2026-04-18T10:45:26","slug":"resol-el-misteri-1-el-secret-de-la-mansio-9788427225862","status":"publish","type":"product","link":"https:\/\/www.claret.cat\/es\/libro\/resol-el-misteri-1-el-secret-de-la-mansio-9788427225862\/","title":{"rendered":"RESOL EL MISTERI! 1 &#8211; EL SECRET DE LA MANSI\u00d3"},"content":{"rendered":"<p>TU DECIDEIXES QUINS SOSPITOSOS CAL INTERROGAR, QUINES PREGUNTES VOLS FER I QUINES PISTES S&#8221;HAN DE SEGUIR! T&#8221;ATREVEIXES A CONVERTIR-TE EN DETECTIU? Alg\u00fa vol arrambar amb el tresor amagat d&#8221;una milion\u00e0ria exc\u00e8ntrica, per\u00f2  la recerca del culpable s&#8221;embolica amb tota mena d&#8221;endevinalles, enigmes, secrets foscos i una bona pila de decisions dif\u00edcils. Per acabar-ho d&#8221;adobar, el responsable d&#8221;investigar els fets \u00e9s el  Carlos, que mai ha resolt cap misteri, de manera que necessitar\u00e0 un cop  de m\u00e0 per al seu primer cas. Podr\u00e0s ajudar-los a ell i els seus amics a  descobrir el culpable, trobar el tresor i salvar l&#8221;ag\u00e8ncia de detectius de la mare del Carlos? Cr\u00edtiques:<br \/>\u00abEl format interactiu afegeix un extra de diversi\u00f3 perqu\u00e8 ofereix als  lectors diferents opcions, com ara escollir els sospitosos que es vol  interrogar, les proves que cal examinar i les pistes pistes que s&#8221;han de  seguir. Un divertiment que atraur\u00e0 els fans dels misteris carregats d&#8221;humor\u00bb.<br \/>School Library Journal<\/p>\n","protected":false},"excerpt":{"rendered":"<p>MAGAZINER, LAUREN<\/p>\n","protected":false},"featured_media":1095116,"template":"","meta":{"_acf_changed":false,"om_disable_all_campaigns":false,"rs_blank_template":"","rs_page_bg_color":"","slide_template_v7":"","inline_featured_image":false,"_monsterinsights_skip_tracking":false,"_monsterinsights_sitenote_active":false,"_monsterinsights_sitenote_note":"","_monsterinsights_sitenote_category":0},"product_brand":[],"product_cat":[132,362],"product_tag":[],"class_list":{"0":"post-268228","1":"product","2":"type-product","3":"status-publish","4":"has-post-thumbnail","6":"product_cat-lectures-per-preadolescents-6-12-anys","7":"product_cat-libros-preadolescentes-6-12-anos","9":"first","10":"instock","11":"taxable","12":"shipping-taxable","13":"purchasable","14":"product-type-simple"},"acf":{"autor":"MAGAZINER, LAUREN","codart":"842722586","libros-coleccion":"FORA DE COL.LECCI\u00d3","ediciones":"1","encuadernacion":"Carton\u00e9","fecha_de_publicacion":"01\/03\/2022","novedad":"1","paginas":"431","subtitulo":"","orden":"0","portada":"0","idioma":"cat","editorial":[{"ID":6346,"post_author":"3","post_date":"2022-07-28 17:50:13","post_date_gmt":"2022-07-28 15:50:13","post_content":"","post_title":"RBA Molino","post_excerpt":"","post_status":"publish","comment_status":"closed","ping_status":"closed","post_password":"","post_name":"rba-molino","to_ping":"","pinged":"","post_modified":"2022-07-28 17:50:13","post_modified_gmt":"2022-07-28 15:50:13","post_content_filtered":"","post_parent":0,"guid":"http:\/\/dev.claret.cat\/editorial\/rba-molino\/","menu_order":0,"post_type":"editorial","post_mime_type":"","comment_count":"0","filter":"raw"}],"autores-libros":[{"ID":263668,"post_author":"3","post_date":"2022-12-01 11:19:37","post_date_gmt":"2022-12-01 10:19:37","post_content":"","post_title":"LAUREN MAGAZINER","post_excerpt":"","post_status":"publish","comment_status":"closed","ping_status":"closed","post_password":"","post_name":"lauren-magaziner","to_ping":"","pinged":"","post_modified":"2022-12-01 11:19:37","post_modified_gmt":"2022-12-01 10:19:37","post_content_filtered":"","post_parent":0,"guid":"http:\/\/dev.claret.cat\/autor\/lauren-magaziner\/","menu_order":0,"post_type":"autor","post_mime_type":"","comment_count":"0","filter":"raw"}],"booktrailer":"","resenas":""},"aioseo_notices":[],"_links":{"self":[{"href":"https:\/\/www.claret.cat\/es\/wp-json\/wp\/v2\/product\/268228","targetHints":{"allow":["GET"]}}],"collection":[{"href":"https:\/\/www.claret.cat\/es\/wp-json\/wp\/v2\/product"}],"about":[{"href":"https:\/\/www.claret.cat\/es\/wp-json\/wp\/v2\/types\/product"}],"wp:featuredmedia":[{"embeddable":true,"href":"https:\/\/www.claret.cat\/es\/wp-json\/wp\/v2\/media\/1095116"}],"wp:attachment":[{"href":"https:\/\/www.claret.cat\/es\/wp-json\/wp\/v2\/media?parent=268228"}],"wp:term":[{"taxonomy":"product_brand","embeddable":true,"href":"https:\/\/www.claret.cat\/es\/wp-json\/wp\/v2\/product_brand?post=268228"},{"taxonomy":"product_cat","embeddable":true,"href":"https:\/\/www.claret.cat\/es\/wp-json\/wp\/v2\/product_cat?post=268228"},{"taxonomy":"product_tag","embeddable":true,"href":"https:\/\/www.claret.cat\/es\/wp-json\/wp\/v2\/product_tag?post=268228"}],"curies":[{"name":"wp","href":"https:\/\/api.w.org\/{rel}","templated":true}]}}