{"id":268249,"date":"2022-12-01T13:40:19","date_gmt":"2022-12-01T12:40:19","guid":{"rendered":"http:\/\/dev.claret.cat\/producte\/enola-holmes-enola-holmes-y-el-carruaje-negro\/"},"modified":"2025-04-07T11:59:49","modified_gmt":"2025-04-07T09:59:49","slug":"enola-holmes-enola-holmes-y-el-carruaje-negro-9788427224612","status":"publish","type":"product","link":"https:\/\/www.claret.cat\/es\/libro\/enola-holmes-enola-holmes-y-el-carruaje-negro-9788427224612\/","title":{"rendered":"ENOLA HOLMES &#8211; ENOLA HOLMES Y EL CARRUAJE NEGRO"},"content":{"rendered":"<p>Enola Holmes regresa en su primera aventura tras el \u00e9xito de la  pel\u00edcula de Netflix, que la ha llevado de nuevo a los primeros puestos de las listas de ventas. Enola Holmes es la hermana de Sherlock y Mycroft. Y al igual que ellos,  posee inteligencia, habilidades e inclinaciones detectivescas. Cuando la se\u00f1orita Letitia Glover, una mujer emancipada, acude a  Sherlock para pedirle que averig\u00fce qu\u00e9 ha ocurrido con su hermana gemela, es Enola quien la recibe. Al parecer, y seg\u00fan dice el breve mensaje que ha recibido, su hermana  Felicity, casada con el conde de Dunhench, ha muerto. Pero Letitia  Glover est\u00e1 convencida de que eso no es cierto: si su hermana hubiera  fallecido, lo habr\u00eda  sabido, lo habr\u00eda sentido en su interior.<\/p>\n","protected":false},"excerpt":{"rendered":"<p>SPRINGER, NANCY<\/p>\n","protected":false},"featured_media":453983,"template":"","meta":{"_acf_changed":false,"om_disable_all_campaigns":false,"rs_blank_template":"","rs_page_bg_color":"","slide_template_v7":"","inline_featured_image":false,"_monsterinsights_skip_tracking":false,"_monsterinsights_sitenote_active":false,"_monsterinsights_sitenote_note":"","_monsterinsights_sitenote_category":0},"product_brand":[],"product_cat":[133,566,117,363],"product_tag":[],"class_list":{"0":"post-268249","1":"product","2":"type-product","3":"status-publish","4":"has-post-thumbnail","6":"product_cat-lectures-per-adolescents-12-18-anys","7":"product_cat-juvenil-3_infantil-juvenil-spa-spa","8":"product_cat-juvenil","9":"product_cat-lecturas-por-adolescentes-12-18-anos","11":"first","12":"instock","13":"taxable","14":"shipping-taxable","15":"purchasable","16":"product-type-simple"},"acf":{"autor":"SPRINGER, NANCY","codart":"842722461","libros-coleccion":"FORA DE COL.LECCI\u00d3","ediciones":"1","encuadernacion":"R\u00fastica","fecha_de_publicacion":"01\/02\/2022","novedad":"1","paginas":"253","subtitulo":"","orden":"0","portada":"0","idioma":"spa","editorial":[{"ID":6346,"post_author":"3","post_date":"2022-07-28 17:50:13","post_date_gmt":"2022-07-28 15:50:13","post_content":"","post_title":"RBA Molino","post_excerpt":"","post_status":"publish","comment_status":"closed","ping_status":"closed","post_password":"","post_name":"rba-molino","to_ping":"","pinged":"","post_modified":"2022-07-28 17:50:13","post_modified_gmt":"2022-07-28 15:50:13","post_content_filtered":"","post_parent":0,"guid":"http:\/\/dev.claret.cat\/editorial\/rba-molino\/","menu_order":0,"post_type":"editorial","post_mime_type":"","comment_count":"0","filter":"raw"}],"autores-libros":[{"ID":165615,"post_author":"3","post_date":"2022-10-14 17:56:35","post_date_gmt":"2022-10-14 15:56:35","post_content":"","post_title":"NANCY SPRINGER","post_excerpt":"","post_status":"publish","comment_status":"closed","ping_status":"closed","post_password":"","post_name":"nancy-springer","to_ping":"","pinged":"","post_modified":"2022-10-14 17:56:35","post_modified_gmt":"2022-10-14 15:56:35","post_content_filtered":"","post_parent":0,"guid":"http:\/\/dev.claret.cat\/autor\/nancy-springer\/","menu_order":0,"post_type":"autor","post_mime_type":"","comment_count":"0","filter":"raw"}]},"aioseo_notices":[],"_links":{"self":[{"href":"https:\/\/www.claret.cat\/es\/wp-json\/wp\/v2\/product\/268249","targetHints":{"allow":["GET"]}}],"collection":[{"href":"https:\/\/www.claret.cat\/es\/wp-json\/wp\/v2\/product"}],"about":[{"href":"https:\/\/www.claret.cat\/es\/wp-json\/wp\/v2\/types\/product"}],"wp:featuredmedia":[{"embeddable":true,"href":"https:\/\/www.claret.cat\/es\/wp-json\/wp\/v2\/media\/453983"}],"wp:attachment":[{"href":"https:\/\/www.claret.cat\/es\/wp-json\/wp\/v2\/media?parent=268249"}],"wp:term":[{"taxonomy":"product_brand","embeddable":true,"href":"https:\/\/www.claret.cat\/es\/wp-json\/wp\/v2\/product_brand?post=268249"},{"taxonomy":"product_cat","embeddable":true,"href":"https:\/\/www.claret.cat\/es\/wp-json\/wp\/v2\/product_cat?post=268249"},{"taxonomy":"product_tag","embeddable":true,"href":"https:\/\/www.claret.cat\/es\/wp-json\/wp\/v2\/product_tag?post=268249"}],"curies":[{"name":"wp","href":"https:\/\/api.w.org\/{rel}","templated":true}]}}