{"id":268404,"date":"2022-12-01T13:44:50","date_gmt":"2022-12-01T12:44:50","guid":{"rendered":"http:\/\/dev.claret.cat\/producte\/amanda-black-1-una-herencia-perillosa\/"},"modified":"2026-03-03T10:55:06","modified_gmt":"2026-03-03T09:55:06","slug":"amanda-black-1-una-herencia-perillosa-9788417921309","status":"publish","type":"product","link":"https:\/\/www.claret.cat\/es\/libro\/amanda-black-1-una-herencia-perillosa-9788417921309\/","title":{"rendered":"AMANDA BLACK 1 &#8211; UNA HER\u00c8NCIA PERILLOSA"},"content":{"rendered":"<p>\u00abAmanda Black\u00bb \u00e9s la nova s\u00e8rie per a nens de Juan G\u00f3mez-Jurado i  B\u00e1rbara Montes. Aventures repletes de misteri, acci\u00f3 trepidant i amb un ritme fren\u00e8tic. \u00abTinc tretze anys, i un examen de socials dem\u00e0 que no m&#8221;he preparat gens ni mica. Per\u00f2 aix\u00f2 no \u00e9s el que m&#8221;amo\u00efna m\u00e9s.<br \/>Abans del cap de setmana, el banc ens far\u00e0 fora, a la tieta Paula i a  mi, de la Mansi\u00f3 Black. Aix\u00f2 era el que m\u00e9s m&#8221;amo\u00efnava fins ara fa tres segons.<br \/>La corda amb qu\u00e8 baixava des del pis cent vuitanta de la Torre Dagon  Corp. l&#8221;han tallada.<br \/>Ara mateix caic des de quatre-cents setanta-set metres d&#8221;altura, a una velocitat d&#8221;aproximadament cinquanta-cinc metres per segon.<br \/>Calculo que d&#8221;aqu\u00ed a no gaire menys de nou segons m&#8221;estampar\u00e9 contra  terra.<br \/>Tampoc no \u00e9s aix\u00f2 el que m&#8221;amo\u00efna m\u00e9s.<br \/>El que m\u00e9s m&#8221;amo\u00efna \u00e9s que qui ha tallat la corda \u00e9s el meu millor amic.<br \/>O aix\u00f2 \u00e9s el que jo em pensava fins ara.\u00bb Aix\u00ed arrenca la primera novel\u00b7la de la nova s\u00e8rie middle grade de Juan G\u00f3mez-Jurado i B\u00e1rbara Montes, que narra les aventures d&#8221;Amanda Black, una nena que el mateix dia  que fa tretze anys rep una carta misteriosa que canviar\u00e0 la seva vida. I de quina manera.<\/p>\n","protected":false},"excerpt":{"rendered":"<p>G\u00d3MEZ-JURADO, JUAN \/ MONTES, B\u00c1RBARA<\/p>\n","protected":false},"featured_media":1083093,"template":"","meta":{"_acf_changed":false,"om_disable_all_campaigns":false,"rs_blank_template":"","rs_page_bg_color":"","slide_template_v7":"","inline_featured_image":false,"_monsterinsights_skip_tracking":false,"_monsterinsights_sitenote_active":false,"_monsterinsights_sitenote_note":"","_monsterinsights_sitenote_category":0},"product_brand":[],"product_cat":[132,362],"product_tag":[],"class_list":{"0":"post-268404","1":"product","2":"type-product","3":"status-publish","4":"has-post-thumbnail","6":"product_cat-lectures-per-preadolescents-6-12-anys","7":"product_cat-libros-preadolescentes-6-12-anos","9":"first","10":"instock","11":"taxable","12":"shipping-taxable","13":"purchasable","14":"product-type-simple"},"acf":{"autor":"G\u00d3MEZ-JURADO, JUAN \/ MONTES, B\u00c1RBARA","codart":"841792130","libros-coleccion":"FORA DE COL.LECCI\u00d3","ediciones":"1","encuadernacion":"Carton\u00e9","fecha_de_publicacion":"01\/02\/2021","novedad":"1","paginas":"191","subtitulo":"","orden":"0","portada":"0","idioma":"cat","editorial":[{"ID":294535,"post_author":"3","post_date":"2022-12-12 12:50:10","post_date_gmt":"2022-12-12 11:50:10","post_content":"","post_title":"B de Blok","post_excerpt":"","post_status":"publish","comment_status":"closed","ping_status":"closed","post_password":"","post_name":"b-de-blok","to_ping":"","pinged":"","post_modified":"2022-12-12 12:50:10","post_modified_gmt":"2022-12-12 11:50:10","post_content_filtered":"","post_parent":0,"guid":"http:\/\/dev.claret.cat\/editorial\/b-de-blok\/","menu_order":0,"post_type":"editorial","post_mime_type":"","comment_count":"0","filter":"raw"}],"autores-libros":[{"ID":5678,"post_author":"3","post_date":"2022-07-28 17:29:08","post_date_gmt":"2022-07-28 15:29:08","post_content":"","post_title":"JUAN G\u00d3MEZ-JURADO","post_excerpt":"","post_status":"publish","comment_status":"closed","ping_status":"closed","post_password":"","post_name":"juan-gomez-jurado","to_ping":"","pinged":"","post_modified":"2022-07-28 17:29:08","post_modified_gmt":"2022-07-28 15:29:08","post_content_filtered":"","post_parent":0,"guid":"http:\/\/dev.claret.cat\/autor\/juan-gomez-jurado\/","menu_order":0,"post_type":"autor","post_mime_type":"","comment_count":"0","filter":"raw"},{"ID":5288,"post_author":"3","post_date":"2022-07-28 17:20:49","post_date_gmt":"2022-07-28 15:20:49","post_content":"","post_title":"B\u00c1RBARA MONTES","post_excerpt":"","post_status":"publish","comment_status":"closed","ping_status":"closed","post_password":"","post_name":"barbara-montes","to_ping":"","pinged":"","post_modified":"2022-07-28 17:20:49","post_modified_gmt":"2022-07-28 15:20:49","post_content_filtered":"","post_parent":0,"guid":"http:\/\/dev.claret.cat\/autor\/barbara-montes\/","menu_order":0,"post_type":"autor","post_mime_type":"","comment_count":"0","filter":"raw"}],"booktrailer":"","resenas":""},"aioseo_notices":[],"_links":{"self":[{"href":"https:\/\/www.claret.cat\/es\/wp-json\/wp\/v2\/product\/268404","targetHints":{"allow":["GET"]}}],"collection":[{"href":"https:\/\/www.claret.cat\/es\/wp-json\/wp\/v2\/product"}],"about":[{"href":"https:\/\/www.claret.cat\/es\/wp-json\/wp\/v2\/types\/product"}],"wp:featuredmedia":[{"embeddable":true,"href":"https:\/\/www.claret.cat\/es\/wp-json\/wp\/v2\/media\/1083093"}],"wp:attachment":[{"href":"https:\/\/www.claret.cat\/es\/wp-json\/wp\/v2\/media?parent=268404"}],"wp:term":[{"taxonomy":"product_brand","embeddable":true,"href":"https:\/\/www.claret.cat\/es\/wp-json\/wp\/v2\/product_brand?post=268404"},{"taxonomy":"product_cat","embeddable":true,"href":"https:\/\/www.claret.cat\/es\/wp-json\/wp\/v2\/product_cat?post=268404"},{"taxonomy":"product_tag","embeddable":true,"href":"https:\/\/www.claret.cat\/es\/wp-json\/wp\/v2\/product_tag?post=268404"}],"curies":[{"name":"wp","href":"https:\/\/api.w.org\/{rel}","templated":true}]}}