{"id":268435,"date":"2022-12-01T14:33:41","date_gmt":"2022-12-01T13:33:41","guid":{"rendered":"http:\/\/dev.claret.cat\/producte\/solo-existe-el-presente\/"},"modified":"2023-10-06T07:22:40","modified_gmt":"2023-10-06T05:22:40","slug":"solo-existe-el-presente-9788435091503","status":"publish","type":"product","link":"https:\/\/www.claret.cat\/es\/libro\/solo-existe-el-presente-9788435091503\/","title":{"rendered":"S\u00d3LO EXISTE EL PRESENTE"},"content":{"rendered":"<p>Alan Watts, autor de la obra El camino del zen; es una de las voces m\u00e1s importantes de la espiritualidad y la autoayuda de nuestros tiempos, nos regala aqu\u00ed una colecci\u00f3n de sentencias o aforismos claves, pues sus palabras son sabias, inspiradoras, edificantes e iluminadoras.<\/p>\n<p> En este S\u00f3lo existe el presente, se recogen un tesoro de citas indispensables que servir\u00e1n de gu\u00eda, apoyo y sustento espiritual. Porque nadie como Watts ha sabido compartir su sabidur\u00eda eterna y su filosof\u00eda moral con los lectores, el lector hallar\u00e1 en este libro frases y palabras que le dar\u00e1n inspiraci\u00f3n, conocimiento y crecimiento, y lo ayudar\u00e1n vivir, reflexionar y sentir la paz interior que todos anhelamos.<\/p>\n<p> \u2022 \u00abS\u00f3lo existe el presente, y si alguien no puede vivir all\u00ed, no puede vivir en ninguna parte\u00bb.<\/p>\n<p> \u2022 \u00abPara ver la luz s\u00f3lo es necesario dejar de so\u00f1ar y abrir los ojos\u00bb.<\/p>\n<p> \u2022 \u00abNada que valga la pena se logra sin dificultades\u00bb.<\/p>\n<p> \u2022 \u00abGran parte del secreto de la vida consiste en saber c\u00f3mo re\u00edr, y tambi\u00e9n en c\u00f3mo respirar\u00bb.<\/p>\n<p> El libro incluye ilustraciones del propio autor.<\/p>\n","protected":false},"excerpt":{"rendered":"<p>WATTS, ALAN<\/p>\n","protected":false},"featured_media":307688,"template":"","meta":{"_acf_changed":false,"om_disable_all_campaigns":false,"rs_blank_template":"","rs_page_bg_color":"","slide_template_v7":"","inline_featured_image":false,"_monsterinsights_skip_tracking":false,"_monsterinsights_sitenote_active":false,"_monsterinsights_sitenote_note":"","_monsterinsights_sitenote_category":0},"product_brand":[],"product_cat":[485,544],"product_tag":[],"class_list":{"0":"post-268435","1":"product","2":"type-product","3":"status-publish","4":"has-post-thumbnail","6":"product_cat-autores-espiritualidad-1_espiritualidad","7":"product_cat-religiones","9":"first","10":"instock","11":"taxable","12":"shipping-taxable","13":"purchasable","14":"product-type-simple"},"acf":{"autor":"WATTS, ALAN","codart":"843509150","libros-coleccion":"FORA DE COL.LECCI\u00d3","ediciones":"1","encuadernacion":"Carton\u00e9","fecha_de_publicacion":"01\/11\/2022","novedad":"1","paginas":"128","subtitulo":"","orden":"0","portada":"0","idioma":"spa","autores-libros":[{"ID":149364,"post_author":"3","post_date":"2022-10-14 14:24:16","post_date_gmt":"2022-10-14 12:24:16","post_content":"","post_title":"ALAN WATTS","post_excerpt":"","post_status":"publish","comment_status":"closed","ping_status":"closed","post_password":"","post_name":"alan-watts","to_ping":"","pinged":"","post_modified":"2022-10-14 14:24:16","post_modified_gmt":"2022-10-14 12:24:16","post_content_filtered":"","post_parent":0,"guid":"http:\/\/dev.claret.cat\/autor\/alan-watts\/","menu_order":0,"post_type":"autor","post_mime_type":"","comment_count":"0","filter":"raw"}],"editorial":[{"ID":147773,"post_author":"3","post_date":"2022-10-14 11:53:07","post_date_gmt":"2022-10-14 09:53:07","post_content":"","post_title":"EDHASA","post_excerpt":"","post_status":"publish","comment_status":"closed","ping_status":"closed","post_password":"","post_name":"edhasa","to_ping":"","pinged":"","post_modified":"2022-10-14 11:53:07","post_modified_gmt":"2022-10-14 09:53:07","post_content_filtered":"","post_parent":0,"guid":"http:\/\/dev.claret.cat\/editorial\/edhasa\/","menu_order":0,"post_type":"editorial","post_mime_type":"","comment_count":"0","filter":"raw"}]},"aioseo_notices":[],"_links":{"self":[{"href":"https:\/\/www.claret.cat\/es\/wp-json\/wp\/v2\/product\/268435","targetHints":{"allow":["GET"]}}],"collection":[{"href":"https:\/\/www.claret.cat\/es\/wp-json\/wp\/v2\/product"}],"about":[{"href":"https:\/\/www.claret.cat\/es\/wp-json\/wp\/v2\/types\/product"}],"wp:featuredmedia":[{"embeddable":true,"href":"https:\/\/www.claret.cat\/es\/wp-json\/wp\/v2\/media\/307688"}],"wp:attachment":[{"href":"https:\/\/www.claret.cat\/es\/wp-json\/wp\/v2\/media?parent=268435"}],"wp:term":[{"taxonomy":"product_brand","embeddable":true,"href":"https:\/\/www.claret.cat\/es\/wp-json\/wp\/v2\/product_brand?post=268435"},{"taxonomy":"product_cat","embeddable":true,"href":"https:\/\/www.claret.cat\/es\/wp-json\/wp\/v2\/product_cat?post=268435"},{"taxonomy":"product_tag","embeddable":true,"href":"https:\/\/www.claret.cat\/es\/wp-json\/wp\/v2\/product_tag?post=268435"}],"curies":[{"name":"wp","href":"https:\/\/api.w.org\/{rel}","templated":true}]}}