{"id":268441,"date":"2022-12-01T14:33:52","date_gmt":"2022-12-01T13:33:52","guid":{"rendered":"http:\/\/dev.claret.cat\/producte\/las-guerras-de-putin\/"},"modified":"2023-10-06T06:57:27","modified_gmt":"2023-10-06T04:57:27","slug":"las-guerras-de-putin-9788412496420","status":"publish","type":"product","link":"https:\/\/www.claret.cat\/es\/libro\/las-guerras-de-putin-9788412496420\/","title":{"rendered":"LAS GUERRAS DE PUTIN"},"content":{"rendered":"<p>Mark Galeotti, uno de los mayores expertos en la Rusia contempor\u00e1nea, analiza en este oportuno libro c\u00f3mo Vlad\u00edmir Putin ha remodelado su pa\u00eds a trav\u00e9s de toda la serie de intervenciones militares en que se ha implicado, que incluye la devastadora invasi\u00f3n de Ucrania. Las guerras de Putin dibuja una visi\u00f3n general de los conflictos en los que Rusia se ha visto envuelta desde que Putin se convirtiese en primer ministro, y luego en presidente, desde la Primera Guerra de Chechenia hasta las dos incursiones militares en Georgia, la anexi\u00f3n de Crimea y la eventual invasi\u00f3n de la propia Ucrania. Pero tambi\u00e9n examina de forma m\u00e1s amplia la renovaci\u00f3n del poder<br \/> militar ruso y su evoluci\u00f3n con el fin de incluir una serie de nuevas capacidades,<br \/> que van desde el empleo de mercenarios hasta su implacable guerra de informaci\u00f3n<br \/> contra occidente. Galeotti, con aguda visi\u00f3n estrat\u00e9gica, se\u00f1ala las fortalezas<br \/> y debilidades de un Ej\u00e9rcito ruso rejuvenecido, con sus \u00e9xitos y fracasos en el campo de batalla, y lo salpica de an\u00e9cdotas, instant\u00e1neas personales de los conflictos y una extraordinaria colecci\u00f3n de testimonios de primera mano de oficiales rusos, tanto en activo como retirados. No hay mejor momento para entender c\u00f3mo y por qu\u00e9 Putin<br \/> ha involucrado a sus fuerzas armadas en diversos conflictos durante m\u00e1s de dos d\u00e9cadas, y no hay un autor mejor formado que Galeotti para desmitificar las capacidades del Ej\u00e9rcito ruso y tratar de entrever lo que nos puede deparar el<br \/> futuro. Una historia atractiva e importante acerca del renacimiento de un oso ruso<br \/> decidido a maniobrar para garantizar que Rusia vuelva a ser , como lo fue la URSS<br \/> durante medio siglo, el centro de la escena mundial.<\/p>\n","protected":false},"excerpt":{"rendered":"<p>GALEOTTI, MARK<\/p>\n","protected":false},"featured_media":307418,"template":"","meta":{"_acf_changed":false,"om_disable_all_campaigns":false,"rs_blank_template":"","rs_page_bg_color":"","slide_template_v7":"","inline_featured_image":false,"_monsterinsights_skip_tracking":false,"_monsterinsights_sitenote_active":false,"_monsterinsights_sitenote_note":"","_monsterinsights_sitenote_category":0},"product_brand":[],"product_cat":[429],"product_tag":[],"class_list":{"0":"post-268441","1":"product","2":"type-product","3":"status-publish","4":"has-post-thumbnail","6":"product_cat-el-mundo-actual","8":"first","9":"instock","10":"taxable","11":"shipping-taxable","12":"purchasable","13":"product-type-simple"},"acf":{"autor":"GALEOTTI, MARK","codart":"841249642","libros-coleccion":"FORA DE COL.LECCI\u00d3","ediciones":"1","encuadernacion":"R\u00fastica","fecha_de_publicacion":"01\/11\/2022","novedad":"1","paginas":"349","subtitulo":"DE CHECHENIA A UCRANIA","orden":"0","portada":"0","idioma":"spa","autores-libros":[{"ID":164067,"post_author":"3","post_date":"2022-10-14 17:44:05","post_date_gmt":"2022-10-14 15:44:05","post_content":"","post_title":"MARK GALEOTTI","post_excerpt":"","post_status":"publish","comment_status":"closed","ping_status":"closed","post_password":"","post_name":"mark-galeotti","to_ping":"","pinged":"","post_modified":"2022-10-14 17:44:05","post_modified_gmt":"2022-10-14 15:44:05","post_content_filtered":"","post_parent":0,"guid":"http:\/\/dev.claret.cat\/autor\/mark-galeotti\/","menu_order":0,"post_type":"autor","post_mime_type":"","comment_count":"0","filter":"raw"}],"editorial":[{"ID":6180,"post_author":"3","post_date":"2022-07-28 17:46:37","post_date_gmt":"2022-07-28 15:46:37","post_content":"","post_title":"Desperta Ferro Ediciones","post_excerpt":"","post_status":"publish","comment_status":"closed","ping_status":"closed","post_password":"","post_name":"desperta-ferro-ediciones","to_ping":"","pinged":"","post_modified":"2022-07-28 17:46:37","post_modified_gmt":"2022-07-28 15:46:37","post_content_filtered":"","post_parent":0,"guid":"http:\/\/dev.claret.cat\/editorial\/desperta-ferro-ediciones\/","menu_order":0,"post_type":"editorial","post_mime_type":"","comment_count":"0","filter":"raw"}]},"aioseo_notices":[],"_links":{"self":[{"href":"https:\/\/www.claret.cat\/es\/wp-json\/wp\/v2\/product\/268441","targetHints":{"allow":["GET"]}}],"collection":[{"href":"https:\/\/www.claret.cat\/es\/wp-json\/wp\/v2\/product"}],"about":[{"href":"https:\/\/www.claret.cat\/es\/wp-json\/wp\/v2\/types\/product"}],"wp:featuredmedia":[{"embeddable":true,"href":"https:\/\/www.claret.cat\/es\/wp-json\/wp\/v2\/media\/307418"}],"wp:attachment":[{"href":"https:\/\/www.claret.cat\/es\/wp-json\/wp\/v2\/media?parent=268441"}],"wp:term":[{"taxonomy":"product_brand","embeddable":true,"href":"https:\/\/www.claret.cat\/es\/wp-json\/wp\/v2\/product_brand?post=268441"},{"taxonomy":"product_cat","embeddable":true,"href":"https:\/\/www.claret.cat\/es\/wp-json\/wp\/v2\/product_cat?post=268441"},{"taxonomy":"product_tag","embeddable":true,"href":"https:\/\/www.claret.cat\/es\/wp-json\/wp\/v2\/product_tag?post=268441"}],"curies":[{"name":"wp","href":"https:\/\/api.w.org\/{rel}","templated":true}]}}