{"id":26880,"date":"2022-10-02T10:51:00","date_gmt":"2022-10-02T08:51:00","guid":{"rendered":"http:\/\/dev.claret.cat\/producte\/cocina-madre\/"},"modified":"2023-01-28T10:17:50","modified_gmt":"2023-01-28T09:17:50","slug":"cocina-madre-9788408202189","status":"publish","type":"product","link":"https:\/\/www.claret.cat\/es\/libro\/cocina-madre-9788408202189\/","title":{"rendered":"COCINA MADRE"},"content":{"rendered":"<p>Un libro que re\u00fane la cocina de casa de toda la vida con 80 recetas sencillas para que todo el mundo cocine en casa. La cocina de las madres, de la tradici\u00f3n, puesta al d\u00eda, ligada a un concepto muy emocional, el de la recuperaci\u00f3n y la perpetuaci\u00f3n de los platos m\u00e1s aut\u00e9nticos, del recetario popular. Recetas sin complicaciones ni tecnicismos pero con todo el toque de calidad de Joan Roca. El libro contiene tres tipos de recetas: las de toda la vida, las de nuestras madres; otras como adaptaciones al tipo de cocina actual, con reducci\u00f3n de grasas, por ejemplo; y otras como evoluci\u00f3n de la cocina tradicional pero puestas al d\u00eda, al gusto de hoy. El libro est\u00e1 estructurado con la organizaci\u00f3n cl\u00e1sica de las recetas: entrantes, pescados, carnes, huevos, verduras, dulces. Y contar\u00e1 con una breve introducci\u00f3n a las t\u00e9cnicas fundamentales explicadas de manera muy clara y sin grandes complicaciones. Todo un homenaje a la cocina de nuestras madres.<\/p>\n","protected":false},"excerpt":{"rendered":"<p>ROCA, JOAN \/ BRUGU\u00c9S, SALVADOR<\/p>\n","protected":false},"featured_media":68602,"template":"","meta":{"_acf_changed":false,"om_disable_all_campaigns":false,"rs_blank_template":"","rs_page_bg_color":"","slide_template_v7":"","inline_featured_image":false,"_monsterinsights_skip_tracking":false,"_monsterinsights_sitenote_active":false,"_monsterinsights_sitenote_note":"","_monsterinsights_sitenote_category":0},"product_brand":[],"product_cat":[103],"product_tag":[],"class_list":{"0":"post-26880","1":"product","2":"type-product","3":"status-publish","4":"has-post-thumbnail","6":"product_cat-cuina","8":"first","9":"instock","10":"taxable","11":"shipping-taxable","12":"purchasable","13":"product-type-simple"},"acf":{"autor":"ROCA, JOAN \/ BRUGU\u00c9S, SALVADOR","codart":"840820218","libros-coleccion":"Grandes chefs","ediciones":"1","encuadernacion":"Carton\u00e9","fecha_de_publicacion":"01\/03\/2019","novedad":"1","paginas":"224","subtitulo":"RECETAS SENCILLAS Y TRADICIONALES PARA COCINAR EN CASA","orden":"0","portada":"0","idioma":"spa","editorial":[{"ID":148676,"post_author":"3","post_date":"2022-10-14 12:00:07","post_date_gmt":"2022-10-14 10:00:07","post_content":"","post_title":"Planeta Gastro","post_excerpt":"","post_status":"publish","comment_status":"closed","ping_status":"closed","post_password":"","post_name":"planeta-gastro","to_ping":"","pinged":"","post_modified":"2022-10-14 12:00:07","post_modified_gmt":"2022-10-14 10:00:07","post_content_filtered":"","post_parent":0,"guid":"http:\/\/dev.claret.cat\/editorial\/planeta-gastro\/","menu_order":0,"post_type":"editorial","post_mime_type":"","comment_count":"0","filter":"raw"}],"autores-libros":[{"ID":168839,"post_author":"3","post_date":"2022-10-14 22:22:22","post_date_gmt":"2022-10-14 20:22:22","post_content":"","post_title":"SALVADOR BRUGU\u00c9S","post_excerpt":"","post_status":"publish","comment_status":"closed","ping_status":"closed","post_password":"","post_name":"salvador-brugues","to_ping":"","pinged":"","post_modified":"2022-10-14 22:22:22","post_modified_gmt":"2022-10-14 20:22:22","post_content_filtered":"","post_parent":0,"guid":"http:\/\/dev.claret.cat\/autor\/salvador-brugues\/","menu_order":0,"post_type":"autor","post_mime_type":"","comment_count":"0","filter":"raw"},{"ID":159410,"post_author":"3","post_date":"2022-10-14 15:44:37","post_date_gmt":"2022-10-14 13:44:37","post_content":"","post_title":"JOAN ROCA","post_excerpt":"","post_status":"publish","comment_status":"closed","ping_status":"closed","post_password":"","post_name":"joan-roca","to_ping":"","pinged":"","post_modified":"2022-10-14 15:44:37","post_modified_gmt":"2022-10-14 13:44:37","post_content_filtered":"","post_parent":0,"guid":"http:\/\/dev.claret.cat\/autor\/joan-roca\/","menu_order":0,"post_type":"autor","post_mime_type":"","comment_count":"0","filter":"raw"}]},"aioseo_notices":[],"_links":{"self":[{"href":"https:\/\/www.claret.cat\/es\/wp-json\/wp\/v2\/product\/26880","targetHints":{"allow":["GET"]}}],"collection":[{"href":"https:\/\/www.claret.cat\/es\/wp-json\/wp\/v2\/product"}],"about":[{"href":"https:\/\/www.claret.cat\/es\/wp-json\/wp\/v2\/types\/product"}],"wp:featuredmedia":[{"embeddable":true,"href":"https:\/\/www.claret.cat\/es\/wp-json\/wp\/v2\/media\/68602"}],"wp:attachment":[{"href":"https:\/\/www.claret.cat\/es\/wp-json\/wp\/v2\/media?parent=26880"}],"wp:term":[{"taxonomy":"product_brand","embeddable":true,"href":"https:\/\/www.claret.cat\/es\/wp-json\/wp\/v2\/product_brand?post=26880"},{"taxonomy":"product_cat","embeddable":true,"href":"https:\/\/www.claret.cat\/es\/wp-json\/wp\/v2\/product_cat?post=26880"},{"taxonomy":"product_tag","embeddable":true,"href":"https:\/\/www.claret.cat\/es\/wp-json\/wp\/v2\/product_tag?post=26880"}],"curies":[{"name":"wp","href":"https:\/\/api.w.org\/{rel}","templated":true}]}}