{"id":268854,"date":"2022-12-01T18:23:00","date_gmt":"2022-12-01T17:23:00","guid":{"rendered":"http:\/\/dev.claret.cat\/producte\/la-paraula-al-cor-del-cos\/"},"modified":"2025-10-17T13:10:54","modified_gmt":"2025-10-17T11:10:54","slug":"la-paraula-al-cor-del-cos-9788417796709","status":"publish","type":"product","link":"https:\/\/www.claret.cat\/es\/libro\/la-paraula-al-cor-del-cos-9788417796709\/","title":{"rendered":"LA PARAULA AL COR DEL COS"},"content":{"rendered":"<p>Annick de Souzenelle va decidir un dia oblidar totes les interpretacions reductores, banals i moralistes de la B\u00edblia i rellegir el Llibre sagrat sense sacrificar la intel\u00b7lig\u00e8ncia a l&#8217;altar de la fe, sense tab\u00fas ni aclucalls; llavors el va redescobrir, a la llum de les mil riqueses sem\u00e0ntiques de la llengua hebraica i dels principis fonamentals de la psicologia de les profunditats, i va intentar penetrar-lo com hauria escoltat la veu del seu propi mestre interior. Al mateix temps, restablint el lligam amb la veu reial del mite, es pos\u00e0 a rellegir el m\u00f3n exterior, el cos de l&#8217;Home i els seus s\u00edmbols com un Llibre div\u00ed. A partir d&#8217;aqu\u00ed, comen\u00e7\u00e0 a treballar. <\/p>\n<p> Sense ser sospitosa de segones intencions moralistes, \u00e9s una de les poques dones de fe capa\u00e7 de parlar a tots els que preocupa el pret\u00e8s \u00abretorn amb for\u00e7a del que \u00e9s religi\u00f3s\u00bb amb qu\u00e8 ens inflen el cap, i que sovint s&#8217;assembla m\u00e9s aviat a l&#8217;\u00faltima batalla dels benpensants. Aliena a aquest exotisme espiritua\u00adlista que floreix en el nostre temps, s&#8217;adre\u00e7a tamb\u00e9 als que tenen el pressentiment de la urg\u00e8ncia d&#8217;una renovaci\u00f3 espiritual \u2014o, simplement i humilment, d&#8217;una renovaci\u00f3 humana\u2014, als quals, per\u00f2, desplauen les modes dubtoses que desprenen una flaire d&#8217;irracional i misteri\u00f3s.<\/p>\n","protected":false},"excerpt":{"rendered":"<p>DE SOUZENELLE, ANNICK<\/p>\n","protected":false},"featured_media":985808,"template":"","meta":{"_acf_changed":false,"om_disable_all_campaigns":false,"rs_blank_template":"","rs_page_bg_color":"","slide_template_v7":"","inline_featured_image":false,"_monsterinsights_skip_tracking":false,"_monsterinsights_sitenote_active":false,"_monsterinsights_sitenote_note":"","_monsterinsights_sitenote_category":0},"product_brand":[],"product_cat":[485,232,497,248],"product_tag":[],"class_list":{"0":"post-268854","1":"product","2":"type-product","3":"status-publish","4":"has-post-thumbnail","6":"product_cat-autores-espiritualidad-1_espiritualidad","7":"product_cat-autors-espiritualitat","8":"product_cat-meditaciones","9":"product_cat-meditacions","11":"first","12":"instock","13":"taxable","14":"shipping-taxable","15":"purchasable","16":"product-type-simple"},"acf":{"autor":"DE SOUZENELLE, ANNICK","codart":"841779670","libros-coleccion":"Assaig","ediciones":"1","encuadernacion":"R\u00fastica","fecha_de_publicacion":"01\/10\/2022","novedad":"1","paginas":"286","subtitulo":"CONVERSES AMB JEAN MOUTTAPA","orden":"0","portada":"1","idioma":"cat","editorial":[{"ID":6258,"post_author":"3","post_date":"2022-07-28 17:48:20","post_date_gmt":"2022-07-28 15:48:20","post_content":"","post_title":"FRAGMENTA EDITORIAL","post_excerpt":"","post_status":"publish","comment_status":"closed","ping_status":"closed","post_password":"","post_name":"fragmenta-editorial","to_ping":"","pinged":"","post_modified":"2022-07-28 17:48:20","post_modified_gmt":"2022-07-28 15:48:20","post_content_filtered":"","post_parent":0,"guid":"http:\/\/dev.claret.cat\/editorial\/fragmenta-editorial\/","menu_order":0,"post_type":"editorial","post_mime_type":"","comment_count":"0","filter":"raw"}],"autores-libros":[{"ID":268853,"post_author":"3","post_date":"2022-12-01 18:22:58","post_date_gmt":"2022-12-01 17:22:58","post_content":"","post_title":"ANNICK DE SOUZENELLE","post_excerpt":"","post_status":"publish","comment_status":"closed","ping_status":"closed","post_password":"","post_name":"annick-de-souzenelle-3","to_ping":"","pinged":"","post_modified":"2022-12-01 18:22:58","post_modified_gmt":"2022-12-01 17:22:58","post_content_filtered":"","post_parent":0,"guid":"http:\/\/dev.claret.cat\/autor\/annick-de-souzenelle-3\/","menu_order":0,"post_type":"autor","post_mime_type":"","comment_count":"0","filter":"raw"}],"booktrailer":"","resenas":""},"aioseo_notices":[],"_links":{"self":[{"href":"https:\/\/www.claret.cat\/es\/wp-json\/wp\/v2\/product\/268854","targetHints":{"allow":["GET"]}}],"collection":[{"href":"https:\/\/www.claret.cat\/es\/wp-json\/wp\/v2\/product"}],"about":[{"href":"https:\/\/www.claret.cat\/es\/wp-json\/wp\/v2\/types\/product"}],"wp:featuredmedia":[{"embeddable":true,"href":"https:\/\/www.claret.cat\/es\/wp-json\/wp\/v2\/media\/985808"}],"wp:attachment":[{"href":"https:\/\/www.claret.cat\/es\/wp-json\/wp\/v2\/media?parent=268854"}],"wp:term":[{"taxonomy":"product_brand","embeddable":true,"href":"https:\/\/www.claret.cat\/es\/wp-json\/wp\/v2\/product_brand?post=268854"},{"taxonomy":"product_cat","embeddable":true,"href":"https:\/\/www.claret.cat\/es\/wp-json\/wp\/v2\/product_cat?post=268854"},{"taxonomy":"product_tag","embeddable":true,"href":"https:\/\/www.claret.cat\/es\/wp-json\/wp\/v2\/product_tag?post=268854"}],"curies":[{"name":"wp","href":"https:\/\/api.w.org\/{rel}","templated":true}]}}