{"id":268910,"date":"2022-12-01T18:25:36","date_gmt":"2022-12-01T17:25:36","guid":{"rendered":"http:\/\/dev.claret.cat\/producte\/archivos-lunares\/"},"modified":"2023-10-06T06:46:30","modified_gmt":"2023-10-06T04:46:30","slug":"archivos-lunares-9788418909610","status":"publish","type":"product","link":"https:\/\/www.claret.cat\/es\/libro\/archivos-lunares-9788418909610\/","title":{"rendered":"ARCHIVOS LUNARES"},"content":{"rendered":"<p>Flavita Banana regresa con un nuevo volumen de m\u00e1s de 200 p\u00e1ginas, en el que recopila los mejores chistes que ha dibujado en este \u00faltimo par de a\u00f1os. Un nuevo libro dibujado con su caracter\u00edstico e inconfundible trazo, plagado de mucha risa<br \/> y grandes dosis de verdad.<\/p>\n<p> \u201cFlavita Banana parece que lleva toda la vida en el oficio \u2013comenta Andreu Buenafuente en el pr\u00f3logo a este volumen\u2013. Ese estilo intemporal<br \/> de su trabajo la sit\u00faa fuera de modas y tendencias, le otorga por m\u00e9ritos propios un estatus de \u00fanica, inimitable y me atrever\u00eda a decir que cl\u00e1sica. Podr\u00e1s leer estas colecciones dentro de muchos a\u00f1os y seguir\u00e1s pensando que hablan de ti\u201d.<\/p>\n","protected":false},"excerpt":{"rendered":"<p>FLAVITA BANANA<\/p>\n","protected":false},"featured_media":314610,"template":"","meta":{"_acf_changed":false,"om_disable_all_campaigns":false,"rs_blank_template":"","rs_page_bg_color":"","slide_template_v7":"","inline_featured_image":false,"_monsterinsights_skip_tracking":false,"_monsterinsights_sitenote_active":false,"_monsterinsights_sitenote_note":"","_monsterinsights_sitenote_category":0},"product_brand":[],"product_cat":[558,563],"product_tag":[],"class_list":{"0":"post-268910","1":"product","2":"type-product","3":"status-publish","4":"has-post-thumbnail","6":"product_cat-comic-3_infantil-juvenil-spa-spa","7":"product_cat-humor-grafico","9":"first","10":"instock","11":"taxable","12":"shipping-taxable","13":"purchasable","14":"product-type-simple"},"acf":{"autor":"FLAVITA BANANA","codart":"841890961","libros-coleccion":"FORA DE COL.LECCI\u00d3","ediciones":"1","encuadernacion":"Carton\u00e9","fecha_de_publicacion":"01\/12\/2022","novedad":"1","paginas":"204","subtitulo":"","orden":"0","portada":"0","idioma":"spa","editorial":[{"ID":6130,"post_author":"3","post_date":"2022-07-28 17:45:32","post_date_gmt":"2022-07-28 15:45:32","post_content":"","post_title":"ASTIBERRI EDICIONES","post_excerpt":"","post_status":"publish","comment_status":"closed","ping_status":"closed","post_password":"","post_name":"astiberri-ediciones","to_ping":"","pinged":"","post_modified":"2022-07-28 17:45:32","post_modified_gmt":"2022-07-28 15:45:32","post_content_filtered":"","post_parent":0,"guid":"http:\/\/dev.claret.cat\/editorial\/astiberri-ediciones\/","menu_order":0,"post_type":"editorial","post_mime_type":"","comment_count":"0","filter":"raw"}],"autores-libros":[{"ID":155982,"post_author":"3","post_date":"2022-10-14 15:17:10","post_date_gmt":"2022-10-14 13:17:10","post_content":"","post_title":"FLAVITA BANANA","post_excerpt":"","post_status":"publish","comment_status":"closed","ping_status":"closed","post_password":"","post_name":"flavita-banana-2","to_ping":"","pinged":"","post_modified":"2022-10-14 15:17:10","post_modified_gmt":"2022-10-14 13:17:10","post_content_filtered":"","post_parent":0,"guid":"http:\/\/dev.claret.cat\/autor\/flavita-banana-2\/","menu_order":0,"post_type":"autor","post_mime_type":"","comment_count":"0","filter":"raw"}]},"aioseo_notices":[],"_links":{"self":[{"href":"https:\/\/www.claret.cat\/es\/wp-json\/wp\/v2\/product\/268910","targetHints":{"allow":["GET"]}}],"collection":[{"href":"https:\/\/www.claret.cat\/es\/wp-json\/wp\/v2\/product"}],"about":[{"href":"https:\/\/www.claret.cat\/es\/wp-json\/wp\/v2\/types\/product"}],"wp:featuredmedia":[{"embeddable":true,"href":"https:\/\/www.claret.cat\/es\/wp-json\/wp\/v2\/media\/314610"}],"wp:attachment":[{"href":"https:\/\/www.claret.cat\/es\/wp-json\/wp\/v2\/media?parent=268910"}],"wp:term":[{"taxonomy":"product_brand","embeddable":true,"href":"https:\/\/www.claret.cat\/es\/wp-json\/wp\/v2\/product_brand?post=268910"},{"taxonomy":"product_cat","embeddable":true,"href":"https:\/\/www.claret.cat\/es\/wp-json\/wp\/v2\/product_cat?post=268910"},{"taxonomy":"product_tag","embeddable":true,"href":"https:\/\/www.claret.cat\/es\/wp-json\/wp\/v2\/product_tag?post=268910"}],"curies":[{"name":"wp","href":"https:\/\/api.w.org\/{rel}","templated":true}]}}