{"id":268917,"date":"2022-12-01T18:25:55","date_gmt":"2022-12-01T17:25:55","guid":{"rendered":"http:\/\/dev.claret.cat\/producte\/malas-companias-2\/"},"modified":"2023-10-06T08:05:54","modified_gmt":"2023-10-06T06:05:54","slug":"malas-companias-9788419075703","status":"publish","type":"product","link":"https:\/\/www.claret.cat\/es\/libro\/malas-companias-9788419075703\/","title":{"rendered":"MALAS COMPA\u00d1\u00cdAS"},"content":{"rendered":"<p>Este es un libro sobre la libertad y sobre la verdad. Y ahora ya pod\u00e9is re\u00edr. Pero no os protej\u00e1is en la risa sarc\u00e1stica, permit\u00edos una risa impertinente. La libertad y la verdad son dos formas de impertinencia necesaria, cuando hemos comprendido que no somos realmente libres ni escaparemos nunca del error ni del enga\u00f1o. De esto hablan estos textos, y lo hacen de la mano de diversos autores y personajes que han hecho de su impertinencia una forma de pensamiento. Georg B\u00fcchner nos presenta a Danton y a Robespierre conversando ante la guillotina. Diderot y Sophie Volland escriben su amor en una eternidad sin Cielo. Joaquim Jord\u00e0 filma a sus amigos mientras colectivizan la f\u00e1brica Numax y Teresa de \u00c1vila corta cebollas en la cocina mientras charla con su inquisidor&#8230; El &#8221;Torete&#8221; de Perros callejeros, Christa Leem, Ixiar Rozas o Santiago L\u00f3pez Petit desaf\u00edan la noche. Se a\u00f1aden a ellos Albert Camus, conjurando la mentira, y los muertos de las comedias de Eduardo de Filippo, porque todo est\u00e1 lleno de muertos. Entre ellos y muchos m\u00e1s que recorren estas p\u00e1ginas, destaca la voz de mi abuela, Concepci\u00f3 Rubi\u00e9s i Trias, quien vuelve directamente a nosotros a trav\u00e9s de las cartas que escribi\u00f3 cuando ten\u00eda dieciocho a\u00f1os y se march\u00f3 al exilio. Todas estas voces organizan una cacofon\u00eda que es, para m\u00ed, una fiesta de la inteligencia, en un tiempo en el que se ha hecho muy dif\u00edcil sentir la alegr\u00eda de pensar. Las malas compa\u00f1\u00edas no se escogen, pero se puede decidir seguirlas o no. A m\u00ed, siempre me han llevado por buen camino. Marina Garc\u00e9s<\/p>\n","protected":false},"excerpt":{"rendered":"<p>GARC\u00c9S, MARINA<\/p>\n","protected":false},"featured_media":307553,"template":"","meta":{"_acf_changed":false,"om_disable_all_campaigns":false,"rs_blank_template":"","rs_page_bg_color":"","slide_template_v7":"","inline_featured_image":false,"_monsterinsights_skip_tracking":false,"_monsterinsights_sitenote_active":false,"_monsterinsights_sitenote_note":"","_monsterinsights_sitenote_category":0},"product_brand":[],"product_cat":[373],"product_tag":[],"class_list":{"0":"post-268917","1":"product","2":"type-product","3":"status-publish","4":"has-post-thumbnail","6":"product_cat-autores","8":"first","9":"instock","10":"taxable","11":"shipping-taxable","12":"purchasable","13":"product-type-simple"},"acf":{"autor":"GARC\u00c9S, MARINA","codart":"841907570","libros-coleccion":"Ensayo","ediciones":"1","encuadernacion":"R\u00fastica","fecha_de_publicacion":"01\/09\/2022","novedad":"1","paginas":"200","subtitulo":"","orden":"0","portada":"0","idioma":"spa","editorial":[{"ID":6260,"post_author":"3","post_date":"2022-07-28 17:48:23","post_date_gmt":"2022-07-28 15:48:23","post_content":"","post_title":"Galaxia Gutenberg","post_excerpt":"","post_status":"publish","comment_status":"closed","ping_status":"closed","post_password":"","post_name":"galaxia-gutenberg","to_ping":"","pinged":"","post_modified":"2022-07-28 17:48:23","post_modified_gmt":"2022-07-28 15:48:23","post_content_filtered":"","post_parent":0,"guid":"http:\/\/dev.claret.cat\/editorial\/galaxia-gutenberg\/","menu_order":0,"post_type":"editorial","post_mime_type":"","comment_count":"0","filter":"raw"}],"autores-libros":[{"ID":163936,"post_author":"3","post_date":"2022-10-14 17:43:02","post_date_gmt":"2022-10-14 15:43:02","post_content":"","post_title":"MARINA GARC\u00c9S","post_excerpt":"","post_status":"publish","comment_status":"closed","ping_status":"closed","post_password":"","post_name":"marina-garces","to_ping":"","pinged":"","post_modified":"2022-10-14 17:43:02","post_modified_gmt":"2022-10-14 15:43:02","post_content_filtered":"","post_parent":0,"guid":"http:\/\/dev.claret.cat\/autor\/marina-garces\/","menu_order":0,"post_type":"autor","post_mime_type":"","comment_count":"0","filter":"raw"}]},"aioseo_notices":[],"_links":{"self":[{"href":"https:\/\/www.claret.cat\/es\/wp-json\/wp\/v2\/product\/268917","targetHints":{"allow":["GET"]}}],"collection":[{"href":"https:\/\/www.claret.cat\/es\/wp-json\/wp\/v2\/product"}],"about":[{"href":"https:\/\/www.claret.cat\/es\/wp-json\/wp\/v2\/types\/product"}],"wp:featuredmedia":[{"embeddable":true,"href":"https:\/\/www.claret.cat\/es\/wp-json\/wp\/v2\/media\/307553"}],"wp:attachment":[{"href":"https:\/\/www.claret.cat\/es\/wp-json\/wp\/v2\/media?parent=268917"}],"wp:term":[{"taxonomy":"product_brand","embeddable":true,"href":"https:\/\/www.claret.cat\/es\/wp-json\/wp\/v2\/product_brand?post=268917"},{"taxonomy":"product_cat","embeddable":true,"href":"https:\/\/www.claret.cat\/es\/wp-json\/wp\/v2\/product_cat?post=268917"},{"taxonomy":"product_tag","embeddable":true,"href":"https:\/\/www.claret.cat\/es\/wp-json\/wp\/v2\/product_tag?post=268917"}],"curies":[{"name":"wp","href":"https:\/\/api.w.org\/{rel}","templated":true}]}}