{"id":269057,"date":"2022-12-01T18:37:59","date_gmt":"2022-12-01T17:37:59","guid":{"rendered":"http:\/\/dev.claret.cat\/producte\/el-camino-abierto-por-jesus-mateo\/"},"modified":"2026-02-24T13:00:09","modified_gmt":"2026-02-24T12:00:09","slug":"el-camino-abierto-por-jesus-mateo-9788428822923","status":"publish","type":"product","link":"https:\/\/www.claret.cat\/es\/libro\/el-camino-abierto-por-jesus-mateo-9788428822923\/","title":{"rendered":"EL CAMINO ABIERTO POR JES\u00daS. MATEO"},"content":{"rendered":"<p>Esta obra, que recoge algunos de los muchos comentarios a los textos de los cuatro evangelios publicados por el autor, se titula El camino abierto por Jes\u00fas . Est\u00e1 redactada con la finalidad de ayudar a entrar por la senda abierta por Jes\u00fas, centrando nuestra fe en el seguimiento a su persona. Un libro que nace de la voluntad de recuperar la Buena Noticia de Jes\u00fas para los hombres y mujeres de nuestro tiempo.<br \/>El evangelio de Mateo ha sido el m\u00e1s le\u00eddo y citado desde los primeros siglos. Ha gozado de un prestigio extraordinario y siempre ha ocupado el primer lugar en todas las listas de evangelistas. Se le ha llamado \u00abel gran evangelio\u00bb, pues, a lo largo de sus veintiocho cap\u00edtulos, expone de forma m\u00e1s extensa que ning\u00fan otro la ense\u00f1anza de Jes\u00fas.<\/p>\n","protected":false},"excerpt":{"rendered":"<p>PAGOLA, JOS\u00c9 ANTONIO<\/p>\n","protected":false},"featured_media":337242,"template":"","meta":{"_acf_changed":false,"om_disable_all_campaigns":false,"rs_blank_template":"","rs_page_bg_color":"","slide_template_v7":"","inline_featured_image":false,"_monsterinsights_skip_tracking":false,"_monsterinsights_sitenote_active":false,"_monsterinsights_sitenote_note":"","_monsterinsights_sitenote_category":0},"product_brand":[],"product_cat":[90,540],"product_tag":[],"class_list":{"0":"post-269057","1":"product","2":"type-product","3":"status-publish","4":"has-post-thumbnail","6":"product_cat-altres","7":"product_cat-otros","9":"first","10":"instock","11":"taxable","12":"shipping-taxable","13":"purchasable","14":"product-type-simple"},"acf":{"autor":"PAGOLA, JOS\u00c9 ANTONIO","codart":"842882292","libros-coleccion":"","ediciones":"1","encuadernacion":"R\u00fastica","fecha_de_publicacion":"01\/12\/2010","novedad":"0","paginas":"318","subtitulo":"MATEO - 1","orden":"999","portada":"0","idioma":"spa","editorial":[{"ID":6335,"post_author":"3","post_date":"2022-07-28 17:49:59","post_date_gmt":"2022-07-28 15:49:59","post_content":"","post_title":"PPC altres","post_excerpt":"","post_status":"publish","comment_status":"closed","ping_status":"closed","post_password":"","post_name":"ppc-altres","to_ping":"","pinged":"","post_modified":"2022-07-28 17:49:59","post_modified_gmt":"2022-07-28 15:49:59","post_content_filtered":"","post_parent":0,"guid":"http:\/\/dev.claret.cat\/editorial\/ppc-altres\/","menu_order":0,"post_type":"editorial","post_mime_type":"","comment_count":"0","filter":"raw"}],"autores-libros":[{"ID":166497,"post_author":"3","post_date":"2022-10-14 18:03:44","post_date_gmt":"2022-10-14 16:03:44","post_content":"","post_title":"PAGOLA, JOS\u00c9 ANTONIO","post_excerpt":"","post_status":"publish","comment_status":"closed","ping_status":"closed","post_password":"","post_name":"pagola-jose-antonio","to_ping":"","pinged":"","post_modified":"2022-10-14 18:03:44","post_modified_gmt":"2022-10-14 16:03:44","post_content_filtered":"","post_parent":0,"guid":"http:\/\/dev.claret.cat\/autor\/pagola-jose-antonio\/","menu_order":0,"post_type":"autor","post_mime_type":"","comment_count":"0","filter":"raw"}],"booktrailer":"","resenas":""},"aioseo_notices":[],"_links":{"self":[{"href":"https:\/\/www.claret.cat\/es\/wp-json\/wp\/v2\/product\/269057","targetHints":{"allow":["GET"]}}],"collection":[{"href":"https:\/\/www.claret.cat\/es\/wp-json\/wp\/v2\/product"}],"about":[{"href":"https:\/\/www.claret.cat\/es\/wp-json\/wp\/v2\/types\/product"}],"wp:featuredmedia":[{"embeddable":true,"href":"https:\/\/www.claret.cat\/es\/wp-json\/wp\/v2\/media\/337242"}],"wp:attachment":[{"href":"https:\/\/www.claret.cat\/es\/wp-json\/wp\/v2\/media?parent=269057"}],"wp:term":[{"taxonomy":"product_brand","embeddable":true,"href":"https:\/\/www.claret.cat\/es\/wp-json\/wp\/v2\/product_brand?post=269057"},{"taxonomy":"product_cat","embeddable":true,"href":"https:\/\/www.claret.cat\/es\/wp-json\/wp\/v2\/product_cat?post=269057"},{"taxonomy":"product_tag","embeddable":true,"href":"https:\/\/www.claret.cat\/es\/wp-json\/wp\/v2\/product_tag?post=269057"}],"curies":[{"name":"wp","href":"https:\/\/api.w.org\/{rel}","templated":true}]}}