{"id":269090,"date":"2022-12-01T18:39:34","date_gmt":"2022-12-01T17:39:34","guid":{"rendered":"http:\/\/dev.claret.cat\/producte\/el-honor-de-roma-xx\/"},"modified":"2023-10-06T07:22:42","modified_gmt":"2023-10-06T05:22:42","slug":"el-honor-de-roma-xx-9788435063999","status":"publish","type":"product","link":"https:\/\/www.claret.cat\/es\/libro\/el-honor-de-roma-xx-9788435063999\/","title":{"rendered":"EL HONOR DE ROMA (XX)"},"content":{"rendered":"<p>EL PELIGRO SE ENCUENTRA EN CADA ESQUINA<\/p>\n<p> Corre el a\u00f1o 59 d. C. Han pasado quince a\u00f1os desde que Roma luchara contra los b\u00e1rbaros en Britania. Ahora, es all\u00ed donde marcha a vivir el centuri\u00f3n Macro. La provincia vive tiempos convulsos. En Londinium, el ambiente es amenazador, pero adem\u00e1s las tribus que supuestamente han aceptado el dominio romano se remueven, inquietas.<\/p>\n<p> Reci\u00e9n llegado tras su retiro de las legiones, Macro extra\u00f1a la camarader\u00eda del ej\u00e9rcito y el drama de la batalla. Rateros y matones controlan la ciudad. Y, cuando Macro decide rebelarse, recibir\u00e1 un brutal ataque que le sirve de castigo y advertencia. A partir de entonces, deber\u00e1 hacer uso de su coraje y habilidades para sobrevivir. <\/p>\n<p> Pero esos matones no saben que al golpear a Macro han cometido un error mortal&#8230;, porque los veteranos de Britania se mantienen siempre fieles a los suyos, y Macro pronto tendr\u00e1 un poderoso aliado: el prefecto Cato. Macro y Cato, amigos y legionarios feroces que han luchado a lo largo y ancho de todo el Imperio, forman un equipo formidable. Y luchar\u00e1n hasta la muerte para proteger el honor de Roma.<\/p>\n","protected":false},"excerpt":{"rendered":"<p>SCARROW, SIMON<\/p>\n","protected":false},"featured_media":307686,"template":"","meta":{"_acf_changed":false,"om_disable_all_campaigns":false,"rs_blank_template":"","rs_page_bg_color":"","slide_template_v7":"","inline_featured_image":false,"_monsterinsights_skip_tracking":false,"_monsterinsights_sitenote_active":false,"_monsterinsights_sitenote_note":"","_monsterinsights_sitenote_category":0},"product_brand":[],"product_cat":[360],"product_tag":[],"class_list":{"0":"post-269090","1":"product","2":"type-product","3":"status-publish","4":"has-post-thumbnail","6":"product_cat-novela-historica-y-ficcion","8":"first","9":"instock","10":"taxable","11":"shipping-taxable","12":"purchasable","13":"product-type-simple"},"acf":{"autor":"SCARROW, SIMON","codart":"843506399","libros-coleccion":"Narrativas Hist\u00f3ricas","ediciones":"1","encuadernacion":"Carton\u00e9","fecha_de_publicacion":"01\/11\/2022","novedad":"1","paginas":"0","subtitulo":"","orden":"0","portada":"0","idioma":"spa","editorial":[{"ID":147773,"post_author":"3","post_date":"2022-10-14 11:53:07","post_date_gmt":"2022-10-14 09:53:07","post_content":"","post_title":"EDHASA","post_excerpt":"","post_status":"publish","comment_status":"closed","ping_status":"closed","post_password":"","post_name":"edhasa","to_ping":"","pinged":"","post_modified":"2022-10-14 11:53:07","post_modified_gmt":"2022-10-14 09:53:07","post_content_filtered":"","post_parent":0,"guid":"http:\/\/dev.claret.cat\/editorial\/edhasa\/","menu_order":0,"post_type":"editorial","post_mime_type":"","comment_count":"0","filter":"raw"}],"autores-libros":[{"ID":169556,"post_author":"3","post_date":"2022-10-14 22:28:11","post_date_gmt":"2022-10-14 20:28:11","post_content":"","post_title":"SIMON SCARROW","post_excerpt":"","post_status":"publish","comment_status":"closed","ping_status":"closed","post_password":"","post_name":"simon-scarrow","to_ping":"","pinged":"","post_modified":"2022-10-14 22:28:11","post_modified_gmt":"2022-10-14 20:28:11","post_content_filtered":"","post_parent":0,"guid":"http:\/\/dev.claret.cat\/autor\/simon-scarrow\/","menu_order":0,"post_type":"autor","post_mime_type":"","comment_count":"0","filter":"raw"}]},"aioseo_notices":[],"_links":{"self":[{"href":"https:\/\/www.claret.cat\/es\/wp-json\/wp\/v2\/product\/269090","targetHints":{"allow":["GET"]}}],"collection":[{"href":"https:\/\/www.claret.cat\/es\/wp-json\/wp\/v2\/product"}],"about":[{"href":"https:\/\/www.claret.cat\/es\/wp-json\/wp\/v2\/types\/product"}],"wp:featuredmedia":[{"embeddable":true,"href":"https:\/\/www.claret.cat\/es\/wp-json\/wp\/v2\/media\/307686"}],"wp:attachment":[{"href":"https:\/\/www.claret.cat\/es\/wp-json\/wp\/v2\/media?parent=269090"}],"wp:term":[{"taxonomy":"product_brand","embeddable":true,"href":"https:\/\/www.claret.cat\/es\/wp-json\/wp\/v2\/product_brand?post=269090"},{"taxonomy":"product_cat","embeddable":true,"href":"https:\/\/www.claret.cat\/es\/wp-json\/wp\/v2\/product_cat?post=269090"},{"taxonomy":"product_tag","embeddable":true,"href":"https:\/\/www.claret.cat\/es\/wp-json\/wp\/v2\/product_tag?post=269090"}],"curies":[{"name":"wp","href":"https:\/\/api.w.org\/{rel}","templated":true}]}}