{"id":269145,"date":"2022-12-01T18:41:58","date_gmt":"2022-12-01T17:41:58","guid":{"rendered":"http:\/\/dev.claret.cat\/producte\/que-dijo-y-que-hizo-jesus\/"},"modified":"2025-09-02T10:46:10","modified_gmt":"2025-09-02T08:46:10","slug":"que-dijo-y-que-hizo-jesus-9788482978253","status":"publish","type":"product","link":"https:\/\/www.claret.cat\/es\/libro\/que-dijo-y-que-hizo-jesus-9788482978253\/","title":{"rendered":"QU\u00c9 DIJO Y QUE HIZO JES\u00daS"},"content":{"rendered":"<p>He aqu\u00ed una vida de Jes\u00fas adolescente, joven y adulto destinada a ni\u00f1os.<br \/>Los peque\u00f1os son preguntones por naturaleza. Este libro, bellamente ilustrado, quiere suscitar en los m\u00e1s peque\u00f1os preguntas sobre Jes\u00fas<br \/>y que las hagan a su familia para que as\u00ed puedan conocerlo mejor: \u00bfqu\u00e9 m\u00e1s hizo Jes\u00fas?, \u00bfqu\u00e9 m\u00e1s dijo?,<br \/>\u00bfqu\u00e9 ense\u00f1\u00f3?, \u00bfc\u00f3mo vivi\u00f3?, \u00bfc\u00f3mo muri\u00f3?, \u00bfpor qu\u00e9 los amigos de Jes\u00fas dicen que su vida y su muerte son una Buena Noticia,<br \/>es decir, un \u00abEvangelio\u00bb?<\/p>\n","protected":false},"excerpt":{"rendered":"<p>RICART, IGNASI; RIUS CAMP<\/p>\n","protected":false},"featured_media":387099,"template":"","meta":{"_acf_changed":false,"om_disable_all_campaigns":false,"rs_blank_template":"","rs_page_bg_color":"","slide_template_v7":"","inline_featured_image":false,"_monsterinsights_skip_tracking":false,"_monsterinsights_sitenote_active":false,"_monsterinsights_sitenote_note":"","_monsterinsights_sitenote_category":0},"product_brand":[],"product_cat":[90,581,540],"product_tag":[],"class_list":{"0":"post-269145","1":"product","2":"type-product","3":"status-publish","4":"has-post-thumbnail","6":"product_cat-altres","7":"product_cat-editorial-claret","8":"product_cat-otros","10":"first","11":"instock","12":"taxable","13":"shipping-taxable","14":"purchasable","15":"product-type-simple"},"acf":{"autor":"RICART, IGNASI; RIUS CAMP","codart":"848297825","libros-coleccion":"","ediciones":"1","encuadernacion":"R\u00fastica","fecha_de_publicacion":"20\/06\/2006","novedad":"0","paginas":"64","subtitulo":"UN LIBRO ILUSTRADO DE HISTORIAS B\u00cdBLICAS PARA MIRAR, LEER I NARRAR","orden":"999","portada":"0","idioma":"spa","editorial":[{"ID":6158,"post_author":"3","post_date":"2022-07-28 17:46:08","post_date_gmt":"2022-07-28 15:46:08","post_content":"","post_title":"CLARET","post_excerpt":"","post_status":"publish","comment_status":"closed","ping_status":"closed","post_password":"","post_name":"claret","to_ping":"","pinged":"","post_modified":"2022-07-28 17:46:08","post_modified_gmt":"2022-07-28 15:46:08","post_content_filtered":"","post_parent":0,"guid":"http:\/\/dev.claret.cat\/editorial\/claret\/","menu_order":0,"post_type":"editorial","post_mime_type":"","comment_count":"0","filter":"raw"}],"autores-libros":[{"ID":269144,"post_author":"3","post_date":"2022-12-01 18:41:56","post_date_gmt":"2022-12-01 17:41:56","post_content":"","post_title":"MARIA RIUS CAMPS","post_excerpt":"","post_status":"publish","comment_status":"closed","ping_status":"closed","post_password":"","post_name":"maria-rius-camps","to_ping":"","pinged":"","post_modified":"2022-12-01 18:41:56","post_modified_gmt":"2022-12-01 17:41:56","post_content_filtered":"","post_parent":0,"guid":"http:\/\/dev.claret.cat\/autor\/maria-rius-camps\/","menu_order":0,"post_type":"autor","post_mime_type":"","comment_count":"0","filter":"raw"},{"ID":157807,"post_author":"3","post_date":"2022-10-14 15:31:48","post_date_gmt":"2022-10-14 13:31:48","post_content":"","post_title":"IGNASI RICART","post_excerpt":"","post_status":"publish","comment_status":"closed","ping_status":"closed","post_password":"","post_name":"ignasi-ricart","to_ping":"","pinged":"","post_modified":"2022-10-14 15:31:48","post_modified_gmt":"2022-10-14 13:31:48","post_content_filtered":"","post_parent":0,"guid":"http:\/\/dev.claret.cat\/autor\/ignasi-ricart\/","menu_order":0,"post_type":"autor","post_mime_type":"","comment_count":"0","filter":"raw"}],"booktrailer":"","resenas":""},"aioseo_notices":[],"_links":{"self":[{"href":"https:\/\/www.claret.cat\/es\/wp-json\/wp\/v2\/product\/269145","targetHints":{"allow":["GET"]}}],"collection":[{"href":"https:\/\/www.claret.cat\/es\/wp-json\/wp\/v2\/product"}],"about":[{"href":"https:\/\/www.claret.cat\/es\/wp-json\/wp\/v2\/types\/product"}],"wp:featuredmedia":[{"embeddable":true,"href":"https:\/\/www.claret.cat\/es\/wp-json\/wp\/v2\/media\/387099"}],"wp:attachment":[{"href":"https:\/\/www.claret.cat\/es\/wp-json\/wp\/v2\/media?parent=269145"}],"wp:term":[{"taxonomy":"product_brand","embeddable":true,"href":"https:\/\/www.claret.cat\/es\/wp-json\/wp\/v2\/product_brand?post=269145"},{"taxonomy":"product_cat","embeddable":true,"href":"https:\/\/www.claret.cat\/es\/wp-json\/wp\/v2\/product_cat?post=269145"},{"taxonomy":"product_tag","embeddable":true,"href":"https:\/\/www.claret.cat\/es\/wp-json\/wp\/v2\/product_tag?post=269145"}],"curies":[{"name":"wp","href":"https:\/\/api.w.org\/{rel}","templated":true}]}}