{"id":269308,"date":"2022-12-02T00:38:13","date_gmt":"2022-12-01T23:38:13","guid":{"rendered":"http:\/\/dev.claret.cat\/producte\/cervell-i-transcendencia\/"},"modified":"2024-09-02T16:46:02","modified_gmt":"2024-09-02T14:46:02","slug":"cervell-i-transcendencia-9788492416431","status":"publish","type":"product","link":"https:\/\/www.claret.cat\/es\/libro\/cervell-i-transcendencia-9788492416431\/","title":{"rendered":"CERVELL I TRANSCEND\u00c8NCIA"},"content":{"rendered":"<p>L&#8217;\u00e9sser hum\u00e0, a difer\u00e8ncia dels primats del seu entorn evolutiu, disposa d&#8217;un cervell i una ment amb unes capacitats que van molt m\u00e9s enll\u00e0 dels estereotips de superviv\u00e8ncia. Els humans presentem obsessivament activitats de luxe: la cerca de la bellesa, l&#8217;inter\u00e8s per l&#8217;\u00e8tica, l&#8217;organitzaci\u00f3 d&#8217;activitats de lleure, el desplegament d&#8217;accions simb\u00f2liques&#8230; Ramon M. Nogu\u00e9s anomena amb el terme transcend\u00e8ncia aquesta mena d&#8217;activitats no orientades a la superviv\u00e8ncia. La transcend\u00e8ncia no \u00e9s, doncs, solament religiosa, sin\u00f3 que impregna tota la vida humana i discorre per l&#8217;est\u00e8tica, l&#8217;\u00e8tica, la religi\u00f3, el nacionalisme, la passi\u00f3 amorosa, la paraula i el s\u00edmbol.<\/p>\n<p>A Cervell i transcend\u00e8ncia, l&#8217;autor estudia detalladament -i, sovint, pol\u00e8micament- q\u00fcestions com ara la singularitat humana, l&#8217;emerg\u00e8ncia del jo, el brodat del m\u00f3n mental, la trama fina de la transcend\u00e8ncia, les seves modalitats i configuracions (religions, savieses i espiritualitats)&#8230; La transcend\u00e8ncia \u00e9s analitzada no com un fenomen del m\u00f3n mental que nom\u00e9s s&#8217;expressaria descompensadament en el m\u00f3n religi\u00f3s, sin\u00f3 com una constant de la ment humana que necessita precisament ser atesa en marcs d&#8217;orientaci\u00f3 ben conreats a fi de mantenir adequadament l&#8217;estabilitat de l&#8217;original psiquisme hum\u00e0.<\/p>\n","protected":false},"excerpt":{"rendered":"<p>NOGU\u00c9S CARULLA, RAMON M.<\/p>\n","protected":false},"featured_media":269334,"template":"","meta":{"_acf_changed":false,"om_disable_all_campaigns":false,"rs_blank_template":"","rs_page_bg_color":"","slide_template_v7":"","inline_featured_image":false,"_monsterinsights_skip_tracking":false,"_monsterinsights_sitenote_active":false,"_monsterinsights_sitenote_note":"","_monsterinsights_sitenote_category":0},"product_brand":[],"product_cat":[90,540],"product_tag":[],"class_list":{"0":"post-269308","1":"product","2":"type-product","3":"status-publish","4":"has-post-thumbnail","6":"product_cat-altres","7":"product_cat-otros","9":"first","10":"instock","11":"taxable","12":"shipping-taxable","13":"purchasable","14":"product-type-simple"},"acf":{"autor":"NOGU\u00c9S CARULLA, RAMON M.","codart":"849241643","libros-coleccion":"","ediciones":"1","encuadernacion":"R\u00fastica","fecha_de_publicacion":"01\/05\/2011","novedad":"0","paginas":"256","subtitulo":"","orden":"999","portada":"0","idioma":"cat","editorial":[{"ID":6258,"post_author":"3","post_date":"2022-07-28 17:48:20","post_date_gmt":"2022-07-28 15:48:20","post_content":"","post_title":"FRAGMENTA EDITORIAL","post_excerpt":"","post_status":"publish","comment_status":"closed","ping_status":"closed","post_password":"","post_name":"fragmenta-editorial","to_ping":"","pinged":"","post_modified":"2022-07-28 17:48:20","post_modified_gmt":"2022-07-28 15:48:20","post_content_filtered":"","post_parent":0,"guid":"http:\/\/dev.claret.cat\/editorial\/fragmenta-editorial\/","menu_order":0,"post_type":"editorial","post_mime_type":"","comment_count":"0","filter":"raw"}],"autores-libros":[{"ID":167730,"post_author":"3","post_date":"2022-10-14 18:13:33","post_date_gmt":"2022-10-14 16:13:33","post_content":"","post_title":"RAMON M. NOGU\u00c9S","post_excerpt":"","post_status":"publish","comment_status":"closed","ping_status":"closed","post_password":"","post_name":"ramon-m-nogues","to_ping":"","pinged":"","post_modified":"2022-10-14 18:13:33","post_modified_gmt":"2022-10-14 16:13:33","post_content_filtered":"","post_parent":0,"guid":"http:\/\/dev.claret.cat\/autor\/ramon-m-nogues\/","menu_order":0,"post_type":"autor","post_mime_type":"","comment_count":"0","filter":"raw"}]},"aioseo_notices":[],"_links":{"self":[{"href":"https:\/\/www.claret.cat\/es\/wp-json\/wp\/v2\/product\/269308","targetHints":{"allow":["GET"]}}],"collection":[{"href":"https:\/\/www.claret.cat\/es\/wp-json\/wp\/v2\/product"}],"about":[{"href":"https:\/\/www.claret.cat\/es\/wp-json\/wp\/v2\/types\/product"}],"wp:featuredmedia":[{"embeddable":true,"href":"https:\/\/www.claret.cat\/es\/wp-json\/wp\/v2\/media\/269334"}],"wp:attachment":[{"href":"https:\/\/www.claret.cat\/es\/wp-json\/wp\/v2\/media?parent=269308"}],"wp:term":[{"taxonomy":"product_brand","embeddable":true,"href":"https:\/\/www.claret.cat\/es\/wp-json\/wp\/v2\/product_brand?post=269308"},{"taxonomy":"product_cat","embeddable":true,"href":"https:\/\/www.claret.cat\/es\/wp-json\/wp\/v2\/product_cat?post=269308"},{"taxonomy":"product_tag","embeddable":true,"href":"https:\/\/www.claret.cat\/es\/wp-json\/wp\/v2\/product_tag?post=269308"}],"curies":[{"name":"wp","href":"https:\/\/api.w.org\/{rel}","templated":true}]}}