{"id":26943,"date":"2022-10-02T10:52:00","date_gmt":"2022-10-02T08:52:00","guid":{"rendered":"http:\/\/dev.claret.cat\/producte\/corea-1\/"},"modified":"2023-01-28T03:34:01","modified_gmt":"2023-01-28T02:34:01","slug":"corea-1-9788408204497","status":"publish","type":"product","link":"https:\/\/www.claret.cat\/es\/libro\/corea-1-9788408204497\/","title":{"rendered":"COREA 1"},"content":{"rendered":"<p>Dividida por una frontera en constante riesgo de conflicto, la pen\u00ednsula de Corea ofrece al viajero una inmensa variedad de experiencias, hermosos paisajes y 5000 a\u00f1os de cultura e historia. Los modales exquisitos desempe\u00f1an un papel crucial en la generosidad de los coreanos con los forasteros, y su natural gentileza posee una cualidad enternecedora. La amabilidad se prodiga en el pa\u00eds, ya sea en una oficina de turismo, al preguntar una direcci\u00f3n o conversando con cualquiera. Los principios confucianos han forjado un acendrado civismo en una sociedad que quiz\u00e1 sea introspectiva, pero tambi\u00e9n decorosa y optimista. Aunque se recorran paisajes maravillosos o se oteen mares deslumbrantes, la mitad de las experiencias del viaje tendr\u00e1n que ver con la gente, y es un placer estar entre coreanos.<\/p>\n","protected":false},"excerpt":{"rendered":"<p>HARPER, DAMIAN \/ O&#8217;MALLEY, THOMAS \/ TANG, PHILLIP \/ WHYTE, ROB \/ MORGAN, MASOV<\/p>\n","protected":false},"featured_media":68020,"template":"","meta":{"_acf_changed":false,"om_disable_all_campaigns":false,"rs_blank_template":"","rs_page_bg_color":"","slide_template_v7":"","inline_featured_image":false,"_monsterinsights_skip_tracking":false,"_monsterinsights_sitenote_active":false,"_monsterinsights_sitenote_note":"","_monsterinsights_sitenote_category":0},"product_brand":[],"product_cat":[107],"product_tag":[],"class_list":{"0":"post-26943","1":"product","2":"type-product","3":"status-publish","4":"has-post-thumbnail","6":"product_cat-guies-de-viatge","8":"first","9":"instock","10":"taxable","11":"shipping-taxable","12":"purchasable","13":"product-type-simple"},"acf":{"autor":"HARPER, DAMIAN \/ O'MALLEY, THOMAS \/ TANG, PHILLIP \/ WHYTE, ROB \/ MORGAN, MASOV","codart":"840820449","libros-coleccion":"GU\u00cdAS DE PAIS","ediciones":"1","encuadernacion":"R\u00fastica","fecha_de_publicacion":"01\/06\/2019","novedad":"1","paginas":"426","subtitulo":"","orden":"0","portada":"0","idioma":"spa","editorial":[{"ID":148207,"post_author":"3","post_date":"2022-10-14 11:56:28","post_date_gmt":"2022-10-14 09:56:28","post_content":"","post_title":"GeoPlaneta","post_excerpt":"","post_status":"publish","comment_status":"closed","ping_status":"closed","post_password":"","post_name":"geoplaneta","to_ping":"","pinged":"","post_modified":"2022-10-14 11:56:28","post_modified_gmt":"2022-10-14 09:56:28","post_content_filtered":"","post_parent":0,"guid":"http:\/\/dev.claret.cat\/editorial\/geoplaneta\/","menu_order":0,"post_type":"editorial","post_mime_type":"","comment_count":"0","filter":"raw"}],"autores-libros":[{"ID":167214,"post_author":"3","post_date":"2022-10-14 18:09:26","post_date_gmt":"2022-10-14 16:09:26","post_content":"","post_title":"PHILLIP TANG","post_excerpt":"","post_status":"publish","comment_status":"closed","ping_status":"closed","post_password":"","post_name":"phillip-tang","to_ping":"","pinged":"","post_modified":"2022-10-14 18:09:26","post_modified_gmt":"2022-10-14 16:09:26","post_content_filtered":"","post_parent":0,"guid":"http:\/\/dev.claret.cat\/autor\/phillip-tang\/","menu_order":0,"post_type":"autor","post_mime_type":"","comment_count":"0","filter":"raw"},{"ID":153497,"post_author":"3","post_date":"2022-10-14 14:57:14","post_date_gmt":"2022-10-14 12:57:14","post_content":"","post_title":"DAMIAN HARPER","post_excerpt":"","post_status":"publish","comment_status":"closed","ping_status":"closed","post_password":"","post_name":"damian-harper","to_ping":"","pinged":"","post_modified":"2022-10-14 14:57:14","post_modified_gmt":"2022-10-14 12:57:14","post_content_filtered":"","post_parent":0,"guid":"http:\/\/dev.claret.cat\/autor\/damian-harper\/","menu_order":0,"post_type":"autor","post_mime_type":"","comment_count":"0","filter":"raw"},{"ID":170353,"post_author":"3","post_date":"2022-10-14 22:34:38","post_date_gmt":"2022-10-14 20:34:38","post_content":"","post_title":"THOMAS O\u00b4MALLEY","post_excerpt":"","post_status":"publish","comment_status":"closed","ping_status":"closed","post_password":"","post_name":"thomas-omalley","to_ping":"","pinged":"","post_modified":"2022-10-14 22:34:38","post_modified_gmt":"2022-10-14 20:34:38","post_content_filtered":"","post_parent":0,"guid":"http:\/\/dev.claret.cat\/autor\/thomas-omalley\/","menu_order":0,"post_type":"autor","post_mime_type":"","comment_count":"0","filter":"raw"},{"ID":168171,"post_author":"3","post_date":"2022-10-14 18:17:06","post_date_gmt":"2022-10-14 16:17:06","post_content":"","post_title":"ROB WHYTE","post_excerpt":"","post_status":"publish","comment_status":"closed","ping_status":"closed","post_password":"","post_name":"rob-whyte","to_ping":"","pinged":"","post_modified":"2022-10-14 18:17:06","post_modified_gmt":"2022-10-14 16:17:06","post_content_filtered":"","post_parent":0,"guid":"http:\/\/dev.claret.cat\/autor\/rob-whyte\/","menu_order":0,"post_type":"autor","post_mime_type":"","comment_count":"0","filter":"raw"},{"ID":164401,"post_author":"3","post_date":"2022-10-14 17:46:46","post_date_gmt":"2022-10-14 15:46:46","post_content":"","post_title":"MASOV MORGAN","post_excerpt":"","post_status":"publish","comment_status":"closed","ping_status":"closed","post_password":"","post_name":"masov-morgan","to_ping":"","pinged":"","post_modified":"2022-10-14 17:46:46","post_modified_gmt":"2022-10-14 15:46:46","post_content_filtered":"","post_parent":0,"guid":"http:\/\/dev.claret.cat\/autor\/masov-morgan\/","menu_order":0,"post_type":"autor","post_mime_type":"","comment_count":"0","filter":"raw"}]},"aioseo_notices":[],"_links":{"self":[{"href":"https:\/\/www.claret.cat\/es\/wp-json\/wp\/v2\/product\/26943","targetHints":{"allow":["GET"]}}],"collection":[{"href":"https:\/\/www.claret.cat\/es\/wp-json\/wp\/v2\/product"}],"about":[{"href":"https:\/\/www.claret.cat\/es\/wp-json\/wp\/v2\/types\/product"}],"wp:featuredmedia":[{"embeddable":true,"href":"https:\/\/www.claret.cat\/es\/wp-json\/wp\/v2\/media\/68020"}],"wp:attachment":[{"href":"https:\/\/www.claret.cat\/es\/wp-json\/wp\/v2\/media?parent=26943"}],"wp:term":[{"taxonomy":"product_brand","embeddable":true,"href":"https:\/\/www.claret.cat\/es\/wp-json\/wp\/v2\/product_brand?post=26943"},{"taxonomy":"product_cat","embeddable":true,"href":"https:\/\/www.claret.cat\/es\/wp-json\/wp\/v2\/product_cat?post=26943"},{"taxonomy":"product_tag","embeddable":true,"href":"https:\/\/www.claret.cat\/es\/wp-json\/wp\/v2\/product_tag?post=26943"}],"curies":[{"name":"wp","href":"https:\/\/api.w.org\/{rel}","templated":true}]}}