{"id":269449,"date":"2022-12-02T11:30:04","date_gmt":"2022-12-02T10:30:04","guid":{"rendered":"http:\/\/dev.claret.cat\/producte\/los-puentes-de-madison-county\/"},"modified":"2025-01-31T23:07:58","modified_gmt":"2025-01-31T22:07:58","slug":"los-puentes-de-madison-county-9788417978228","status":"publish","type":"product","link":"https:\/\/www.claret.cat\/es\/libro\/los-puentes-de-madison-county-9788417978228\/","title":{"rendered":"LOS PUENTES DE MADISON COUNTY"},"content":{"rendered":"<p>Fueron apenas cuatro d\u00edas <br \/> pero ellos se amaron hasta la muerte.<\/p>\n<p> La pl\u00e1cida existencia de Francesca, casada y con dos hijos, se ve completamente sacudida por la llegada de Robert Kincaid, un fot\u00f3grafo n\u00f3mada, libre y generoso, que transforma en ternura toda su energ\u00eda. El destino los une inexorablemente, cuando ambos se encuentran en el oto\u00f1o de sus vidas. Su amor, corto como una tarde madura, fue sin embargo tan profundo como las ra\u00edces de un \u00e1rbol. Sus cenizas se encuentran esparcidas muy cerca de los puentes de Madison. Y as\u00ed, en apenas doscientas p\u00e1ginas, Robert James Waller nos devuelve el gusto de saber que la pasi\u00f3n no tiene edad.<\/p>\n<p> La historia de amor que protagonizaron <br \/> Meryl Streep y Clean Eastwood <br \/> en la gran pantalla<\/p>\n","protected":false},"excerpt":{"rendered":"<p>WALLER, ROBERT JAMES<\/p>\n","protected":false},"featured_media":307495,"template":"","meta":{"_acf_changed":false,"om_disable_all_campaigns":false,"rs_blank_template":"","rs_page_bg_color":"","slide_template_v7":"","inline_featured_image":false,"_monsterinsights_skip_tracking":false,"_monsterinsights_sitenote_active":false,"_monsterinsights_sitenote_note":"","_monsterinsights_sitenote_category":0},"product_brand":[],"product_cat":[90,540],"product_tag":[],"class_list":{"0":"post-269449","1":"product","2":"type-product","3":"status-publish","4":"has-post-thumbnail","6":"product_cat-altres","7":"product_cat-otros","9":"first","10":"instock","11":"taxable","12":"shipping-taxable","13":"purchasable","14":"product-type-simple"},"acf":{"autor":"WALLER, ROBERT JAMES","codart":"841797822","libros-coleccion":"Navona_Ficciones","ediciones":"1","encuadernacion":"Carton\u00e9","fecha_de_publicacion":"01\/11\/2019","novedad":"1","paginas":"208","subtitulo":"","orden":"0","portada":"0","idioma":"spa","editorial":[{"ID":6313,"post_author":"3","post_date":"2022-07-28 17:49:30","post_date_gmt":"2022-07-28 15:49:30","post_content":"","post_title":"Navona Editorial","post_excerpt":"","post_status":"publish","comment_status":"closed","ping_status":"closed","post_password":"","post_name":"navona-editorial","to_ping":"","pinged":"","post_modified":"2022-07-28 17:49:30","post_modified_gmt":"2022-07-28 15:49:30","post_content_filtered":"","post_parent":0,"guid":"http:\/\/dev.claret.cat\/editorial\/navona-editorial\/","menu_order":0,"post_type":"editorial","post_mime_type":"","comment_count":"0","filter":"raw"}],"autores-libros":[{"ID":269448,"post_author":"3","post_date":"2022-12-02 11:30:02","post_date_gmt":"2022-12-02 10:30:02","post_content":"","post_title":"ROBERT JAMES WALLER","post_excerpt":"","post_status":"publish","comment_status":"closed","ping_status":"closed","post_password":"","post_name":"robert-james-waller","to_ping":"","pinged":"","post_modified":"2022-12-02 11:30:02","post_modified_gmt":"2022-12-02 10:30:02","post_content_filtered":"","post_parent":0,"guid":"http:\/\/dev.claret.cat\/autor\/robert-james-waller\/","menu_order":0,"post_type":"autor","post_mime_type":"","comment_count":"0","filter":"raw"}]},"aioseo_notices":[],"_links":{"self":[{"href":"https:\/\/www.claret.cat\/es\/wp-json\/wp\/v2\/product\/269449","targetHints":{"allow":["GET"]}}],"collection":[{"href":"https:\/\/www.claret.cat\/es\/wp-json\/wp\/v2\/product"}],"about":[{"href":"https:\/\/www.claret.cat\/es\/wp-json\/wp\/v2\/types\/product"}],"wp:featuredmedia":[{"embeddable":true,"href":"https:\/\/www.claret.cat\/es\/wp-json\/wp\/v2\/media\/307495"}],"wp:attachment":[{"href":"https:\/\/www.claret.cat\/es\/wp-json\/wp\/v2\/media?parent=269449"}],"wp:term":[{"taxonomy":"product_brand","embeddable":true,"href":"https:\/\/www.claret.cat\/es\/wp-json\/wp\/v2\/product_brand?post=269449"},{"taxonomy":"product_cat","embeddable":true,"href":"https:\/\/www.claret.cat\/es\/wp-json\/wp\/v2\/product_cat?post=269449"},{"taxonomy":"product_tag","embeddable":true,"href":"https:\/\/www.claret.cat\/es\/wp-json\/wp\/v2\/product_tag?post=269449"}],"curies":[{"name":"wp","href":"https:\/\/api.w.org\/{rel}","templated":true}]}}