{"id":269602,"date":"2022-12-02T14:03:12","date_gmt":"2022-12-02T13:03:12","guid":{"rendered":"http:\/\/dev.claret.cat\/producte\/les-5-grans-religions\/"},"modified":"2025-09-09T16:50:11","modified_gmt":"2025-09-09T14:50:11","slug":"les-5-grans-religions-9789350105191","status":"publish","type":"product","link":"https:\/\/www.claret.cat\/es\/libro\/les-5-grans-religions-9789350105191\/","title":{"rendered":"LES 5 GRANS RELIG\u00cdONS"},"content":{"rendered":"<p>Hi ha 4 modelitats de joc. Podem jugar fins a 4 jugadors i ,si s\u00f3n m\u00e9s , es poden fer parelles.<br \/>1-Joc de mem\u00f2ria. Recorda el lloc de les cartes per aparella-les.<br \/>2-Desaparellat .Fer el m\u00e0xim de parelles  i no quedar-se amb la carta desaparellada.<br \/>3-Fam\u00edlies de religions: Hinduisme Budismes , Judaisme,Cristianisme i Islam.<br \/>3-Fam\u00edlies d&#8217;Exoressi\u00f3 de Fe:Festes, llibres, llocs de culta, ministres de culte, sagrat i s\u00edmbol.<\/p>\n<p>El joc cont\u00e9<br \/>30 carets de Religions<br \/>30 cartes d&#8217;expresi\u00f3 de Fe <br \/>1 carta de definicions <br \/>1 follet\u00f3 d&#8217;instruccions<\/p>\n","protected":false},"excerpt":{"rendered":"<p>CLAVERAS PEREZ, MONTSERRAT<\/p>\n","protected":false},"featured_media":390803,"template":"","meta":{"_acf_changed":false,"om_disable_all_campaigns":false,"rs_blank_template":"","rs_page_bg_color":"","slide_template_v7":"","inline_featured_image":false,"_monsterinsights_skip_tracking":false,"_monsterinsights_sitenote_active":false,"_monsterinsights_sitenote_note":"","_monsterinsights_sitenote_category":0},"product_brand":[],"product_cat":[219,478,230,391,216,475],"product_tag":[],"class_list":{"0":"post-269602","1":"product","2":"type-product","3":"status-publish","4":"has-post-thumbnail","6":"product_cat-infantil-catequesi","7":"product_cat-infantil-catequesis-1_espiritualidad","8":"product_cat-jocs-cancons-i-dances","9":"product_cat-juegos-canciones-y-danzas","10":"product_cat-primera-comunio-catequesi-1_espiritualitat","11":"product_cat-primera-comunion","13":"first","14":"instock","15":"taxable","16":"shipping-taxable","17":"purchasable","18":"product-type-simple"},"acf":{"autor":"CLAVERAS PEREZ, MONTSERRAT","codart":"935010519","libros-coleccion":"","ediciones":"1","encuadernacion":"R\u00fastica","fecha_de_publicacion":"02\/12\/2022","novedad":"1","paginas":"1","subtitulo":"","orden":"0","portada":"0","idioma":"cat","editorial":[{"ID":6134,"post_author":"3","post_date":"2022-07-28 17:45:37","post_date_gmt":"2022-07-28 15:45:37","post_content":"","post_title":"AUTOR - EDITOR","post_excerpt":"","post_status":"publish","comment_status":"closed","ping_status":"closed","post_password":"","post_name":"autor-editor","to_ping":"","pinged":"","post_modified":"2022-07-28 17:45:37","post_modified_gmt":"2022-07-28 15:45:37","post_content_filtered":"","post_parent":0,"guid":"http:\/\/dev.claret.cat\/editorial\/autor-editor\/","menu_order":0,"post_type":"editorial","post_mime_type":"","comment_count":"0","filter":"raw"}],"autores-libros":[{"ID":5871,"post_author":"3","post_date":"2022-07-28 17:33:17","post_date_gmt":"2022-07-28 15:33:17","post_content":"","post_title":"MONTSERRAT CLAVERAS PEREZ","post_excerpt":"","post_status":"publish","comment_status":"closed","ping_status":"closed","post_password":"","post_name":"montserrat-claveras-perez","to_ping":"","pinged":"","post_modified":"2022-07-28 17:33:17","post_modified_gmt":"2022-07-28 15:33:17","post_content_filtered":"","post_parent":0,"guid":"http:\/\/dev.claret.cat\/autor\/montserrat-claveras-perez\/","menu_order":0,"post_type":"autor","post_mime_type":"","comment_count":"0","filter":"raw"}],"traductores-libros":"","ilustradores-libros":"","formato":"","linkebook":"","ficha":"","muestra":"","presentacion":"","booktrailer":"","resenas":"","recomendamos":"","mas_vendido":""},"aioseo_notices":[],"_links":{"self":[{"href":"https:\/\/www.claret.cat\/es\/wp-json\/wp\/v2\/product\/269602","targetHints":{"allow":["GET"]}}],"collection":[{"href":"https:\/\/www.claret.cat\/es\/wp-json\/wp\/v2\/product"}],"about":[{"href":"https:\/\/www.claret.cat\/es\/wp-json\/wp\/v2\/types\/product"}],"wp:featuredmedia":[{"embeddable":true,"href":"https:\/\/www.claret.cat\/es\/wp-json\/wp\/v2\/media\/390803"}],"wp:attachment":[{"href":"https:\/\/www.claret.cat\/es\/wp-json\/wp\/v2\/media?parent=269602"}],"wp:term":[{"taxonomy":"product_brand","embeddable":true,"href":"https:\/\/www.claret.cat\/es\/wp-json\/wp\/v2\/product_brand?post=269602"},{"taxonomy":"product_cat","embeddable":true,"href":"https:\/\/www.claret.cat\/es\/wp-json\/wp\/v2\/product_cat?post=269602"},{"taxonomy":"product_tag","embeddable":true,"href":"https:\/\/www.claret.cat\/es\/wp-json\/wp\/v2\/product_tag?post=269602"}],"curies":[{"name":"wp","href":"https:\/\/api.w.org\/{rel}","templated":true}]}}