{"id":26967,"date":"2022-10-02T10:52:24","date_gmt":"2022-10-02T08:52:24","guid":{"rendered":"http:\/\/dev.claret.cat\/producte\/los-4-habitos-de-la-gente-delgada\/"},"modified":"2025-10-07T19:06:17","modified_gmt":"2025-10-07T17:06:17","slug":"los-4-habitos-de-la-gente-delgada-9788408204831","status":"publish","type":"product","link":"https:\/\/www.claret.cat\/es\/libro\/los-4-habitos-de-la-gente-delgada-9788408204831\/","title":{"rendered":"LOS 4 H\u00c1BITOS DE LA GENTE DELGADA"},"content":{"rendered":"<p>Con este revolucionario m\u00e9todo aprender\u00e1s a gestionar tu ansiedad y tus emociones y a aplicar, poco a poco, los 4 h\u00e1bitos cotidianos que te ayudar\u00e1n a perder peso progresivamente y sin esfuerzo. Es decir, adelgazar\u00e1s de una forma natural y saludable. Es, adem\u00e1s, una aventura en la que descubrir\u00e1s la inteligencia de tu est\u00f3mago, aceptar\u00e1s tu cuerpo y te liberar\u00e1s de la mentalidad de dieta, que es la causante de la ansiedad, la culpabilidad y el sobrepeso.<\/p>\n","protected":false},"excerpt":{"rendered":"<p>NAVARRO, LUIS<\/p>\n","protected":false},"featured_media":1058003,"template":"","meta":{"_acf_changed":false,"om_disable_all_campaigns":false,"rs_blank_template":"","rs_page_bg_color":"","slide_template_v7":"","inline_featured_image":false,"_monsterinsights_skip_tracking":false,"_monsterinsights_sitenote_active":false,"_monsterinsights_sitenote_note":"","_monsterinsights_sitenote_category":0},"product_brand":[],"product_cat":[547,97],"product_tag":[],"class_list":{"0":"post-26967","1":"product","2":"type-product","3":"status-publish","4":"has-post-thumbnail","6":"product_cat-salud","7":"product_cat-salut","9":"first","10":"outofstock","11":"taxable","12":"shipping-taxable","13":"purchasable","14":"product-type-simple"},"acf":{"autor":"NAVARRO, LUIS","codart":"840820483","libros-coleccion":"Pr\u00e1cticos","ediciones":"1","encuadernacion":"R\u00fastica","fecha_de_publicacion":"01\/02\/2019","novedad":"0","paginas":"0","subtitulo":"LA COMIDA NO ENGORDA, TU ANSIEDAD S\u00cd","orden":"0","portada":"0","idioma":"spa","editorial":[{"ID":6377,"post_author":"3","post_date":"2022-07-28 17:50:53","post_date_gmt":"2022-07-28 15:50:53","post_content":"","post_title":"Timun Mas CAT","post_excerpt":"","post_status":"publish","comment_status":"closed","ping_status":"closed","post_password":"","post_name":"timun-mas-cat","to_ping":"","pinged":"","post_modified":"2022-07-28 17:50:53","post_modified_gmt":"2022-07-28 15:50:53","post_content_filtered":"","post_parent":0,"guid":"http:\/\/dev.claret.cat\/editorial\/timun-mas-cat\/","menu_order":0,"post_type":"editorial","post_mime_type":"","comment_count":"0","filter":"raw"}],"autores-libros":[{"ID":162767,"post_author":"3","post_date":"2022-10-14 17:33:39","post_date_gmt":"2022-10-14 15:33:39","post_content":"","post_title":"LUIS NAVARRO","post_excerpt":"","post_status":"publish","comment_status":"closed","ping_status":"closed","post_password":"","post_name":"luis-navarro","to_ping":"","pinged":"","post_modified":"2022-10-14 17:33:39","post_modified_gmt":"2022-10-14 15:33:39","post_content_filtered":"","post_parent":0,"guid":"http:\/\/dev.claret.cat\/autor\/luis-navarro\/","menu_order":0,"post_type":"autor","post_mime_type":"","comment_count":"0","filter":"raw"}],"booktrailer":"","resenas":""},"aioseo_notices":[],"_links":{"self":[{"href":"https:\/\/www.claret.cat\/es\/wp-json\/wp\/v2\/product\/26967","targetHints":{"allow":["GET"]}}],"collection":[{"href":"https:\/\/www.claret.cat\/es\/wp-json\/wp\/v2\/product"}],"about":[{"href":"https:\/\/www.claret.cat\/es\/wp-json\/wp\/v2\/types\/product"}],"wp:featuredmedia":[{"embeddable":true,"href":"https:\/\/www.claret.cat\/es\/wp-json\/wp\/v2\/media\/1058003"}],"wp:attachment":[{"href":"https:\/\/www.claret.cat\/es\/wp-json\/wp\/v2\/media?parent=26967"}],"wp:term":[{"taxonomy":"product_brand","embeddable":true,"href":"https:\/\/www.claret.cat\/es\/wp-json\/wp\/v2\/product_brand?post=26967"},{"taxonomy":"product_cat","embeddable":true,"href":"https:\/\/www.claret.cat\/es\/wp-json\/wp\/v2\/product_cat?post=26967"},{"taxonomy":"product_tag","embeddable":true,"href":"https:\/\/www.claret.cat\/es\/wp-json\/wp\/v2\/product_tag?post=26967"}],"curies":[{"name":"wp","href":"https:\/\/api.w.org\/{rel}","templated":true}]}}