{"id":270211,"date":"2022-12-05T18:00:36","date_gmt":"2022-12-05T17:00:36","guid":{"rendered":"http:\/\/dev.claret.cat\/producte\/tecnica-i-totalitarisme\/"},"modified":"2025-04-22T17:57:40","modified_gmt":"2025-04-22T15:57:40","slug":"tecnica-i-totalitarisme-9788417796747","status":"publish","type":"product","link":"https:\/\/www.claret.cat\/es\/libro\/tecnica-i-totalitarisme-9788417796747\/","title":{"rendered":"T\u00c8CNICA I TOTALITARISME"},"content":{"rendered":"<p>La tecnologia \u00e9s com el foc. Si la fem servir com una eina, amb contenci\u00f3, \u00e9s ben \u00fatil. Sense contenci\u00f3, per\u00f2, el seu efecte pot ser devastador. Tota nova tecnologia transforma les relacions humanes i les relacions de poder.<br \/> Les noves tecnologies digitals \u00bfno tenen alguna cosa de l&#8221;Anell de Poder de Tolkien, que sedueix i \u2014alhora\u2014 atrapa i fa que la persona sigui vigilada i explotada a dist\u00e0ncia? L&#8221;Anell de Poder de Tolkien t\u00e9 una inscripci\u00f3 oculta que nom\u00e9s es veu en contacte amb el foc. Quan s&#8221;enc\u00e9n la digitalitzaci\u00f3 del m\u00f3n, \u00bfqu\u00e8 hi veiem: \u00abseguretat, efici\u00e8ncia i progr\u00e9s\u00bb o \u00abcontrol, vigil\u00e0ncia i deshumanitzaci\u00f3\u00bb?<br \/> A partir de la conflu\u00e8ncia entre el coneixement cient\u00edfic (la psicologia, la neuroci\u00e8ncia, la sociologia de les noves tecnologies, la hist\u00f2ria de la ci\u00e8ncia) i human\u00edstic (l&#8221;univers literari de Tolkien, la intu\u00efci\u00f3 po\u00e8tica de Rilke, l&#8221;an\u00e0lisi del totalitarisme de Hannah Arendt, la filosofia d&#8221;Agamben), T\u00e8cnica i totalitarisme analitza i confronta les propostes, cada vegada m\u00e9s influents, que redueixen els \u00e9ssers humans a dades i algoritmes i que ens preparen per acceptar ing\u00e8nuament una nova forma de totalisme tecnocr\u00e0tic.<\/p>\n<p> T\u00e8cnica i totalitarisme convida, alhora, a redescobrir el valor de l&#8221;exist\u00e8ncia, \u00fanica i irrepetible, de cada \u00e9sser hum\u00e0.<\/p>\n","protected":false},"excerpt":{"rendered":"<p>PIGEM, JORDI<\/p>\n","protected":false},"featured_media":325437,"template":"","meta":{"_acf_changed":false,"om_disable_all_campaigns":false,"rs_blank_template":"","rs_page_bg_color":"","slide_template_v7":"","inline_featured_image":false,"_monsterinsights_skip_tracking":false,"_monsterinsights_sitenote_active":false,"_monsterinsights_sitenote_note":"","_monsterinsights_sitenote_category":0},"product_brand":[],"product_cat":[120,569],"product_tag":[],"class_list":{"0":"post-270211","1":"product","2":"type-product","3":"status-publish","4":"has-post-thumbnail","6":"product_cat-politica","7":"product_cat-politica-2_humanidades-spa","9":"first","10":"instock","11":"taxable","12":"shipping-taxable","13":"purchasable","14":"product-type-simple"},"acf":{"autor":"PIGEM, JORDI","codart":"841779674","libros-coleccion":"Assaig","ediciones":"1","encuadernacion":"R\u00fastica","fecha_de_publicacion":"01\/11\/2022","novedad":"1","paginas":"0","subtitulo":"DIGITALITZACI\u00d3, DESHUMANITZACI\u00d3 I ELS ANELLS DEL PODER GLOBAL","orden":"0","portada":"0","idioma":"cat","editorial":[{"ID":6258,"post_author":"3","post_date":"2022-07-28 17:48:20","post_date_gmt":"2022-07-28 15:48:20","post_content":"","post_title":"FRAGMENTA EDITORIAL","post_excerpt":"","post_status":"publish","comment_status":"closed","ping_status":"closed","post_password":"","post_name":"fragmenta-editorial","to_ping":"","pinged":"","post_modified":"2022-07-28 17:48:20","post_modified_gmt":"2022-07-28 15:48:20","post_content_filtered":"","post_parent":0,"guid":"http:\/\/dev.claret.cat\/editorial\/fragmenta-editorial\/","menu_order":0,"post_type":"editorial","post_mime_type":"","comment_count":"0","filter":"raw"}],"autores-libros":[{"ID":159976,"post_author":"3","post_date":"2022-10-14 15:49:17","post_date_gmt":"2022-10-14 13:49:17","post_content":"","post_title":"JORDI PIGEM","post_excerpt":"","post_status":"publish","comment_status":"closed","ping_status":"closed","post_password":"","post_name":"jordi-pigem","to_ping":"","pinged":"","post_modified":"2022-10-14 15:49:17","post_modified_gmt":"2022-10-14 13:49:17","post_content_filtered":"","post_parent":0,"guid":"http:\/\/dev.claret.cat\/autor\/jordi-pigem\/","menu_order":0,"post_type":"autor","post_mime_type":"","comment_count":"0","filter":"raw"}],"booktrailer":"","resenas":""},"aioseo_notices":[],"_links":{"self":[{"href":"https:\/\/www.claret.cat\/es\/wp-json\/wp\/v2\/product\/270211","targetHints":{"allow":["GET"]}}],"collection":[{"href":"https:\/\/www.claret.cat\/es\/wp-json\/wp\/v2\/product"}],"about":[{"href":"https:\/\/www.claret.cat\/es\/wp-json\/wp\/v2\/types\/product"}],"wp:featuredmedia":[{"embeddable":true,"href":"https:\/\/www.claret.cat\/es\/wp-json\/wp\/v2\/media\/325437"}],"wp:attachment":[{"href":"https:\/\/www.claret.cat\/es\/wp-json\/wp\/v2\/media?parent=270211"}],"wp:term":[{"taxonomy":"product_brand","embeddable":true,"href":"https:\/\/www.claret.cat\/es\/wp-json\/wp\/v2\/product_brand?post=270211"},{"taxonomy":"product_cat","embeddable":true,"href":"https:\/\/www.claret.cat\/es\/wp-json\/wp\/v2\/product_cat?post=270211"},{"taxonomy":"product_tag","embeddable":true,"href":"https:\/\/www.claret.cat\/es\/wp-json\/wp\/v2\/product_tag?post=270211"}],"curies":[{"name":"wp","href":"https:\/\/api.w.org\/{rel}","templated":true}]}}