{"id":270634,"date":"2022-12-07T18:02:42","date_gmt":"2022-12-07T17:02:42","guid":{"rendered":"http:\/\/dev.claret.cat\/producte\/inteligencia-espiritual\/"},"modified":"2026-01-05T11:05:06","modified_gmt":"2026-01-05T10:05:06","slug":"inteligencia-espiritual-9788496981744","status":"publish","type":"product","link":"https:\/\/www.claret.cat\/es\/libro\/inteligencia-espiritual-9788496981744\/","title":{"rendered":"INTELIGENCIA ESPIRITUAL"},"content":{"rendered":"<p>La inteligencia espiritual pone en juego el desarrollo pleno no s\u00f3lo de la persona sino de las culturas y de los pueblos. Todo ser humano en toda comunidad humana dispone de una inteligencia espiritual que no se adscribe a una obediencia religiosa determinada. M\u00e1s all\u00e1 de \u00e9sta, todo ser humano tiene un sentido y unas necesidades \u00edntimas de orden espiritual tales como la felicidad, el bienestar integral y el goce de la belleza y de la cultura.<br \/> En contextos de anemia espiritual como en el que nuestro tiempo se encuentra, el desarrollo de la inteligencia espiritual abre horizontes nuevos e insospechados en el coraz\u00f3n mismo de la rutina diaria, de la inmediatez y del inter\u00e9s a corto plazo.<\/p>\n","protected":false},"excerpt":{"rendered":"<p>TORRALBA, FRANCESC<\/p>\n","protected":false},"featured_media":312427,"template":"","meta":{"_acf_changed":false,"om_disable_all_campaigns":false,"rs_blank_template":"","rs_page_bg_color":"","slide_template_v7":"","inline_featured_image":false,"_monsterinsights_skip_tracking":false,"_monsterinsights_sitenote_active":false,"_monsterinsights_sitenote_note":"","_monsterinsights_sitenote_category":0},"product_brand":[],"product_cat":[81,347],"product_tag":[],"class_list":{"0":"post-270634","1":"product","2":"type-product","3":"status-publish","4":"has-post-thumbnail","6":"product_cat-psicologia","7":"product_cat-psicologia-2_humanidades","9":"first","10":"instock","11":"taxable","12":"shipping-taxable","13":"purchasable","14":"product-type-simple"},"acf":{"autor":"TORRALBA, FRANCESC","codart":"849698174","libros-coleccion":"","ediciones":"1","encuadernacion":"R\u00fastica","fecha_de_publicacion":"01\/01\/2010","novedad":"0","paginas":"338","subtitulo":"","orden":"999","portada":"0","idioma":"spa","editorial":[{"ID":6331,"post_author":"3","post_date":"2022-07-28 17:49:53","post_date_gmt":"2022-07-28 15:49:53","post_content":"","post_title":"PLATAFORMA EDITORIAL","post_excerpt":"","post_status":"publish","comment_status":"closed","ping_status":"closed","post_password":"","post_name":"plataforma-editorial","to_ping":"","pinged":"","post_modified":"2022-07-28 17:49:53","post_modified_gmt":"2022-07-28 15:49:53","post_content_filtered":"","post_parent":0,"guid":"http:\/\/dev.claret.cat\/editorial\/plataforma-editorial\/","menu_order":0,"post_type":"editorial","post_mime_type":"","comment_count":"0","filter":"raw"}],"autores-libros":[{"ID":5483,"post_author":"3","post_date":"2022-07-28 17:24:57","post_date_gmt":"2022-07-28 15:24:57","post_content":"","post_title":"FRANCESC TORRALBA","post_excerpt":"","post_status":"publish","comment_status":"closed","ping_status":"closed","post_password":"","post_name":"francesc-torralba","to_ping":"","pinged":"","post_modified":"2022-07-28 17:24:57","post_modified_gmt":"2022-07-28 15:24:57","post_content_filtered":"","post_parent":0,"guid":"http:\/\/dev.claret.cat\/autor\/francesc-torralba\/","menu_order":0,"post_type":"autor","post_mime_type":"","comment_count":"0","filter":"raw"}],"booktrailer":"","resenas":""},"aioseo_notices":[],"_links":{"self":[{"href":"https:\/\/www.claret.cat\/es\/wp-json\/wp\/v2\/product\/270634","targetHints":{"allow":["GET"]}}],"collection":[{"href":"https:\/\/www.claret.cat\/es\/wp-json\/wp\/v2\/product"}],"about":[{"href":"https:\/\/www.claret.cat\/es\/wp-json\/wp\/v2\/types\/product"}],"wp:featuredmedia":[{"embeddable":true,"href":"https:\/\/www.claret.cat\/es\/wp-json\/wp\/v2\/media\/312427"}],"wp:attachment":[{"href":"https:\/\/www.claret.cat\/es\/wp-json\/wp\/v2\/media?parent=270634"}],"wp:term":[{"taxonomy":"product_brand","embeddable":true,"href":"https:\/\/www.claret.cat\/es\/wp-json\/wp\/v2\/product_brand?post=270634"},{"taxonomy":"product_cat","embeddable":true,"href":"https:\/\/www.claret.cat\/es\/wp-json\/wp\/v2\/product_cat?post=270634"},{"taxonomy":"product_tag","embeddable":true,"href":"https:\/\/www.claret.cat\/es\/wp-json\/wp\/v2\/product_tag?post=270634"}],"curies":[{"name":"wp","href":"https:\/\/api.w.org\/{rel}","templated":true}]}}