{"id":27090,"date":"2022-10-02T10:54:27","date_gmt":"2022-10-02T08:54:27","guid":{"rendered":"http:\/\/dev.claret.cat\/producte\/miguel-angel-obra-grafica\/"},"modified":"2026-03-17T11:37:29","modified_gmt":"2026-03-17T10:37:29","slug":"miguel-angel-obra-grafica-9783836563789","status":"publish","type":"product","link":"https:\/\/www.claret.cat\/es\/libro\/miguel-angel-obra-grafica-9783836563789\/","title":{"rendered":"MIGUEL \u00c1NGEL. OBRA GR\u00c1FICA"},"content":{"rendered":"<p>A lo largo de los siglos, pocos artistas se han hecho acreedores de una fama tan asentada en todo el mundo como Miguel \u00c1ngel Buonarroti (1475-1564). Su ep\u00edteto de il divino comenz\u00f3 a emplearse en la d\u00e9cada de 1530 y ha perdurado hasta nuestros d\u00edas. Sus logros como escultor, pintor, dibujante y arquitecto siguen siendo \u00fanicos e inigualables. Sus creaciones se cuentan entre las obras maestras m\u00e1s conocidas de todo el mundo. <br \/>Esta nueva edici\u00f3n de nuestra serie Bibliotheca Universalis rinde homenaje a la obra gr\u00e1fica del artista. Ya sean obras elaboradas hasta el \u00faltimo detalle o simples esbozos, bocetos diminutos o cartones inmensos, obras de arte terminadas o una mera hoja de trabajo, todos ellos dan fe de la apasionada observaci\u00f3n del hombre que llevaba a cabo el artista, as\u00ed como de su magistral dominio del trazo, la forma y el detalle; en otras palabras, del humanismo del Renacimiento, que no se comprende sin la figura de Miguel \u00c1ngel. <br \/>Los dibujos figurativos y arquitect\u00f3nicos, actualmente repartidos en museos y colecciones privadas de todo el mundo, demuestran la ambici\u00f3n y el alcance de sus creaciones, lo que nos permite observar a Miguel \u00c1ngel en un momento de inspiraci\u00f3n y comprender as\u00ed la evoluci\u00f3n de su proceso creativo. <br \/>Un cap\u00edtulo con dibujos de Miguel \u00c1ngel descubiertos recientemente o de nueva atribuci\u00f3n muestra una perspectiva distinta de la diversidad de su obra gr\u00e1fica, al tiempo que plantea la cuesti\u00f3n de si es posible saber c\u00f3mo firmaba Miguel \u00c1ngel, puesto que de los m\u00e1s de 550 dibujos aqu\u00ed reproducidos solo en uno aparece su firma. <br \/>Este libro no es solo una gu\u00eda para disfrutar de los dibujos tanto a nivel sensorial como intelectual, sino tambi\u00e9n una introducci\u00f3n a la cr\u00edtica de Miguel \u00c1ngel.<\/p>\n","protected":false},"excerpt":{"rendered":"<p>BUONARROTI, MIGUEL ANGEL<\/p>\n","protected":false},"featured_media":1090370,"template":"","meta":{"_acf_changed":false,"om_disable_all_campaigns":false,"rs_blank_template":"","rs_page_bg_color":"","slide_template_v7":"","inline_featured_image":false,"_monsterinsights_skip_tracking":false,"_monsterinsights_sitenote_active":false,"_monsterinsights_sitenote_note":"","_monsterinsights_sitenote_category":0},"product_brand":[],"product_cat":[110,560],"product_tag":[],"class_list":{"0":"post-27090","1":"product","2":"type-product","3":"status-publish","4":"has-post-thumbnail","6":"product_cat-art","7":"product_cat-arte","9":"first","10":"outofstock","11":"taxable","12":"shipping-taxable","13":"purchasable","14":"product-type-simple"},"acf":{"autor":"BUONARROTI, MIGUEL ANGEL","codart":"383656378","libros-coleccion":"Bibliotheca Universalis","ediciones":"1","encuadernacion":"Carton\u00e9","fecha_de_publicacion":"01\/08\/2016","novedad":"0","paginas":"736","subtitulo":"","orden":"0","portada":"0","idioma":"spa","editorial":[{"ID":148858,"post_author":"3","post_date":"2022-10-14 12:01:32","post_date_gmt":"2022-10-14 10:01:32","post_content":"","post_title":"TASCHEN","post_excerpt":"","post_status":"publish","comment_status":"closed","ping_status":"closed","post_password":"","post_name":"taschen","to_ping":"","pinged":"","post_modified":"2022-10-14 12:01:32","post_modified_gmt":"2022-10-14 10:01:32","post_content_filtered":"","post_parent":0,"guid":"http:\/\/dev.claret.cat\/editorial\/taschen\/","menu_order":0,"post_type":"editorial","post_mime_type":"","comment_count":"0","filter":"raw"}],"autores-libros":[{"ID":164913,"post_author":"3","post_date":"2022-10-14 17:50:53","post_date_gmt":"2022-10-14 15:50:53","post_content":"","post_title":"MIGUEL ANGEL BUONARROTI","post_excerpt":"","post_status":"publish","comment_status":"closed","ping_status":"closed","post_password":"","post_name":"miguel-angel-buonarroti","to_ping":"","pinged":"","post_modified":"2022-10-14 17:50:53","post_modified_gmt":"2022-10-14 15:50:53","post_content_filtered":"","post_parent":0,"guid":"http:\/\/dev.claret.cat\/autor\/miguel-angel-buonarroti\/","menu_order":0,"post_type":"autor","post_mime_type":"","comment_count":"0","filter":"raw"}],"booktrailer":"","resenas":""},"aioseo_notices":[],"_links":{"self":[{"href":"https:\/\/www.claret.cat\/es\/wp-json\/wp\/v2\/product\/27090","targetHints":{"allow":["GET"]}}],"collection":[{"href":"https:\/\/www.claret.cat\/es\/wp-json\/wp\/v2\/product"}],"about":[{"href":"https:\/\/www.claret.cat\/es\/wp-json\/wp\/v2\/types\/product"}],"wp:featuredmedia":[{"embeddable":true,"href":"https:\/\/www.claret.cat\/es\/wp-json\/wp\/v2\/media\/1090370"}],"wp:attachment":[{"href":"https:\/\/www.claret.cat\/es\/wp-json\/wp\/v2\/media?parent=27090"}],"wp:term":[{"taxonomy":"product_brand","embeddable":true,"href":"https:\/\/www.claret.cat\/es\/wp-json\/wp\/v2\/product_brand?post=27090"},{"taxonomy":"product_cat","embeddable":true,"href":"https:\/\/www.claret.cat\/es\/wp-json\/wp\/v2\/product_cat?post=27090"},{"taxonomy":"product_tag","embeddable":true,"href":"https:\/\/www.claret.cat\/es\/wp-json\/wp\/v2\/product_tag?post=27090"}],"curies":[{"name":"wp","href":"https:\/\/api.w.org\/{rel}","templated":true}]}}