{"id":27222,"date":"2022-10-02T10:56:14","date_gmt":"2022-10-02T08:56:14","guid":{"rendered":"http:\/\/dev.claret.cat\/producte\/como-tratar-las-enfermedades-de-la-piel-segun-santa-hildegarda-de-bingen\/"},"modified":"2025-11-26T16:29:12","modified_gmt":"2025-11-26T15:29:12","slug":"como-tratar-las-enfermedades-de-la-piel-segun-santa-hildegarda-de-bingen-9788415570776","status":"publish","type":"product","link":"https:\/\/www.claret.cat\/es\/libro\/como-tratar-las-enfermedades-de-la-piel-segun-santa-hildegarda-de-bingen-9788415570776\/","title":{"rendered":"C\u00d3MO TRATAR LAS ENFERMEDADES DE LA PIEL SEG\u00daN SANTA HILDEGARDA DE BINGEN"},"content":{"rendered":"<p>Los problemas de la piel se tratan hoy en d\u00eda como si estuvieran separados del resto de los acontecimientos corporales, psicol\u00f3gicos y espirituales. Con las manchas en la cara o el eccema en el brazo, el cuerpo \u00abs\u00f3lo\u00bb quiere hacer visible que en el fondo de esa persona algo fundamental no va bien o que est\u00e1 sufriendo por culpa de sus condiciones de vida desequilibradas. As\u00ed que no debemos confundir causa y efecto. Pero es evidente que en la medicina acad\u00e9mica estas conexiones e interrelaciones todav\u00eda son ampliamente ignoradas. <br \/> En su pr\u00e1ctica m\u00e9dica y cient\u00edfica, el Doctor Strehlow ha seguido durante d\u00e9cadas las indicaciones y consejos de la santa, comprobando la eficacia de sus diagn\u00f3sticos y terap\u00e9uticas.<\/p>\n","protected":false},"excerpt":{"rendered":"<p>STREHLOW, WIGHARD<\/p>\n","protected":false},"featured_media":67540,"template":"","meta":{"_acf_changed":false,"om_disable_all_campaigns":false,"rs_blank_template":"","rs_page_bg_color":"","slide_template_v7":"","inline_featured_image":false,"_monsterinsights_skip_tracking":false,"_monsterinsights_sitenote_active":false,"_monsterinsights_sitenote_note":"","_monsterinsights_sitenote_category":0},"product_brand":[],"product_cat":[553,103,95,545],"product_tag":[],"class_list":{"0":"post-27222","1":"product","2":"type-product","3":"status-publish","4":"has-post-thumbnail","6":"product_cat-cocina","7":"product_cat-cuina","8":"product_cat-santoral","9":"product_cat-santoral-1_espiritualidad-spa","11":"first","12":"instock","13":"taxable","14":"shipping-taxable","15":"purchasable","16":"product-type-simple"},"acf":{"autor":"STREHLOW, WIGHARD","codart":"841557077","libros-coleccion":"","ediciones":"1","encuadernacion":"R\u00fastica","fecha_de_publicacion":"01\/09\/2019","novedad":"1","paginas":"272","subtitulo":"","orden":"0","portada":"0","idioma":"spa","editorial":[{"ID":148436,"post_author":"3","post_date":"2022-10-14 11:58:14","post_date_gmt":"2022-10-14 09:58:14","post_content":"","post_title":"Libros Libres","post_excerpt":"","post_status":"publish","comment_status":"closed","ping_status":"closed","post_password":"","post_name":"libros-libres","to_ping":"","pinged":"","post_modified":"2022-10-14 11:58:14","post_modified_gmt":"2022-10-14 09:58:14","post_content_filtered":"","post_parent":0,"guid":"http:\/\/dev.claret.cat\/editorial\/libros-libres\/","menu_order":0,"post_type":"editorial","post_mime_type":"","comment_count":"0","filter":"raw"}],"autores-libros":[{"ID":171273,"post_author":"3","post_date":"2022-10-14 22:42:04","post_date_gmt":"2022-10-14 20:42:04","post_content":"","post_title":"WIGHARD STREHLOW","post_excerpt":"","post_status":"publish","comment_status":"closed","ping_status":"closed","post_password":"","post_name":"wighard-strehlow","to_ping":"","pinged":"","post_modified":"2022-10-14 22:42:04","post_modified_gmt":"2022-10-14 20:42:04","post_content_filtered":"","post_parent":0,"guid":"http:\/\/dev.claret.cat\/autor\/wighard-strehlow\/","menu_order":0,"post_type":"autor","post_mime_type":"","comment_count":"0","filter":"raw"}],"booktrailer":"","resenas":""},"aioseo_notices":[],"_links":{"self":[{"href":"https:\/\/www.claret.cat\/es\/wp-json\/wp\/v2\/product\/27222","targetHints":{"allow":["GET"]}}],"collection":[{"href":"https:\/\/www.claret.cat\/es\/wp-json\/wp\/v2\/product"}],"about":[{"href":"https:\/\/www.claret.cat\/es\/wp-json\/wp\/v2\/types\/product"}],"wp:featuredmedia":[{"embeddable":true,"href":"https:\/\/www.claret.cat\/es\/wp-json\/wp\/v2\/media\/67540"}],"wp:attachment":[{"href":"https:\/\/www.claret.cat\/es\/wp-json\/wp\/v2\/media?parent=27222"}],"wp:term":[{"taxonomy":"product_brand","embeddable":true,"href":"https:\/\/www.claret.cat\/es\/wp-json\/wp\/v2\/product_brand?post=27222"},{"taxonomy":"product_cat","embeddable":true,"href":"https:\/\/www.claret.cat\/es\/wp-json\/wp\/v2\/product_cat?post=27222"},{"taxonomy":"product_tag","embeddable":true,"href":"https:\/\/www.claret.cat\/es\/wp-json\/wp\/v2\/product_tag?post=27222"}],"curies":[{"name":"wp","href":"https:\/\/api.w.org\/{rel}","templated":true}]}}