{"id":27225,"date":"2022-10-02T10:56:17","date_gmt":"2022-10-02T08:56:17","guid":{"rendered":"http:\/\/dev.claret.cat\/producte\/manual-de-medicina-de-santa-hildegarda-2\/"},"modified":"2026-03-09T14:30:56","modified_gmt":"2026-03-09T13:30:56","slug":"manual-de-medicina-de-santa-hildegarda-9788415570783","status":"publish","type":"product","link":"https:\/\/www.claret.cat\/es\/libro\/manual-de-medicina-de-santa-hildegarda-9788415570783\/","title":{"rendered":"MANUAL DE MEDICINA DE SANTA HILDEGARDA"},"content":{"rendered":"<p>Este libro se basa en las visiones de la m\u00edstica alemana Santa Hildegarda de Bingen (1098-1179), declarada doctora de la Iglesia en 2012, y en las interpretaciones de los autores sobre sus textos. En su pr\u00e1ctica m\u00e9dica y cient\u00edfica, los doctores Strehlow y Hertzka han seguido las indicaciones y consejos de la santa durante decenios, comprobando la eficacia de sus diagn\u00f3sticos y terap\u00e9uticas.<\/p>\n<p> Siguiendo las pautas de Santa Hildegarda, proponen diversos remedios para dolencias en todo el cuerpo, al mismo tiempo que reproducen las observaciones de la religiosa sobre la vinculaci\u00f3n entre algunos males f\u00edsicos y algunos males morales, dentro de una visi\u00f3n hol\u00edstica de la naturaleza humana en armon\u00eda con Dios.<\/p>\n","protected":false},"excerpt":{"rendered":"<p>STREHLOW, WIGHARD \/ HERTZKA, GOTTFRIED<\/p>\n","protected":false},"featured_media":392719,"template":"","meta":{"_acf_changed":false,"om_disable_all_campaigns":false,"rs_blank_template":"","rs_page_bg_color":"","slide_template_v7":"","inline_featured_image":false,"_monsterinsights_skip_tracking":false,"_monsterinsights_sitenote_active":false,"_monsterinsights_sitenote_note":"","_monsterinsights_sitenote_category":0},"product_brand":[],"product_cat":[95,545,542,92],"product_tag":[],"class_list":{"0":"post-27225","1":"product","2":"type-product","3":"status-publish","4":"has-post-thumbnail","6":"product_cat-santoral","7":"product_cat-santoral-1_espiritualidad-spa","8":"product_cat-vida-religiosa-1_espiritualidad-spa","9":"product_cat-vida-religiosa","11":"first","12":"instock","13":"taxable","14":"shipping-taxable","15":"purchasable","16":"product-type-simple"},"acf":{"autor":"STREHLOW, WIGHARD \/ HERTZKA, GOTTFRIED","codart":"841557078","libros-coleccion":"Espiritualidad","ediciones":"1","encuadernacion":"R\u00fastica","fecha_de_publicacion":"01\/08\/2019","novedad":"1","paginas":"316","subtitulo":"","orden":"0","portada":"0","idioma":"spa","editorial":[{"ID":148436,"post_author":"3","post_date":"2022-10-14 11:58:14","post_date_gmt":"2022-10-14 09:58:14","post_content":"","post_title":"Libros Libres","post_excerpt":"","post_status":"publish","comment_status":"closed","ping_status":"closed","post_password":"","post_name":"libros-libres","to_ping":"","pinged":"","post_modified":"2022-10-14 11:58:14","post_modified_gmt":"2022-10-14 09:58:14","post_content_filtered":"","post_parent":0,"guid":"http:\/\/dev.claret.cat\/editorial\/libros-libres\/","menu_order":0,"post_type":"editorial","post_mime_type":"","comment_count":"0","filter":"raw"}],"autores-libros":[{"ID":157076,"post_author":"3","post_date":"2022-10-14 15:25:56","post_date_gmt":"2022-10-14 13:25:56","post_content":"","post_title":"GOTTFRIED HERTZKA","post_excerpt":"","post_status":"publish","comment_status":"closed","ping_status":"closed","post_password":"","post_name":"gottfried-hertzka","to_ping":"","pinged":"","post_modified":"2022-10-14 15:25:56","post_modified_gmt":"2022-10-14 13:25:56","post_content_filtered":"","post_parent":0,"guid":"http:\/\/dev.claret.cat\/autor\/gottfried-hertzka\/","menu_order":0,"post_type":"autor","post_mime_type":"","comment_count":"0","filter":"raw"},{"ID":171273,"post_author":"3","post_date":"2022-10-14 22:42:04","post_date_gmt":"2022-10-14 20:42:04","post_content":"","post_title":"WIGHARD STREHLOW","post_excerpt":"","post_status":"publish","comment_status":"closed","ping_status":"closed","post_password":"","post_name":"wighard-strehlow","to_ping":"","pinged":"","post_modified":"2022-10-14 22:42:04","post_modified_gmt":"2022-10-14 20:42:04","post_content_filtered":"","post_parent":0,"guid":"http:\/\/dev.claret.cat\/autor\/wighard-strehlow\/","menu_order":0,"post_type":"autor","post_mime_type":"","comment_count":"0","filter":"raw"}],"booktrailer":"","resenas":""},"aioseo_notices":[],"_links":{"self":[{"href":"https:\/\/www.claret.cat\/es\/wp-json\/wp\/v2\/product\/27225","targetHints":{"allow":["GET"]}}],"collection":[{"href":"https:\/\/www.claret.cat\/es\/wp-json\/wp\/v2\/product"}],"about":[{"href":"https:\/\/www.claret.cat\/es\/wp-json\/wp\/v2\/types\/product"}],"wp:featuredmedia":[{"embeddable":true,"href":"https:\/\/www.claret.cat\/es\/wp-json\/wp\/v2\/media\/392719"}],"wp:attachment":[{"href":"https:\/\/www.claret.cat\/es\/wp-json\/wp\/v2\/media?parent=27225"}],"wp:term":[{"taxonomy":"product_brand","embeddable":true,"href":"https:\/\/www.claret.cat\/es\/wp-json\/wp\/v2\/product_brand?post=27225"},{"taxonomy":"product_cat","embeddable":true,"href":"https:\/\/www.claret.cat\/es\/wp-json\/wp\/v2\/product_cat?post=27225"},{"taxonomy":"product_tag","embeddable":true,"href":"https:\/\/www.claret.cat\/es\/wp-json\/wp\/v2\/product_tag?post=27225"}],"curies":[{"name":"wp","href":"https:\/\/api.w.org\/{rel}","templated":true}]}}