{"id":27317,"date":"2022-10-02T10:57:39","date_gmt":"2022-10-02T08:57:39","guid":{"rendered":"http:\/\/dev.claret.cat\/producte\/la-sociedad-inclusiva\/"},"modified":"2024-05-02T06:33:41","modified_gmt":"2024-05-02T04:33:41","slug":"la-sociedad-inclusiva-9788428828109","status":"publish","type":"product","link":"https:\/\/www.claret.cat\/es\/libro\/la-sociedad-inclusiva-9788428828109\/","title":{"rendered":"LA SOCIEDAD INCLUSIVA"},"content":{"rendered":"","protected":false},"excerpt":{"rendered":"<p>AZAGRA ROS, JOAQU\u00cdN; GARC\u00cdA ROCA, JOAQU\u00cdN<\/p>\n","protected":false},"featured_media":0,"template":"","meta":{"_acf_changed":false,"om_disable_all_campaigns":false,"rs_blank_template":"","rs_page_bg_color":"","slide_template_v7":"","inline_featured_image":false,"_monsterinsights_skip_tracking":false,"_monsterinsights_sitenote_active":false,"_monsterinsights_sitenote_note":"","_monsterinsights_sitenote_category":0},"product_brand":[],"product_cat":[90,540],"product_tag":[],"class_list":{"0":"post-27317","1":"product","2":"type-product","3":"status-publish","5":"product_cat-altres","6":"product_cat-otros","8":"first","9":"instock","10":"taxable","11":"shipping-taxable","12":"purchasable","13":"product-type-simple"},"acf":{"autor":"AZAGRA ROS, JOAQU\u00cdN; GARC\u00cdA ROCA, JOAQU\u00cdN","codart":"842882810","libros-coleccion":"","ediciones":"1","encuadernacion":"R\u00fastica","fecha_de_publicacion":"28\/04\/2015","novedad":"0","paginas":"232","subtitulo":"ENTRE EL REALISMO Y LA AUDACIA","orden":"999","portada":"0","idioma":"spa","editorial":[{"ID":6335,"post_author":"3","post_date":"2022-07-28 17:49:59","post_date_gmt":"2022-07-28 15:49:59","post_content":"","post_title":"PPC altres","post_excerpt":"","post_status":"publish","comment_status":"closed","ping_status":"closed","post_password":"","post_name":"ppc-altres","to_ping":"","pinged":"","post_modified":"2022-07-28 17:49:59","post_modified_gmt":"2022-07-28 15:49:59","post_content_filtered":"","post_parent":0,"guid":"http:\/\/dev.claret.cat\/editorial\/ppc-altres\/","menu_order":0,"post_type":"editorial","post_mime_type":"","comment_count":"0","filter":"raw"}],"autores-libros":[{"ID":159525,"post_author":"3","post_date":"2022-10-14 15:45:33","post_date_gmt":"2022-10-14 13:45:33","post_content":"","post_title":"JOAQU\u00cdN GARC\u00cdA ROCA","post_excerpt":"","post_status":"publish","comment_status":"closed","ping_status":"closed","post_password":"","post_name":"joaquin-garcia-roca","to_ping":"","pinged":"","post_modified":"2022-10-14 15:45:33","post_modified_gmt":"2022-10-14 13:45:33","post_content_filtered":"","post_parent":0,"guid":"http:\/\/dev.claret.cat\/autor\/joaquin-garcia-roca\/","menu_order":0,"post_type":"autor","post_mime_type":"","comment_count":"0","filter":"raw"},{"ID":159518,"post_author":"3","post_date":"2022-10-14 15:45:30","post_date_gmt":"2022-10-14 13:45:30","post_content":"","post_title":"JOAQU\u00cdN AZAGRA ROS","post_excerpt":"","post_status":"publish","comment_status":"closed","ping_status":"closed","post_password":"","post_name":"joaquin-azagra-ros","to_ping":"","pinged":"","post_modified":"2022-10-14 15:45:30","post_modified_gmt":"2022-10-14 13:45:30","post_content_filtered":"","post_parent":0,"guid":"http:\/\/dev.claret.cat\/autor\/joaquin-azagra-ros\/","menu_order":0,"post_type":"autor","post_mime_type":"","comment_count":"0","filter":"raw"}]},"aioseo_notices":[],"_links":{"self":[{"href":"https:\/\/www.claret.cat\/es\/wp-json\/wp\/v2\/product\/27317","targetHints":{"allow":["GET"]}}],"collection":[{"href":"https:\/\/www.claret.cat\/es\/wp-json\/wp\/v2\/product"}],"about":[{"href":"https:\/\/www.claret.cat\/es\/wp-json\/wp\/v2\/types\/product"}],"wp:attachment":[{"href":"https:\/\/www.claret.cat\/es\/wp-json\/wp\/v2\/media?parent=27317"}],"wp:term":[{"taxonomy":"product_brand","embeddable":true,"href":"https:\/\/www.claret.cat\/es\/wp-json\/wp\/v2\/product_brand?post=27317"},{"taxonomy":"product_cat","embeddable":true,"href":"https:\/\/www.claret.cat\/es\/wp-json\/wp\/v2\/product_cat?post=27317"},{"taxonomy":"product_tag","embeddable":true,"href":"https:\/\/www.claret.cat\/es\/wp-json\/wp\/v2\/product_tag?post=27317"}],"curies":[{"name":"wp","href":"https:\/\/api.w.org\/{rel}","templated":true}]}}