{"id":27441,"date":"2022-10-02T10:59:28","date_gmt":"2022-10-02T08:59:28","guid":{"rendered":"http:\/\/dev.claret.cat\/producte\/pintura-rapida\/"},"modified":"2023-01-28T16:06:34","modified_gmt":"2023-01-28T15:06:34","slug":"pintura-rapida-9788434214071","status":"publish","type":"product","link":"https:\/\/www.claret.cat\/es\/libro\/pintura-rapida-9788434214071\/","title":{"rendered":"PINTURA R\u00c1PIDA"},"content":{"rendered":"<p>La pintura r\u00e1pida es una modalidad que enfrenta al artista con el modelo exterior, al aire libre, ante un paisaje natural, rural o incluso urbano. Se caracteriza por una ejecuci\u00f3n ligera y precipitada, que exige terminar la obra en un reducido espacio de tiempo, en muchas ocasiones fijado de antemano. Los profesionales de esta modalidad de pintura trabajan de una manera muy espec\u00edfica basada en la experiencia y en una t\u00e9cnica muy cuidada. <br \/>El prop\u00f3sito de este libro es dar a conocer este g\u00e9nero que tanto se ha profesionalizado en los \u00faltimos a\u00f1os por la proliferaci\u00f3n de concursos de pintura r\u00e1pida. Se ofrece un programa de estudio que explica con detalle todos los pasos precisos para crear una obra completamente personal, acompa\u00f1ando al artista desde sus primeras manchas en el lienzo hasta la aplicaci\u00f3n de recursos para agilizar y optimizar las pinceladas.<\/p>\n","protected":false},"excerpt":{"rendered":"<p>MART\u00cdN ROIG, GABRIEL<\/p>\n","protected":false},"featured_media":69972,"template":"","meta":{"_acf_changed":false,"om_disable_all_campaigns":false,"rs_blank_template":"","rs_page_bg_color":"","slide_template_v7":"","inline_featured_image":false,"_monsterinsights_skip_tracking":false,"_monsterinsights_sitenote_active":false,"_monsterinsights_sitenote_note":"","_monsterinsights_sitenote_category":0},"product_brand":[],"product_cat":[110,101],"product_tag":[],"class_list":{"0":"post-27441","1":"product","2":"type-product","3":"status-publish","4":"has-post-thumbnail","6":"product_cat-art","7":"product_cat-manualitats","9":"first","10":"instock","11":"taxable","12":"shipping-taxable","13":"purchasable","14":"product-type-simple"},"acf":{"autor":"MART\u00cdN ROIG, GABRIEL","codart":"843421407","libros-coleccion":"GrandesMomentos","ediciones":"1","encuadernacion":"Carton\u00e9","fecha_de_publicacion":"01\/10\/2018","novedad":"1","paginas":"144","subtitulo":"","orden":"0","portada":"0","idioma":"spa","editorial":[{"ID":6325,"post_author":"3","post_date":"2022-07-28 17:49:46","post_date_gmt":"2022-07-28 15:49:46","post_content":"","post_title":"Parram\u00f3n","post_excerpt":"","post_status":"publish","comment_status":"closed","ping_status":"closed","post_password":"","post_name":"parramon","to_ping":"","pinged":"","post_modified":"2022-07-28 17:49:46","post_modified_gmt":"2022-07-28 15:49:46","post_content_filtered":"","post_parent":0,"guid":"http:\/\/dev.claret.cat\/editorial\/parramon\/","menu_order":0,"post_type":"editorial","post_mime_type":"","comment_count":"0","filter":"raw"}],"autores-libros":[{"ID":156536,"post_author":"3","post_date":"2022-10-14 15:21:35","post_date_gmt":"2022-10-14 13:21:35","post_content":"","post_title":"GABRIEL MART\u00cdN ROIG","post_excerpt":"","post_status":"publish","comment_status":"closed","ping_status":"closed","post_password":"","post_name":"gabriel-martin-roig","to_ping":"","pinged":"","post_modified":"2022-10-14 15:21:35","post_modified_gmt":"2022-10-14 13:21:35","post_content_filtered":"","post_parent":0,"guid":"http:\/\/dev.claret.cat\/autor\/gabriel-martin-roig\/","menu_order":0,"post_type":"autor","post_mime_type":"","comment_count":"0","filter":"raw"}]},"aioseo_notices":[],"_links":{"self":[{"href":"https:\/\/www.claret.cat\/es\/wp-json\/wp\/v2\/product\/27441","targetHints":{"allow":["GET"]}}],"collection":[{"href":"https:\/\/www.claret.cat\/es\/wp-json\/wp\/v2\/product"}],"about":[{"href":"https:\/\/www.claret.cat\/es\/wp-json\/wp\/v2\/types\/product"}],"wp:featuredmedia":[{"embeddable":true,"href":"https:\/\/www.claret.cat\/es\/wp-json\/wp\/v2\/media\/69972"}],"wp:attachment":[{"href":"https:\/\/www.claret.cat\/es\/wp-json\/wp\/v2\/media?parent=27441"}],"wp:term":[{"taxonomy":"product_brand","embeddable":true,"href":"https:\/\/www.claret.cat\/es\/wp-json\/wp\/v2\/product_brand?post=27441"},{"taxonomy":"product_cat","embeddable":true,"href":"https:\/\/www.claret.cat\/es\/wp-json\/wp\/v2\/product_cat?post=27441"},{"taxonomy":"product_tag","embeddable":true,"href":"https:\/\/www.claret.cat\/es\/wp-json\/wp\/v2\/product_tag?post=27441"}],"curies":[{"name":"wp","href":"https:\/\/api.w.org\/{rel}","templated":true}]}}