{"id":27518,"date":"2022-10-02T11:00:32","date_gmt":"2022-10-02T09:00:32","guid":{"rendered":"http:\/\/dev.claret.cat\/producte\/quien-eres-tu-masha-y-el-oso-album-ilustrado-1\/"},"modified":"2023-01-28T00:27:22","modified_gmt":"2023-01-27T23:27:22","slug":"quien-eres-tu-masha-y-el-oso-album-ilustrado-1-9788448845940","status":"publish","type":"product","link":"https:\/\/www.claret.cat\/es\/libro\/quien-eres-tu-masha-y-el-oso-album-ilustrado-1-9788448845940\/","title":{"rendered":"\u00bfQUI\u00c9N ERES T\u00da? (MASHA Y EL OSO. \u00c1LBUM ILUSTRADO 1)"},"content":{"rendered":"<p>\u00bfSabes c\u00f3mo se conocieron Masha y el Oso? Desc\u00fabrelo leyendo este  cuento. La primera de una larga serie de alocadas y entra\u00f1ables aventuras.Cuando esta ma\u00f1ana Oso ha salido a pescar, no pod\u00eda imaginarse que su  vida iba a cambiar para siempre. Al regresar, se encuentra a Masha, una  ni\u00f1a traviesa y alegre, que ha puesto patas arriba su jard\u00edn y su casa.  Muy enfadado, Oso la abandona en el bosque. Sin embargo, arrepentido, en  plena noche va a buscarla&#8230; \u00a1Pero Masha no est\u00e1 por ninguna parte!\u00a1Descubre c\u00f3mo termina la primera de una larga serie de aventuras y  emociones que vivir\u00e1n juntos esta nueva pareja de amigos!Los \u00e1lbumes ilustrados de \u00abMasha y el Oso\u00bb son cuentos para primeros  lectores inspirados en la serie de televisi\u00f3n. Estas tiernas aventuras  est\u00e1n repletas de humor e ingenio, tienen unos personajes cargados de personalidad y transmiten a los ni\u00f1os valores positivos.<\/p>\n","protected":false},"excerpt":{"rendered":"<p>BEASCOA<\/p>\n","protected":false},"featured_media":75984,"template":"","meta":{"_acf_changed":false,"om_disable_all_campaigns":false,"rs_blank_template":"","rs_page_bg_color":"","slide_template_v7":"","inline_featured_image":false,"_monsterinsights_skip_tracking":false,"_monsterinsights_sitenote_active":false,"_monsterinsights_sitenote_note":"","_monsterinsights_sitenote_category":0},"product_brand":[],"product_cat":[86],"product_tag":[],"class_list":{"0":"post-27518","1":"product","2":"type-product","3":"status-publish","4":"has-post-thumbnail","6":"product_cat-infantil","8":"first","9":"instock","10":"taxable","11":"shipping-taxable","12":"purchasable","13":"product-type-simple"},"acf":{"autor":"BEASCOA","codart":"844884594","libros-coleccion":"","ediciones":"1","encuadernacion":"Carton\u00e9","fecha_de_publicacion":"01\/02\/2016","novedad":"0","paginas":"24","subtitulo":"","orden":"999","portada":"0","idioma":"spa","editorial":[{"ID":147537,"post_author":"3","post_date":"2022-10-14 11:51:20","post_date_gmt":"2022-10-14 09:51:20","post_content":"","post_title":"BEASCOA, EDICIONES S.A.","post_excerpt":"","post_status":"publish","comment_status":"closed","ping_status":"closed","post_password":"","post_name":"beascoa-ediciones-s-a","to_ping":"","pinged":"","post_modified":"2022-10-14 11:51:20","post_modified_gmt":"2022-10-14 09:51:20","post_content_filtered":"","post_parent":0,"guid":"http:\/\/dev.claret.cat\/editorial\/beascoa-ediciones-s-a\/","menu_order":0,"post_type":"editorial","post_mime_type":"","comment_count":"0","filter":"raw"}],"autores-libros":[{"ID":151419,"post_author":"3","post_date":"2022-10-14 14:40:44","post_date_gmt":"2022-10-14 12:40:44","post_content":"","post_title":"BEASCOA","post_excerpt":"","post_status":"publish","comment_status":"closed","ping_status":"closed","post_password":"","post_name":"beascoa","to_ping":"","pinged":"","post_modified":"2022-10-14 14:40:44","post_modified_gmt":"2022-10-14 12:40:44","post_content_filtered":"","post_parent":0,"guid":"http:\/\/dev.claret.cat\/autor\/beascoa\/","menu_order":0,"post_type":"autor","post_mime_type":"","comment_count":"0","filter":"raw"}]},"aioseo_notices":[],"_links":{"self":[{"href":"https:\/\/www.claret.cat\/es\/wp-json\/wp\/v2\/product\/27518","targetHints":{"allow":["GET"]}}],"collection":[{"href":"https:\/\/www.claret.cat\/es\/wp-json\/wp\/v2\/product"}],"about":[{"href":"https:\/\/www.claret.cat\/es\/wp-json\/wp\/v2\/types\/product"}],"wp:featuredmedia":[{"embeddable":true,"href":"https:\/\/www.claret.cat\/es\/wp-json\/wp\/v2\/media\/75984"}],"wp:attachment":[{"href":"https:\/\/www.claret.cat\/es\/wp-json\/wp\/v2\/media?parent=27518"}],"wp:term":[{"taxonomy":"product_brand","embeddable":true,"href":"https:\/\/www.claret.cat\/es\/wp-json\/wp\/v2\/product_brand?post=27518"},{"taxonomy":"product_cat","embeddable":true,"href":"https:\/\/www.claret.cat\/es\/wp-json\/wp\/v2\/product_cat?post=27518"},{"taxonomy":"product_tag","embeddable":true,"href":"https:\/\/www.claret.cat\/es\/wp-json\/wp\/v2\/product_tag?post=27518"}],"curies":[{"name":"wp","href":"https:\/\/api.w.org\/{rel}","templated":true}]}}