{"id":27521,"date":"2022-10-02T11:00:35","date_gmt":"2022-10-02T09:00:35","guid":{"rendered":"http:\/\/dev.claret.cat\/producte\/juega-conmigo-masha-y-el-oso-album-ilustrado-2\/"},"modified":"2023-01-28T11:42:54","modified_gmt":"2023-01-28T10:42:54","slug":"juega-conmigo-masha-y-el-oso-album-ilustrado-2-9788448845957","status":"publish","type":"product","link":"https:\/\/www.claret.cat\/es\/libro\/juega-conmigo-masha-y-el-oso-album-ilustrado-2-9788448845957\/","title":{"rendered":"\u00a1JUEGA CONMIGO! (MASHA Y EL OSO. \u00c1LBUM ILUSTRADO 2)"},"content":{"rendered":"<p>Masha es una ni\u00f1a pizpireta y muy traviesa que vive en el bosque y  que ha encontrado a un amigo muy especial: Oso. Lee esta segunda y divertid\u00edsima aventura de Masha y el Oso. Masha se adentra en el bosque buscando con qui\u00e9n jugar, pero todos los animales huyen de ella y sus trastadas. De modo que decide visitar a Oso  por sorpresa. El pobre quiere dormir hasta la primavera, pero la ni\u00f1a  har\u00e1 todo lo posible para evitarlo, desde provocar un ataque de abejas hasta incendiar su casa. \u00a1Otro intenso d\u00eda lleno de juegos y aventuras con la traviesa Masha y el bueno de Oso!Los \u00e1lbumes ilustrados de \u00abMasha y el Oso\u00bb son cuentos para primeros  lectores inspirados en la serie de televisi\u00f3n. Estas tiernas aventuras est\u00e1n repletas de humor e ingenio, tienen unos personajes cargados de personalidad y transmiten a los ni\u00f1os valores positivos.<\/p>\n","protected":false},"excerpt":{"rendered":"<p>BEASCOA<\/p>\n","protected":false},"featured_media":75972,"template":"","meta":{"_acf_changed":false,"om_disable_all_campaigns":false,"rs_blank_template":"","rs_page_bg_color":"","slide_template_v7":"","inline_featured_image":false,"_monsterinsights_skip_tracking":false,"_monsterinsights_sitenote_active":false,"_monsterinsights_sitenote_note":"","_monsterinsights_sitenote_category":0},"product_brand":[],"product_cat":[86],"product_tag":[],"class_list":{"0":"post-27521","1":"product","2":"type-product","3":"status-publish","4":"has-post-thumbnail","6":"product_cat-infantil","8":"first","9":"instock","10":"taxable","11":"shipping-taxable","12":"purchasable","13":"product-type-simple"},"acf":{"autor":"BEASCOA","codart":"844884595","libros-coleccion":"","ediciones":"1","encuadernacion":"Carton\u00e9","fecha_de_publicacion":"01\/02\/2016","novedad":"0","paginas":"24","subtitulo":"","orden":"999","portada":"0","idioma":"spa","editorial":[{"ID":147537,"post_author":"3","post_date":"2022-10-14 11:51:20","post_date_gmt":"2022-10-14 09:51:20","post_content":"","post_title":"BEASCOA, EDICIONES S.A.","post_excerpt":"","post_status":"publish","comment_status":"closed","ping_status":"closed","post_password":"","post_name":"beascoa-ediciones-s-a","to_ping":"","pinged":"","post_modified":"2022-10-14 11:51:20","post_modified_gmt":"2022-10-14 09:51:20","post_content_filtered":"","post_parent":0,"guid":"http:\/\/dev.claret.cat\/editorial\/beascoa-ediciones-s-a\/","menu_order":0,"post_type":"editorial","post_mime_type":"","comment_count":"0","filter":"raw"}],"autores-libros":[{"ID":151419,"post_author":"3","post_date":"2022-10-14 14:40:44","post_date_gmt":"2022-10-14 12:40:44","post_content":"","post_title":"BEASCOA","post_excerpt":"","post_status":"publish","comment_status":"closed","ping_status":"closed","post_password":"","post_name":"beascoa","to_ping":"","pinged":"","post_modified":"2022-10-14 14:40:44","post_modified_gmt":"2022-10-14 12:40:44","post_content_filtered":"","post_parent":0,"guid":"http:\/\/dev.claret.cat\/autor\/beascoa\/","menu_order":0,"post_type":"autor","post_mime_type":"","comment_count":"0","filter":"raw"}]},"aioseo_notices":[],"_links":{"self":[{"href":"https:\/\/www.claret.cat\/es\/wp-json\/wp\/v2\/product\/27521","targetHints":{"allow":["GET"]}}],"collection":[{"href":"https:\/\/www.claret.cat\/es\/wp-json\/wp\/v2\/product"}],"about":[{"href":"https:\/\/www.claret.cat\/es\/wp-json\/wp\/v2\/types\/product"}],"wp:featuredmedia":[{"embeddable":true,"href":"https:\/\/www.claret.cat\/es\/wp-json\/wp\/v2\/media\/75972"}],"wp:attachment":[{"href":"https:\/\/www.claret.cat\/es\/wp-json\/wp\/v2\/media?parent=27521"}],"wp:term":[{"taxonomy":"product_brand","embeddable":true,"href":"https:\/\/www.claret.cat\/es\/wp-json\/wp\/v2\/product_brand?post=27521"},{"taxonomy":"product_cat","embeddable":true,"href":"https:\/\/www.claret.cat\/es\/wp-json\/wp\/v2\/product_cat?post=27521"},{"taxonomy":"product_tag","embeddable":true,"href":"https:\/\/www.claret.cat\/es\/wp-json\/wp\/v2\/product_tag?post=27521"}],"curies":[{"name":"wp","href":"https:\/\/api.w.org\/{rel}","templated":true}]}}