{"id":27527,"date":"2022-10-02T11:00:39","date_gmt":"2022-10-02T09:00:39","guid":{"rendered":"http:\/\/dev.claret.cat\/producte\/que-viene-el-lobo-masha-y-el-oso-primeras-lecturas\/"},"modified":"2023-01-28T12:59:20","modified_gmt":"2023-01-28T11:59:20","slug":"que-viene-el-lobo-masha-y-el-oso-primeras-lecturas-9788448845971","status":"publish","type":"product","link":"https:\/\/www.claret.cat\/es\/libro\/que-viene-el-lobo-masha-y-el-oso-primeras-lecturas-9788448845971\/","title":{"rendered":"\u00a1QUE VIENE EL LOBO! (MASHA Y EL OSO. PRIMERAS LECTURAS)"},"content":{"rendered":"<p>En el bosque hay dos lobos que dan un poco de miedo&#8230; a todos \u00a1excepto a Masha! Divi\u00e9rtete leyendo las aventuras de Masha y el Oso con esta colecci\u00f3n de cuentos con textos sencillos adaptados para primeros lectores.Masha es una ni\u00f1a muy, muy traviesa y muy curiosa a quien le gusta jugar con todo lo que ve y con todos con los que se encuentra por el camino, ya sea su amigo Oso&#8230; o unos lobos malvados y hambrientos. Pero no hay  nada que temer, es muy probable que todos acaben perdiendo la paciencia ante las travesuras de Masha. La colecci\u00f3n de primeras lecturas de \u00abMasha y el Oso\u00bb est\u00e1 pensada  para ni\u00f1os que se inician en el h\u00e1bito de la lectura. Cada t\u00edtulo contiene dos historias basadas en los episodios de la serie de  televisi\u00f3n, tiernas aventuras repletas de humor e ingenio, con unos personajes cargados de personalidad que transmiten a los ni\u00f1os valores positivos.<\/p>\n","protected":false},"excerpt":{"rendered":"<p>AAVV<\/p>\n","protected":false},"featured_media":75650,"template":"","meta":{"_acf_changed":false,"om_disable_all_campaigns":false,"rs_blank_template":"","rs_page_bg_color":"","slide_template_v7":"","inline_featured_image":false,"_monsterinsights_skip_tracking":false,"_monsterinsights_sitenote_active":false,"_monsterinsights_sitenote_note":"","_monsterinsights_sitenote_category":0},"product_brand":[],"product_cat":[86],"product_tag":[],"class_list":{"0":"post-27527","1":"product","2":"type-product","3":"status-publish","4":"has-post-thumbnail","6":"product_cat-infantil","8":"first","9":"instock","10":"taxable","11":"shipping-taxable","12":"purchasable","13":"product-type-simple"},"acf":{"autor":"AAVV","codart":"844884597","libros-coleccion":"","ediciones":"1","encuadernacion":"Carton\u00e9","fecha_de_publicacion":"15\/03\/2016","novedad":"0","paginas":"32","subtitulo":"","orden":"999","portada":"0","idioma":"spa","autores-libros":[{"ID":8279,"post_author":"3","post_date":"2022-09-30 09:47:23","post_date_gmt":"2022-09-30 07:47:23","post_content":"","post_title":"AAVV","post_excerpt":"","post_status":"publish","comment_status":"closed","ping_status":"closed","post_password":"","post_name":"aavv","to_ping":"","pinged":"","post_modified":"2022-09-30 09:47:23","post_modified_gmt":"2022-09-30 07:47:23","post_content_filtered":"","post_parent":0,"guid":"http:\/\/dev.claret.cat\/autor\/aavv\/","menu_order":0,"post_type":"autor","post_mime_type":"","comment_count":"0","filter":"raw"}],"editorial":[{"ID":147537,"post_author":"3","post_date":"2022-10-14 11:51:20","post_date_gmt":"2022-10-14 09:51:20","post_content":"","post_title":"BEASCOA, EDICIONES S.A.","post_excerpt":"","post_status":"publish","comment_status":"closed","ping_status":"closed","post_password":"","post_name":"beascoa-ediciones-s-a","to_ping":"","pinged":"","post_modified":"2022-10-14 11:51:20","post_modified_gmt":"2022-10-14 09:51:20","post_content_filtered":"","post_parent":0,"guid":"http:\/\/dev.claret.cat\/editorial\/beascoa-ediciones-s-a\/","menu_order":0,"post_type":"editorial","post_mime_type":"","comment_count":"0","filter":"raw"}]},"aioseo_notices":[],"_links":{"self":[{"href":"https:\/\/www.claret.cat\/es\/wp-json\/wp\/v2\/product\/27527","targetHints":{"allow":["GET"]}}],"collection":[{"href":"https:\/\/www.claret.cat\/es\/wp-json\/wp\/v2\/product"}],"about":[{"href":"https:\/\/www.claret.cat\/es\/wp-json\/wp\/v2\/types\/product"}],"wp:featuredmedia":[{"embeddable":true,"href":"https:\/\/www.claret.cat\/es\/wp-json\/wp\/v2\/media\/75650"}],"wp:attachment":[{"href":"https:\/\/www.claret.cat\/es\/wp-json\/wp\/v2\/media?parent=27527"}],"wp:term":[{"taxonomy":"product_brand","embeddable":true,"href":"https:\/\/www.claret.cat\/es\/wp-json\/wp\/v2\/product_brand?post=27527"},{"taxonomy":"product_cat","embeddable":true,"href":"https:\/\/www.claret.cat\/es\/wp-json\/wp\/v2\/product_cat?post=27527"},{"taxonomy":"product_tag","embeddable":true,"href":"https:\/\/www.claret.cat\/es\/wp-json\/wp\/v2\/product_tag?post=27527"}],"curies":[{"name":"wp","href":"https:\/\/api.w.org\/{rel}","templated":true}]}}