{"id":27566,"date":"2022-10-02T11:01:11","date_gmt":"2022-10-02T09:01:11","guid":{"rendered":"http:\/\/dev.claret.cat\/producte\/atrapame-si-puedes-masha-y-el-oso-primeras-lecturas\/"},"modified":"2023-01-28T18:37:08","modified_gmt":"2023-01-28T17:37:08","slug":"atrapame-si-puedes-masha-y-el-oso-primeras-lecturas-9788448846343","status":"publish","type":"product","link":"https:\/\/www.claret.cat\/es\/libro\/atrapame-si-puedes-masha-y-el-oso-primeras-lecturas-9788448846343\/","title":{"rendered":"\u00a1ATR\u00c1PAME SI PUEDES! (MASHA Y EL OSO. PRIMERAS LECTURAS)"},"content":{"rendered":"<p>\u00bfQuieres jugar al escondite? Masha y el Oso te esperan para pasar un rato s\u00faper divertido. Disfruta leyendo las aventuras de Masha y el Oso con esta colecci\u00f3n de cuentos con textos sencillos adaptados para primeros lectores. \u00a1El pobre Oso no encuentra un momento de paz! Primero, tiene que evitar  que Masha le destroce la casa intentando atrapar a una escurridiza liebre. Despu\u00e9s, cuando intenta relajarse con una revista de crucigramas, \u00a1llega Masha empe\u00f1ada en jugar al escondite con \u00e9l! \u00bfD\u00f3nde podr\u00e1 esconderse para que la traviesa ni\u00f1a lo deje tranquilo? La colecci\u00f3n \u00abPrimeras lecturas\u00bb de Masha y el Oso est\u00e1 pensada  para ni\u00f1os que se inician en el h\u00e1bito de la lectura. Cada t\u00edtulo contiene dos historias basadas en los episodios de la serie de televisi\u00f3n, tiernas aventuras repletas de humor e ingenio, con unos personajes cargados de personalidad que transmiten a los ni\u00f1os valores positivos.<\/p>\n","protected":false},"excerpt":{"rendered":"<p>AA.VV.<\/p>\n","protected":false},"featured_media":74690,"template":"","meta":{"_acf_changed":false,"om_disable_all_campaigns":false,"rs_blank_template":"","rs_page_bg_color":"","slide_template_v7":"","inline_featured_image":false,"_monsterinsights_skip_tracking":false,"_monsterinsights_sitenote_active":false,"_monsterinsights_sitenote_note":"","_monsterinsights_sitenote_category":0},"product_brand":[],"product_cat":[86],"product_tag":[],"class_list":{"0":"post-27566","1":"product","2":"type-product","3":"status-publish","4":"has-post-thumbnail","6":"product_cat-infantil","8":"first","9":"instock","10":"taxable","11":"shipping-taxable","12":"purchasable","13":"product-type-simple"},"acf":{"autor":"AA.VV.","codart":"844884634","libros-coleccion":"","ediciones":"1","encuadernacion":"Carton\u00e9","fecha_de_publicacion":"01\/09\/2016","novedad":"0","paginas":"32","subtitulo":"","orden":"999","portada":"0","idioma":"spa","autores-libros":[{"ID":5199,"post_author":"3","post_date":"2022-07-28 17:16:54","post_date_gmt":"2022-07-28 15:16:54","post_content":"","post_title":"AA.VV.","post_excerpt":"","post_status":"publish","comment_status":"closed","ping_status":"closed","post_password":"","post_name":"aa-vv-3","to_ping":"","pinged":"","post_modified":"2022-07-28 17:16:54","post_modified_gmt":"2022-07-28 15:16:54","post_content_filtered":"","post_parent":0,"guid":"http:\/\/dev.claret.cat\/autor\/aa-vv-3\/","menu_order":0,"post_type":"autor","post_mime_type":"","comment_count":"0","filter":"raw"}],"editorial":[{"ID":147537,"post_author":"3","post_date":"2022-10-14 11:51:20","post_date_gmt":"2022-10-14 09:51:20","post_content":"","post_title":"BEASCOA, EDICIONES S.A.","post_excerpt":"","post_status":"publish","comment_status":"closed","ping_status":"closed","post_password":"","post_name":"beascoa-ediciones-s-a","to_ping":"","pinged":"","post_modified":"2022-10-14 11:51:20","post_modified_gmt":"2022-10-14 09:51:20","post_content_filtered":"","post_parent":0,"guid":"http:\/\/dev.claret.cat\/editorial\/beascoa-ediciones-s-a\/","menu_order":0,"post_type":"editorial","post_mime_type":"","comment_count":"0","filter":"raw"}]},"aioseo_notices":[],"_links":{"self":[{"href":"https:\/\/www.claret.cat\/es\/wp-json\/wp\/v2\/product\/27566","targetHints":{"allow":["GET"]}}],"collection":[{"href":"https:\/\/www.claret.cat\/es\/wp-json\/wp\/v2\/product"}],"about":[{"href":"https:\/\/www.claret.cat\/es\/wp-json\/wp\/v2\/types\/product"}],"wp:featuredmedia":[{"embeddable":true,"href":"https:\/\/www.claret.cat\/es\/wp-json\/wp\/v2\/media\/74690"}],"wp:attachment":[{"href":"https:\/\/www.claret.cat\/es\/wp-json\/wp\/v2\/media?parent=27566"}],"wp:term":[{"taxonomy":"product_brand","embeddable":true,"href":"https:\/\/www.claret.cat\/es\/wp-json\/wp\/v2\/product_brand?post=27566"},{"taxonomy":"product_cat","embeddable":true,"href":"https:\/\/www.claret.cat\/es\/wp-json\/wp\/v2\/product_cat?post=27566"},{"taxonomy":"product_tag","embeddable":true,"href":"https:\/\/www.claret.cat\/es\/wp-json\/wp\/v2\/product_tag?post=27566"}],"curies":[{"name":"wp","href":"https:\/\/api.w.org\/{rel}","templated":true}]}}