{"id":27617,"date":"2022-10-02T11:01:51","date_gmt":"2022-10-02T09:01:51","guid":{"rendered":"http:\/\/dev.claret.cat\/producte\/cuentos-con-beso-para-sonar-despiertos\/"},"modified":"2023-01-28T20:35:52","modified_gmt":"2023-01-28T19:35:52","slug":"cuentos-con-beso-para-sonar-despiertos-9788448846794","status":"publish","type":"product","link":"https:\/\/www.claret.cat\/es\/libro\/cuentos-con-beso-para-sonar-despiertos-9788448846794\/","title":{"rendered":"CUENTOS CON BESO PARA SO\u00d1AR DESPIERTOS"},"content":{"rendered":"<p>Cuentos imprescindibles para todos los padres con ni\u00f1os peque\u00f1os que  siempre retrasan el momento de acostarse. En este libro te hemos preparado las mejores historias para contar a los ni\u00f1os de la casa en la m\u00e1gica hora del cuento. T\u00fa s\u00f3lo tienes que terminarlos con un sonoro beso final&#8230; para que puedan so\u00f1ar  despiertos. \u00bfConoces el cuento de&#8230;?<br \/>* la musara\u00f1a que se asust\u00f3 de una marmota<br \/>* la ara\u00f1a que buscaba desesperada qui\u00e9n hab\u00eda roto su tela de ara\u00f1a<br \/>* el viajero que hab\u00eda perdido un beso<br \/>* la verbena que se celebr\u00f3 en el Polo \u00a1Sue\u00f1a con estos y otros muchos besocuentos m\u00e1s!<\/p>\n","protected":false},"excerpt":{"rendered":"<p>SANCHEZ, MA JOSE\/PEREZ, MONI<\/p>\n","protected":false},"featured_media":74426,"template":"","meta":{"_acf_changed":false,"om_disable_all_campaigns":false,"rs_blank_template":"","rs_page_bg_color":"","slide_template_v7":"","inline_featured_image":false,"_monsterinsights_skip_tracking":false,"_monsterinsights_sitenote_active":false,"_monsterinsights_sitenote_note":"","_monsterinsights_sitenote_category":0},"product_brand":[],"product_cat":[86],"product_tag":[],"class_list":{"0":"post-27617","1":"product","2":"type-product","3":"status-publish","4":"has-post-thumbnail","6":"product_cat-infantil","8":"first","9":"instock","10":"taxable","11":"shipping-taxable","12":"purchasable","13":"product-type-simple"},"acf":{"autor":"SANCHEZ, MA JOSE\/PEREZ, MONI","codart":"844884679","libros-coleccion":"","ediciones":"1","encuadernacion":"Carton\u00e9","fecha_de_publicacion":"01\/10\/2016","novedad":"0","paginas":"62","subtitulo":"","orden":"999","portada":"0","idioma":"spa","editorial":[{"ID":6141,"post_author":"3","post_date":"2022-07-28 17:45:46","post_date_gmt":"2022-07-28 15:45:46","post_content":"","post_title":"BEASCOA","post_excerpt":"","post_status":"publish","comment_status":"closed","ping_status":"closed","post_password":"","post_name":"beascoa","to_ping":"","pinged":"","post_modified":"2022-07-28 17:45:46","post_modified_gmt":"2022-07-28 15:45:46","post_content_filtered":"","post_parent":0,"guid":"http:\/\/dev.claret.cat\/editorial\/beascoa\/","menu_order":0,"post_type":"editorial","post_mime_type":"","comment_count":"0","filter":"raw"}],"autores-libros":[{"ID":162928,"post_author":"3","post_date":"2022-10-14 17:34:56","post_date_gmt":"2022-10-14 15:34:56","post_content":"","post_title":"MA JOSE SANCHEZ","post_excerpt":"","post_status":"publish","comment_status":"closed","ping_status":"closed","post_password":"","post_name":"ma-jose-sanchez","to_ping":"","pinged":"","post_modified":"2022-10-14 17:34:56","post_modified_gmt":"2022-10-14 15:34:56","post_content_filtered":"","post_parent":0,"guid":"http:\/\/dev.claret.cat\/autor\/ma-jose-sanchez\/","menu_order":0,"post_type":"autor","post_mime_type":"","comment_count":"0","filter":"raw"},{"ID":165303,"post_author":"3","post_date":"2022-10-14 17:54:06","post_date_gmt":"2022-10-14 15:54:06","post_content":"","post_title":"MONI PEREZ","post_excerpt":"","post_status":"publish","comment_status":"closed","ping_status":"closed","post_password":"","post_name":"moni-perez","to_ping":"","pinged":"","post_modified":"2022-10-14 17:54:06","post_modified_gmt":"2022-10-14 15:54:06","post_content_filtered":"","post_parent":0,"guid":"http:\/\/dev.claret.cat\/autor\/moni-perez\/","menu_order":0,"post_type":"autor","post_mime_type":"","comment_count":"0","filter":"raw"}]},"aioseo_notices":[],"_links":{"self":[{"href":"https:\/\/www.claret.cat\/es\/wp-json\/wp\/v2\/product\/27617","targetHints":{"allow":["GET"]}}],"collection":[{"href":"https:\/\/www.claret.cat\/es\/wp-json\/wp\/v2\/product"}],"about":[{"href":"https:\/\/www.claret.cat\/es\/wp-json\/wp\/v2\/types\/product"}],"wp:featuredmedia":[{"embeddable":true,"href":"https:\/\/www.claret.cat\/es\/wp-json\/wp\/v2\/media\/74426"}],"wp:attachment":[{"href":"https:\/\/www.claret.cat\/es\/wp-json\/wp\/v2\/media?parent=27617"}],"wp:term":[{"taxonomy":"product_brand","embeddable":true,"href":"https:\/\/www.claret.cat\/es\/wp-json\/wp\/v2\/product_brand?post=27617"},{"taxonomy":"product_cat","embeddable":true,"href":"https:\/\/www.claret.cat\/es\/wp-json\/wp\/v2\/product_cat?post=27617"},{"taxonomy":"product_tag","embeddable":true,"href":"https:\/\/www.claret.cat\/es\/wp-json\/wp\/v2\/product_tag?post=27617"}],"curies":[{"name":"wp","href":"https:\/\/api.w.org\/{rel}","templated":true}]}}