{"id":27692,"date":"2022-10-02T11:02:48","date_gmt":"2022-10-02T09:02:48","guid":{"rendered":"http:\/\/dev.claret.cat\/producte\/un-amic-com-tu\/"},"modified":"2023-01-28T02:26:33","modified_gmt":"2023-01-28T01:26:33","slug":"un-amic-com-tu-9788448847289","status":"publish","type":"product","link":"https:\/\/www.claret.cat\/es\/libro\/un-amic-com-tu-9788448847289\/","title":{"rendered":"UN AMIC COM TU"},"content":{"rendered":"<p>Un conte amb adorables il\u00b7lustracions basat en una hist\u00f2ria d&#8217;amistat  entre un ocell i un esquirol que transmet als m\u00e9s petits conceptes tan  importants per la conviv\u00e8ncia com l&#8217;amor, la diversitat i la toler\u00e0ncia. Esquirol i Ocell s\u00f3n molt diferents: a un li agrada saltar i  grimpar i s&#8217;alimenta de fruits secs; l&#8217;altre prefereix volar i cantar  i&#8230; menja cucs! Per\u00f2 a tots dos els encanta provar coses noves. Junts  viuran moments inoblidables i es convertiran en  els millors amics. Compartir amb els m\u00e9s menuts els plaers de la lectura \u00e9s clau pel seu \u00f2ptim desenvolupament intel\u00b7lectual. Els llibres, les seves hist\u00f2ries,  s\u00f3n l&#8217;eina perfecta perqu\u00e8 coneguin el seu entorn i el m\u00f3n que els  envolta, a m\u00e9s a m\u00e9s d&#8217;ensenyar-los valors i millorar la seva educaci\u00f3.<\/p>\n","protected":false},"excerpt":{"rendered":"<p>SCHOMBURG, ANDREA\/ROTTGEN, BARBARA<\/p>\n","protected":false},"featured_media":73282,"template":"","meta":{"_acf_changed":false,"om_disable_all_campaigns":false,"rs_blank_template":"","rs_page_bg_color":"","slide_template_v7":"","inline_featured_image":false,"_monsterinsights_skip_tracking":false,"_monsterinsights_sitenote_active":false,"_monsterinsights_sitenote_note":"","_monsterinsights_sitenote_category":0},"product_brand":[],"product_cat":[86],"product_tag":[],"class_list":{"0":"post-27692","1":"product","2":"type-product","3":"status-publish","4":"has-post-thumbnail","6":"product_cat-infantil","8":"first","9":"instock","10":"taxable","11":"shipping-taxable","12":"purchasable","13":"product-type-simple"},"acf":{"autor":"SCHOMBURG, ANDREA\/ROTTGEN, BARBARA","codart":"844884728","libros-coleccion":"SUSHI BOOKS","ediciones":"1","encuadernacion":"Carton\u00e9","fecha_de_publicacion":"01\/03\/2017","novedad":"1","paginas":"35","subtitulo":"","orden":"0","portada":"0","idioma":"cat","editorial":[{"ID":6141,"post_author":"3","post_date":"2022-07-28 17:45:46","post_date_gmt":"2022-07-28 15:45:46","post_content":"","post_title":"BEASCOA","post_excerpt":"","post_status":"publish","comment_status":"closed","ping_status":"closed","post_password":"","post_name":"beascoa","to_ping":"","pinged":"","post_modified":"2022-07-28 17:45:46","post_modified_gmt":"2022-07-28 15:45:46","post_content_filtered":"","post_parent":0,"guid":"http:\/\/dev.claret.cat\/editorial\/beascoa\/","menu_order":0,"post_type":"editorial","post_mime_type":"","comment_count":"0","filter":"raw"}],"autores-libros":[{"ID":150238,"post_author":"3","post_date":"2022-10-14 14:31:20","post_date_gmt":"2022-10-14 12:31:20","post_content":"","post_title":"ANDREA SCHOMBURG","post_excerpt":"","post_status":"publish","comment_status":"closed","ping_status":"closed","post_password":"","post_name":"andrea-schomburg","to_ping":"","pinged":"","post_modified":"2022-10-14 14:31:20","post_modified_gmt":"2022-10-14 12:31:20","post_content_filtered":"","post_parent":0,"guid":"http:\/\/dev.claret.cat\/autor\/andrea-schomburg\/","menu_order":0,"post_type":"autor","post_mime_type":"","comment_count":"0","filter":"raw"},{"ID":151357,"post_author":"3","post_date":"2022-10-14 14:40:14","post_date_gmt":"2022-10-14 12:40:14","post_content":"","post_title":"BARBARA ROTTGEN","post_excerpt":"","post_status":"publish","comment_status":"closed","ping_status":"closed","post_password":"","post_name":"barbara-rottgen","to_ping":"","pinged":"","post_modified":"2022-10-14 14:40:14","post_modified_gmt":"2022-10-14 12:40:14","post_content_filtered":"","post_parent":0,"guid":"http:\/\/dev.claret.cat\/autor\/barbara-rottgen\/","menu_order":0,"post_type":"autor","post_mime_type":"","comment_count":"0","filter":"raw"}]},"aioseo_notices":[],"_links":{"self":[{"href":"https:\/\/www.claret.cat\/es\/wp-json\/wp\/v2\/product\/27692","targetHints":{"allow":["GET"]}}],"collection":[{"href":"https:\/\/www.claret.cat\/es\/wp-json\/wp\/v2\/product"}],"about":[{"href":"https:\/\/www.claret.cat\/es\/wp-json\/wp\/v2\/types\/product"}],"wp:featuredmedia":[{"embeddable":true,"href":"https:\/\/www.claret.cat\/es\/wp-json\/wp\/v2\/media\/73282"}],"wp:attachment":[{"href":"https:\/\/www.claret.cat\/es\/wp-json\/wp\/v2\/media?parent=27692"}],"wp:term":[{"taxonomy":"product_brand","embeddable":true,"href":"https:\/\/www.claret.cat\/es\/wp-json\/wp\/v2\/product_brand?post=27692"},{"taxonomy":"product_cat","embeddable":true,"href":"https:\/\/www.claret.cat\/es\/wp-json\/wp\/v2\/product_cat?post=27692"},{"taxonomy":"product_tag","embeddable":true,"href":"https:\/\/www.claret.cat\/es\/wp-json\/wp\/v2\/product_tag?post=27692"}],"curies":[{"name":"wp","href":"https:\/\/api.w.org\/{rel}","templated":true}]}}