{"id":27723,"date":"2022-10-02T11:03:16","date_gmt":"2022-10-02T09:03:16","guid":{"rendered":"http:\/\/dev.claret.cat\/producte\/en-busca-de-pablo\/"},"modified":"2025-12-05T11:05:14","modified_gmt":"2025-12-05T10:05:14","slug":"en-busca-de-pablo-9788481696974","status":"publish","type":"product","link":"https:\/\/www.claret.cat\/es\/libro\/en-busca-de-pablo-9788481696974\/","title":{"rendered":"EN BUSCA DE PABLO"},"content":{"rendered":"<p>\u00bfInvent\u00f3 Pablo el cristianismo? Los autores utilizan nuevos an\u00e1lisis hist\u00f3ricos y descubrimientos arqueol\u00f3gicos para responder a \u00e9sta y a otras preguntas vitales sobre Pablo y los primeros cristianos. Crossan y Reed ponen de manifiesto que Pablo, como Jes\u00fas, se dedic\u00f3 enteramente a defender el Reino de Dios \u2013un reino de justicia e igualdad\u2013 contra los poderes mundanos dominantes del Imperio romano.<\/p>\n","protected":false},"excerpt":{"rendered":"<p>CROSSAN,J.D;REED,J.L<\/p>\n","protected":false},"featured_media":371913,"template":"","meta":{"_acf_changed":false,"om_disable_all_campaigns":false,"rs_blank_template":"","rs_page_bg_color":"","slide_template_v7":"","inline_featured_image":false,"_monsterinsights_skip_tracking":false,"_monsterinsights_sitenote_active":false,"_monsterinsights_sitenote_note":"","_monsterinsights_sitenote_category":0},"product_brand":[],"product_cat":[467,206,412,274],"product_tag":[],"class_list":{"0":"post-27723","1":"product","2":"type-product","3":"status-publish","4":"has-post-thumbnail","6":"product_cat-epistolas-de-san-pablo","7":"product_cat-epistoles-de-sant-pau","8":"product_cat-estudios-sagrada-escritura","9":"product_cat-estudis-sagrada-escriptura","11":"first","12":"instock","13":"taxable","14":"shipping-taxable","15":"purchasable","16":"product-type-simple"},"acf":{"autor":"CROSSAN,J.D;REED,J.L","codart":"848169697","libros-coleccion":"AGORA","ediciones":"1","encuadernacion":"Carton\u00e9","fecha_de_publicacion":"19\/04\/2006","novedad":"0","paginas":"560","subtitulo":"EL IMPERIO DE ROMA Y EL REINO DE DIOS FRENTE A FRENTE EN UNA NUEVA VISI\u00d3N DE LAS PALABRAS Y EL MUNDO DEL AP\u00d3STOL DE JES\u00daS","orden":"999","portada":"0","idioma":"spa","editorial":[{"ID":6390,"post_author":"3","post_date":"2022-07-28 17:51:08","post_date_gmt":"2022-07-28 15:51:08","post_content":"","post_title":"VERBO DIVINO","post_excerpt":"","post_status":"publish","comment_status":"closed","ping_status":"closed","post_password":"","post_name":"verbo-divino","to_ping":"","pinged":"","post_modified":"2022-07-28 17:51:08","post_modified_gmt":"2022-07-28 15:51:08","post_content_filtered":"","post_parent":0,"guid":"http:\/\/dev.claret.cat\/editorial\/verbo-divino\/","menu_order":0,"post_type":"editorial","post_mime_type":"","comment_count":"0","filter":"raw"}],"autores-libros":[{"ID":158245,"post_author":"3","post_date":"2022-10-14 15:35:18","post_date_gmt":"2022-10-14 13:35:18","post_content":"","post_title":"J.D CROSSAN","post_excerpt":"","post_status":"publish","comment_status":"closed","ping_status":"closed","post_password":"","post_name":"j-d-crossan","to_ping":"","pinged":"","post_modified":"2022-10-14 15:35:18","post_modified_gmt":"2022-10-14 13:35:18","post_content_filtered":"","post_parent":0,"guid":"http:\/\/dev.claret.cat\/autor\/j-d-crossan\/","menu_order":0,"post_type":"autor","post_mime_type":"","comment_count":"0","filter":"raw"},{"ID":158250,"post_author":"3","post_date":"2022-10-14 15:35:21","post_date_gmt":"2022-10-14 13:35:21","post_content":"","post_title":"J.L REED","post_excerpt":"","post_status":"publish","comment_status":"closed","ping_status":"closed","post_password":"","post_name":"j-l-reed","to_ping":"","pinged":"","post_modified":"2022-10-14 15:35:21","post_modified_gmt":"2022-10-14 13:35:21","post_content_filtered":"","post_parent":0,"guid":"http:\/\/dev.claret.cat\/autor\/j-l-reed\/","menu_order":0,"post_type":"autor","post_mime_type":"","comment_count":"0","filter":"raw"}],"booktrailer":"","resenas":""},"aioseo_notices":[],"_links":{"self":[{"href":"https:\/\/www.claret.cat\/es\/wp-json\/wp\/v2\/product\/27723","targetHints":{"allow":["GET"]}}],"collection":[{"href":"https:\/\/www.claret.cat\/es\/wp-json\/wp\/v2\/product"}],"about":[{"href":"https:\/\/www.claret.cat\/es\/wp-json\/wp\/v2\/types\/product"}],"wp:featuredmedia":[{"embeddable":true,"href":"https:\/\/www.claret.cat\/es\/wp-json\/wp\/v2\/media\/371913"}],"wp:attachment":[{"href":"https:\/\/www.claret.cat\/es\/wp-json\/wp\/v2\/media?parent=27723"}],"wp:term":[{"taxonomy":"product_brand","embeddable":true,"href":"https:\/\/www.claret.cat\/es\/wp-json\/wp\/v2\/product_brand?post=27723"},{"taxonomy":"product_cat","embeddable":true,"href":"https:\/\/www.claret.cat\/es\/wp-json\/wp\/v2\/product_cat?post=27723"},{"taxonomy":"product_tag","embeddable":true,"href":"https:\/\/www.claret.cat\/es\/wp-json\/wp\/v2\/product_tag?post=27723"}],"curies":[{"name":"wp","href":"https:\/\/api.w.org\/{rel}","templated":true}]}}