{"id":27761,"date":"2022-10-02T11:03:42","date_gmt":"2022-10-02T09:03:42","guid":{"rendered":"http:\/\/dev.claret.cat\/producte\/santa-edith-stein\/"},"modified":"2024-05-23T18:24:19","modified_gmt":"2024-05-23T16:24:19","slug":"santa-edith-stein-9788472399457","status":"publish","type":"product","link":"https:\/\/www.claret.cat\/es\/libro\/santa-edith-stein-9788472399457\/","title":{"rendered":"SANTA EDITH STEIN"},"content":{"rendered":"<p>Presentamos unas p\u00e1ginas que son una breve, pero muy lograda biograf\u00eda de Edith, la carmelita descalza a quien hoy venera nuestra Iglesia como Santa Teresa Benedicta de la Cruz. Su apellido alem\u00e1n, Stein, significa &#8216;piedra&#8217;. Y es que Edith es un diamante de m\u00faltiples facetas. Por fuera, jud\u00eda, agn\u00f3stica, fil\u00f3sofa, defensora de los valores femeninos, convertida, carmelita, m\u00e1rtir. Por dentro, dura para s\u00ed misma, s\u00f3lida, \u00edntegra, nobre, clara, luminosa en su b\u00fasqueda de la &#8216;verdad&#8217;. \u00bfCu\u00e1l es esa verdad? \u00bfC\u00f3mo llegar a ella? Edith no cesar\u00e1 de afinar su pensamiento, y no descansar\u00e1 hasta haberla encontrado. Y la encontr\u00f3; o, mejor dicho, fue ella misma la encontrada. \u00bfC\u00f3mo? Amable lector, toma y lee; la respuesta est\u00e1 en esas p\u00e1ginas.<\/p>\n","protected":false},"excerpt":{"rendered":"<p>DE MEESTER, CONRAD<\/p>\n","protected":false},"featured_media":350756,"template":"","meta":{"_acf_changed":false,"om_disable_all_campaigns":false,"rs_blank_template":"","rs_page_bg_color":"","slide_template_v7":"","inline_featured_image":false,"_monsterinsights_skip_tracking":false,"_monsterinsights_sitenote_active":false,"_monsterinsights_sitenote_note":"","_monsterinsights_sitenote_category":0},"product_brand":[],"product_cat":[242,492,545,95],"product_tag":[],"class_list":{"0":"post-27761","1":"product","2":"type-product","3":"status-publish","4":"has-post-thumbnail","6":"product_cat-carmelitana","7":"product_cat-carmelitana-espiritualidad-1_espiritualidad","8":"product_cat-santoral-1_espiritualidad-spa","9":"product_cat-santoral","11":"first","12":"instock","13":"taxable","14":"shipping-taxable","15":"purchasable","16":"product-type-simple"},"acf":{"autor":"DE MEESTER, CONRAD","codart":"847239945","libros-coleccion":"As\u00ed era","ediciones":"1","encuadernacion":"R\u00fastica","fecha_de_publicacion":"22\/11\/2005","novedad":"0","paginas":"125","subtitulo":"UN AUT\u00c9NTICO DIAMANTE","orden":"999","portada":"0","idioma":"spa","editorial":[{"ID":6309,"post_author":"3","post_date":"2022-07-28 17:49:25","post_date_gmt":"2022-07-28 15:49:25","post_content":"","post_title":"Monte Carmelo","post_excerpt":"","post_status":"publish","comment_status":"closed","ping_status":"closed","post_password":"","post_name":"monte-carmelo","to_ping":"","pinged":"","post_modified":"2022-07-28 17:49:25","post_modified_gmt":"2022-07-28 15:49:25","post_content_filtered":"","post_parent":0,"guid":"http:\/\/dev.claret.cat\/editorial\/monte-carmelo\/","menu_order":0,"post_type":"editorial","post_mime_type":"","comment_count":"0","filter":"raw"}],"autores-libros":[{"ID":153224,"post_author":"3","post_date":"2022-10-14 14:55:04","post_date_gmt":"2022-10-14 12:55:04","post_content":"","post_title":"CONRAD DE MEESTER","post_excerpt":"","post_status":"publish","comment_status":"closed","ping_status":"closed","post_password":"","post_name":"conrad-de-meester","to_ping":"","pinged":"","post_modified":"2022-10-14 14:55:04","post_modified_gmt":"2022-10-14 12:55:04","post_content_filtered":"","post_parent":0,"guid":"http:\/\/dev.claret.cat\/autor\/conrad-de-meester\/","menu_order":0,"post_type":"autor","post_mime_type":"","comment_count":"0","filter":"raw"}]},"aioseo_notices":[],"_links":{"self":[{"href":"https:\/\/www.claret.cat\/es\/wp-json\/wp\/v2\/product\/27761","targetHints":{"allow":["GET"]}}],"collection":[{"href":"https:\/\/www.claret.cat\/es\/wp-json\/wp\/v2\/product"}],"about":[{"href":"https:\/\/www.claret.cat\/es\/wp-json\/wp\/v2\/types\/product"}],"wp:featuredmedia":[{"embeddable":true,"href":"https:\/\/www.claret.cat\/es\/wp-json\/wp\/v2\/media\/350756"}],"wp:attachment":[{"href":"https:\/\/www.claret.cat\/es\/wp-json\/wp\/v2\/media?parent=27761"}],"wp:term":[{"taxonomy":"product_brand","embeddable":true,"href":"https:\/\/www.claret.cat\/es\/wp-json\/wp\/v2\/product_brand?post=27761"},{"taxonomy":"product_cat","embeddable":true,"href":"https:\/\/www.claret.cat\/es\/wp-json\/wp\/v2\/product_cat?post=27761"},{"taxonomy":"product_tag","embeddable":true,"href":"https:\/\/www.claret.cat\/es\/wp-json\/wp\/v2\/product_tag?post=27761"}],"curies":[{"name":"wp","href":"https:\/\/api.w.org\/{rel}","templated":true}]}}