{"id":27771,"date":"2022-10-02T11:03:49","date_gmt":"2022-10-02T09:03:49","guid":{"rendered":"http:\/\/dev.claret.cat\/producte\/castillo-interior-de-santa-teresa-de-jesus\/"},"modified":"2025-11-07T12:30:30","modified_gmt":"2025-11-07T11:30:30","slug":"castillo-interior-de-santa-teresa-de-jesus-9788472399570","status":"publish","type":"product","link":"https:\/\/www.claret.cat\/es\/libro\/castillo-interior-de-santa-teresa-de-jesus-9788472399570\/","title":{"rendered":"CASTILLO INTERIOR DE SANTA TERESA DE JES\u00daS"},"content":{"rendered":"<p>La nota m\u00e1s peculiar de esta edici\u00f3n es que est\u00e1 redactada en castellano actual para hcerla m\u00e1s asequible al mundo de hoy. Por lo dem\u00e1s, sabemos que el &#8216;Libro de las Moradas o Castillo Interior&#8217; es la obra m\u00e1s lograda de la Santa Doctora y una de las joyas m\u00e1s apreciadas de la literatura espiritual. Cap\u00edtulo a cap\u00edtulo, vamos atravesando con ella -desde sus mismos aleda\u00f1os- todas las estancias del misterioso castillo de nuestro mundo interior. As\u00ed, hasta llegar de su mano -y entre el relato de confidencias -\u00edntimas- a esa estancia central donde nos espera El.<\/p>\n","protected":false},"excerpt":{"rendered":"<p>JES\u00daS, SANTA TERESA DE; G<\/p>\n","protected":false},"featured_media":350762,"template":"","meta":{"_acf_changed":false,"om_disable_all_campaigns":false,"rs_blank_template":"","rs_page_bg_color":"","slide_template_v7":"","inline_featured_image":false,"_monsterinsights_skip_tracking":false,"_monsterinsights_sitenote_active":false,"_monsterinsights_sitenote_note":"","_monsterinsights_sitenote_category":0},"product_brand":[],"product_cat":[492,242],"product_tag":[],"class_list":{"0":"post-27771","1":"product","2":"type-product","3":"status-publish","4":"has-post-thumbnail","6":"product_cat-carmelitana-espiritualidad-1_espiritualidad","7":"product_cat-carmelitana","9":"first","10":"instock","11":"taxable","12":"shipping-taxable","13":"purchasable","14":"product-type-simple"},"acf":{"autor":"JES\u00daS, SANTA TERESA DE; G","codart":"847239957","libros-coleccion":"Ediciones Populares","ediciones":"1","encuadernacion":"R\u00fastica","fecha_de_publicacion":"07\/07\/2006","novedad":"0","paginas":"288","subtitulo":"VERSI\u00d3N ADAPTADA AL ESPA\u00d1OL ACTUAL","orden":"999","portada":"0","idioma":"spa","editorial":[{"ID":6309,"post_author":"3","post_date":"2022-07-28 17:49:25","post_date_gmt":"2022-07-28 15:49:25","post_content":"","post_title":"Monte Carmelo","post_excerpt":"","post_status":"publish","comment_status":"closed","ping_status":"closed","post_password":"","post_name":"monte-carmelo","to_ping":"","pinged":"","post_modified":"2022-07-28 17:49:25","post_modified_gmt":"2022-07-28 15:49:25","post_content_filtered":"","post_parent":0,"guid":"http:\/\/dev.claret.cat\/editorial\/monte-carmelo\/","menu_order":0,"post_type":"editorial","post_mime_type":"","comment_count":"0","filter":"raw"}],"autores-libros":[{"ID":168998,"post_author":"3","post_date":"2022-10-14 22:23:39","post_date_gmt":"2022-10-14 20:23:39","post_content":"","post_title":"SANTA TERESA DE JES\u00daS","post_excerpt":"","post_status":"publish","comment_status":"closed","ping_status":"closed","post_password":"","post_name":"santa-teresa-de-jesus-3","to_ping":"","pinged":"","post_modified":"2022-10-14 22:23:39","post_modified_gmt":"2022-10-14 20:23:39","post_content_filtered":"","post_parent":0,"guid":"http:\/\/dev.claret.cat\/autor\/santa-teresa-de-jesus-3\/","menu_order":0,"post_type":"autor","post_mime_type":"","comment_count":"0","filter":"raw"},{"ID":8315,"post_author":"3","post_date":"2022-09-30 09:47:39","post_date_gmt":"2022-09-30 07:47:39","post_content":"","post_title":"EDUARDO T. GIL DE MURO","post_excerpt":"","post_status":"publish","comment_status":"closed","ping_status":"closed","post_password":"","post_name":"eduardo-t-gil-de-muro","to_ping":"","pinged":"","post_modified":"2022-09-30 09:47:39","post_modified_gmt":"2022-09-30 07:47:39","post_content_filtered":"","post_parent":0,"guid":"http:\/\/dev.claret.cat\/autor\/eduardo-t-gil-de-muro\/","menu_order":0,"post_type":"autor","post_mime_type":"","comment_count":"0","filter":"raw"}],"booktrailer":"","resenas":""},"aioseo_notices":[],"_links":{"self":[{"href":"https:\/\/www.claret.cat\/es\/wp-json\/wp\/v2\/product\/27771","targetHints":{"allow":["GET"]}}],"collection":[{"href":"https:\/\/www.claret.cat\/es\/wp-json\/wp\/v2\/product"}],"about":[{"href":"https:\/\/www.claret.cat\/es\/wp-json\/wp\/v2\/types\/product"}],"wp:featuredmedia":[{"embeddable":true,"href":"https:\/\/www.claret.cat\/es\/wp-json\/wp\/v2\/media\/350762"}],"wp:attachment":[{"href":"https:\/\/www.claret.cat\/es\/wp-json\/wp\/v2\/media?parent=27771"}],"wp:term":[{"taxonomy":"product_brand","embeddable":true,"href":"https:\/\/www.claret.cat\/es\/wp-json\/wp\/v2\/product_brand?post=27771"},{"taxonomy":"product_cat","embeddable":true,"href":"https:\/\/www.claret.cat\/es\/wp-json\/wp\/v2\/product_cat?post=27771"},{"taxonomy":"product_tag","embeddable":true,"href":"https:\/\/www.claret.cat\/es\/wp-json\/wp\/v2\/product_tag?post=27771"}],"curies":[{"name":"wp","href":"https:\/\/api.w.org\/{rel}","templated":true}]}}