{"id":27774,"date":"2022-10-02T11:03:51","date_gmt":"2022-10-02T09:03:51","guid":{"rendered":"http:\/\/dev.claret.cat\/producte\/obras-completas-ii-escritos-filosoficos\/"},"modified":"2024-07-17T10:31:08","modified_gmt":"2024-07-17T08:31:08","slug":"obras-completas-ii-escritos-filosoficos-9788472399631","status":"publish","type":"product","link":"https:\/\/www.claret.cat\/es\/libro\/obras-completas-ii-escritos-filosoficos-9788472399631\/","title":{"rendered":"OBRAS COMPLETAS, II. ESCRITOS FILOS\u00d3FICOS"},"content":{"rendered":"<p>Por primera vez se presenta en espa\u00f1ola totalidad de los escritos fenomenol\u00f3gicos de Edith Stein. Quiz\u00e1s, muchos de ellos eran hasta ahora desconocidos por el amplio p\u00fablico de lectores y admiradores de Edith. S\u00f3lo su tesis de doctorado, sobre el problema de la empat\u00eda, hab\u00eda sido publicada en dos traducciones: una -la primera- realizada en M\u00e9xico; y \u00faltimamente traducida y publicada en Espa\u00f1a.<br \/>Podemos afirmar que la base del pensamiento steiniano que luego desarrollar\u00e1 y ampliar\u00e1 desde diversas perspectivas, ya se encuentra presente en estos escritos, especialmente lo que ata\u00f1e a la cuesti\u00f3n antropol\u00f3gica. Ciertamente no tenemos aqu\u00ed el pensamiento completo de Edith que se ver\u00e1 sumamente enriquecido y ampliado por el contacto con la filosof\u00eda y teolog\u00eda cristianas, as\u00ed como por los m\u00edsticos, especialmente los m\u00edsticos del Carmelo.<\/p>\n","protected":false},"excerpt":{"rendered":"<p>STEIN, EDITH; URKIZA, JUL<\/p>\n","protected":false},"featured_media":975315,"template":"","meta":{"_acf_changed":false,"om_disable_all_campaigns":false,"rs_blank_template":"","rs_page_bg_color":"","slide_template_v7":"","inline_featured_image":false,"_monsterinsights_skip_tracking":false,"_monsterinsights_sitenote_active":false,"_monsterinsights_sitenote_note":"","_monsterinsights_sitenote_category":0},"product_brand":[],"product_cat":[242,492],"product_tag":[],"class_list":{"0":"post-27774","1":"product","2":"type-product","3":"status-publish","4":"has-post-thumbnail","6":"product_cat-carmelitana","7":"product_cat-carmelitana-espiritualidad-1_espiritualidad","9":"first","10":"instock","11":"taxable","12":"shipping-taxable","13":"purchasable","14":"product-type-simple"},"acf":{"autor":"STEIN, EDITH; URKIZA, JUL","codart":"847239963","libros-coleccion":"","ediciones":"1","encuadernacion":"Tela","fecha_de_publicacion":"07\/07\/2006","novedad":"0","paginas":"949","subtitulo":"ETAPA FENOMENOL\u00d3GICA: 1915 - 1920","orden":"999","portada":"0","idioma":"spa","editorial":[{"ID":6309,"post_author":"3","post_date":"2022-07-28 17:49:25","post_date_gmt":"2022-07-28 15:49:25","post_content":"","post_title":"Monte Carmelo","post_excerpt":"","post_status":"publish","comment_status":"closed","ping_status":"closed","post_password":"","post_name":"monte-carmelo","to_ping":"","pinged":"","post_modified":"2022-07-28 17:49:25","post_modified_gmt":"2022-07-28 15:49:25","post_content_filtered":"","post_parent":0,"guid":"http:\/\/dev.claret.cat\/editorial\/monte-carmelo\/","menu_order":0,"post_type":"editorial","post_mime_type":"","comment_count":"0","filter":"raw"}],"autores-libros":[{"ID":154513,"post_author":"3","post_date":"2022-10-14 15:05:24","post_date_gmt":"2022-10-14 13:05:24","post_content":"","post_title":"EDITH STEIN","post_excerpt":"","post_status":"publish","comment_status":"closed","ping_status":"closed","post_password":"","post_name":"edith-stein","to_ping":"","pinged":"","post_modified":"2022-10-14 15:05:24","post_modified_gmt":"2022-10-14 13:05:24","post_content_filtered":"","post_parent":0,"guid":"http:\/\/dev.claret.cat\/autor\/edith-stein\/","menu_order":0,"post_type":"autor","post_mime_type":"","comment_count":"0","filter":"raw"},{"ID":161231,"post_author":"3","post_date":"2022-10-14 17:16:32","post_date_gmt":"2022-10-14 15:16:32","post_content":"","post_title":"JULEN (ed) URKIZA","post_excerpt":"","post_status":"publish","comment_status":"closed","ping_status":"closed","post_password":"","post_name":"julen-ed-urkiza","to_ping":"","pinged":"","post_modified":"2022-10-14 17:16:32","post_modified_gmt":"2022-10-14 15:16:32","post_content_filtered":"","post_parent":0,"guid":"http:\/\/dev.claret.cat\/autor\/julen-ed-urkiza\/","menu_order":0,"post_type":"autor","post_mime_type":"","comment_count":"0","filter":"raw"},{"ID":156261,"post_author":"3","post_date":"2022-10-14 15:19:24","post_date_gmt":"2022-10-14 13:19:24","post_content":"","post_title":"FRANCISCO JAVIER (ed) SANCHO","post_excerpt":"","post_status":"publish","comment_status":"closed","ping_status":"closed","post_password":"","post_name":"francisco-javier-ed-sancho","to_ping":"","pinged":"","post_modified":"2022-10-14 15:19:24","post_modified_gmt":"2022-10-14 13:19:24","post_content_filtered":"","post_parent":0,"guid":"http:\/\/dev.claret.cat\/autor\/francisco-javier-ed-sancho\/","menu_order":0,"post_type":"autor","post_mime_type":"","comment_count":"0","filter":"raw"}]},"aioseo_notices":[],"_links":{"self":[{"href":"https:\/\/www.claret.cat\/es\/wp-json\/wp\/v2\/product\/27774","targetHints":{"allow":["GET"]}}],"collection":[{"href":"https:\/\/www.claret.cat\/es\/wp-json\/wp\/v2\/product"}],"about":[{"href":"https:\/\/www.claret.cat\/es\/wp-json\/wp\/v2\/types\/product"}],"wp:featuredmedia":[{"embeddable":true,"href":"https:\/\/www.claret.cat\/es\/wp-json\/wp\/v2\/media\/975315"}],"wp:attachment":[{"href":"https:\/\/www.claret.cat\/es\/wp-json\/wp\/v2\/media?parent=27774"}],"wp:term":[{"taxonomy":"product_brand","embeddable":true,"href":"https:\/\/www.claret.cat\/es\/wp-json\/wp\/v2\/product_brand?post=27774"},{"taxonomy":"product_cat","embeddable":true,"href":"https:\/\/www.claret.cat\/es\/wp-json\/wp\/v2\/product_cat?post=27774"},{"taxonomy":"product_tag","embeddable":true,"href":"https:\/\/www.claret.cat\/es\/wp-json\/wp\/v2\/product_tag?post=27774"}],"curies":[{"name":"wp","href":"https:\/\/api.w.org\/{rel}","templated":true}]}}