{"id":27790,"date":"2022-10-02T11:04:01","date_gmt":"2022-10-02T09:04:01","guid":{"rendered":"http:\/\/dev.claret.cat\/producte\/senyor-que-hi-vegi\/"},"modified":"2024-05-23T17:22:31","modified_gmt":"2024-05-23T15:22:31","slug":"senyor-que-hi-vegi-9788472639690","status":"publish","type":"product","link":"https:\/\/www.claret.cat\/es\/libro\/senyor-que-hi-vegi-9788472639690\/","title":{"rendered":"SENYOR, QUE HI VEGI"},"content":{"rendered":"<p>Amb aquest llibre Jes\u00fas Renau vol oferir una guia que ajudi a obrir el cam\u00ed de la conversi\u00f3 enmig de molts condicionants de tipus sociol\u00f2gic, mental, cultural i psicol\u00f2gic.<br \/>Aquest fet que en diem conversi\u00f3, i que molts cops \u00e9s un proc\u00e9s llarg i complicat, situa la vida d&#8217;una persona en una din\u00e0mica que \u00e9s com una aventura cap al desconegut, cr\u00edtica del passat, i que l&#8217;obre a una misteriosa expectativa.<br \/>Els temps que actualment vivim som propicis a les conversions. Ens mostren que la Paraula no \u00e9s encadenada, que avui trenca condicionaments que col\u00b7lapsen moltes de les millors energies, i que omple la immensa buidor del primer m\u00f3n.<br \/>La conversi\u00f3 trenca tots els esquemes preestablerts i se situa entre les realitats immensurables, que sovint a la llarga, resulten les definitives. Amb aquest llibre, Jes\u00fas Renau vol oferir una guia que ajudi a obrir el cam\u00ed de la conversi\u00f3 enmig dels molts condicionants de tipus sociol\u00f2gic, mental, cultural i psicol\u00f2gic.<\/p>\n","protected":false},"excerpt":{"rendered":"<p>RENAU I MAN\u00c9N, S.I., JES\u00daS<\/p>\n","protected":false},"featured_media":351669,"template":"","meta":{"_acf_changed":false,"om_disable_all_campaigns":false,"rs_blank_template":"","rs_page_bg_color":"","slide_template_v7":"","inline_featured_image":false,"_monsterinsights_skip_tracking":false,"_monsterinsights_sitenote_active":false,"_monsterinsights_sitenote_note":"","_monsterinsights_sitenote_category":0},"product_brand":[],"product_cat":[237,488,581,497,248,394,236],"product_tag":[],"class_list":{"0":"post-27790","1":"product","2":"type-product","3":"status-publish","4":"has-post-thumbnail","6":"product_cat-cami-de-perfeccionament","7":"product_cat-camino-de-perfeccionamiento","8":"product_cat-editorial-claret","9":"product_cat-meditaciones","10":"product_cat-meditacions","11":"product_cat-vida-cotidiana","12":"product_cat-vida-quotidiana","14":"first","15":"instock","16":"taxable","17":"shipping-taxable","18":"purchasable","19":"product-type-simple"},"acf":{"autor":"RENAU I MAN\u00c9N, S.I., JES\u00daS","codart":"847263969","libros-coleccion":"ELS DAUS","ediciones":"1","encuadernacion":"R\u00fastica","fecha_de_publicacion":"01\/05\/1995","novedad":"0","paginas":"96","subtitulo":"MEDITACIONS PER A TEMPS DE CONVERSI\u00d3","orden":"999","portada":"0","idioma":"cat","editorial":[{"ID":6158,"post_author":"3","post_date":"2022-07-28 17:46:08","post_date_gmt":"2022-07-28 15:46:08","post_content":"","post_title":"CLARET","post_excerpt":"","post_status":"publish","comment_status":"closed","ping_status":"closed","post_password":"","post_name":"claret","to_ping":"","pinged":"","post_modified":"2022-07-28 17:46:08","post_modified_gmt":"2022-07-28 15:46:08","post_content_filtered":"","post_parent":0,"guid":"http:\/\/dev.claret.cat\/editorial\/claret\/","menu_order":0,"post_type":"editorial","post_mime_type":"","comment_count":"0","filter":"raw"}],"autores-libros":[{"ID":5589,"post_author":"3","post_date":"2022-07-28 17:27:14","post_date_gmt":"2022-07-28 15:27:14","post_content":"","post_title":"JES\u00daS RENAU I MAN\u00c9N, S.I.","post_excerpt":"","post_status":"publish","comment_status":"closed","ping_status":"closed","post_password":"","post_name":"jesus-renau-i-manen-s-i","to_ping":"","pinged":"","post_modified":"2022-07-28 17:27:14","post_modified_gmt":"2022-07-28 15:27:14","post_content_filtered":"","post_parent":0,"guid":"http:\/\/dev.claret.cat\/autor\/jesus-renau-i-manen-s-i\/","menu_order":0,"post_type":"autor","post_mime_type":"","comment_count":"0","filter":"raw"}]},"aioseo_notices":[],"_links":{"self":[{"href":"https:\/\/www.claret.cat\/es\/wp-json\/wp\/v2\/product\/27790","targetHints":{"allow":["GET"]}}],"collection":[{"href":"https:\/\/www.claret.cat\/es\/wp-json\/wp\/v2\/product"}],"about":[{"href":"https:\/\/www.claret.cat\/es\/wp-json\/wp\/v2\/types\/product"}],"wp:featuredmedia":[{"embeddable":true,"href":"https:\/\/www.claret.cat\/es\/wp-json\/wp\/v2\/media\/351669"}],"wp:attachment":[{"href":"https:\/\/www.claret.cat\/es\/wp-json\/wp\/v2\/media?parent=27790"}],"wp:term":[{"taxonomy":"product_brand","embeddable":true,"href":"https:\/\/www.claret.cat\/es\/wp-json\/wp\/v2\/product_brand?post=27790"},{"taxonomy":"product_cat","embeddable":true,"href":"https:\/\/www.claret.cat\/es\/wp-json\/wp\/v2\/product_cat?post=27790"},{"taxonomy":"product_tag","embeddable":true,"href":"https:\/\/www.claret.cat\/es\/wp-json\/wp\/v2\/product_tag?post=27790"}],"curies":[{"name":"wp","href":"https:\/\/api.w.org\/{rel}","templated":true}]}}