{"id":278069,"date":"2022-12-09T09:50:04","date_gmt":"2022-12-09T08:50:04","guid":{"rendered":"http:\/\/dev.claret.cat\/llibre\/biblia-reina-valera-1960-ultrafina\/"},"modified":"2024-05-23T13:46:44","modified_gmt":"2024-05-23T11:46:44","slug":"biblia-reina-valera-1960-ultrafina-9788480836340","status":"publish","type":"product","link":"https:\/\/www.claret.cat\/es\/libro\/biblia-reina-valera-1960-ultrafina-9788480836340\/","title":{"rendered":"BIBLIA REINA VALERA 1960 ULTRAFINA"},"content":{"rendered":"","protected":false},"excerpt":{"rendered":"<p>SOCIEDAD B\u00cdBLICA ESPA\u00d1OLA<\/p>\n","protected":false},"featured_media":307712,"template":"","meta":{"_acf_changed":false,"om_disable_all_campaigns":false,"rs_blank_template":"","rs_page_bg_color":"","slide_template_v7":"","inline_featured_image":false,"_monsterinsights_skip_tracking":false,"_monsterinsights_sitenote_active":false,"_monsterinsights_sitenote_note":"","_monsterinsights_sitenote_category":0},"product_brand":[],"product_cat":[420,296],"product_tag":[],"class_list":{"0":"post-278069","1":"product","2":"type-product","3":"status-publish","4":"has-post-thumbnail","6":"product_cat-biblias","7":"product_cat-biblies","9":"first","10":"instock","11":"taxable","12":"shipping-taxable","13":"purchasable","14":"product-type-simple"},"acf":{"autor":"SOCIEDAD B\u00cdBLICA ESPA\u00d1OLA","codart":"848083634","libros-coleccion":"","ediciones":"1","encuadernacion":"R\u00fastica","fecha_de_publicacion":"09\/12\/2022","novedad":"0","paginas":"1195","subtitulo":"","orden":"0","portada":"0","idioma":"spa","editorial":[{"ID":6366,"post_author":"3","post_date":"2022-07-28 17:50:39","post_date_gmt":"2022-07-28 15:50:39","post_content":"","post_title":"Sociedad B\u00edblica","post_excerpt":"","post_status":"publish","comment_status":"closed","ping_status":"closed","post_password":"","post_name":"sociedad-biblica","to_ping":"","pinged":"","post_modified":"2022-07-28 17:50:39","post_modified_gmt":"2022-07-28 15:50:39","post_content_filtered":"","post_parent":0,"guid":"http:\/\/dev.claret.cat\/editorial\/sociedad-biblica\/","menu_order":0,"post_type":"editorial","post_mime_type":"","comment_count":"0","filter":"raw"}],"autores-libros":[{"ID":278068,"post_author":"3","post_date":"2022-12-09 09:50:01","post_date_gmt":"2022-12-09 08:50:01","post_content":"","post_title":"SOCIEDAD B\u00cdBLICA ESPA\u00d1OLA","post_excerpt":"","post_status":"publish","comment_status":"closed","ping_status":"closed","post_password":"","post_name":"sociedad-biblica-espanola","to_ping":"","pinged":"","post_modified":"2022-12-09 09:50:01","post_modified_gmt":"2022-12-09 08:50:01","post_content_filtered":"","post_parent":0,"guid":"http:\/\/dev.claret.cat\/autor\/sociedad-biblica-espanola\/","menu_order":0,"post_type":"autor","post_mime_type":"","comment_count":"0","filter":"raw"}]},"aioseo_notices":[],"_links":{"self":[{"href":"https:\/\/www.claret.cat\/es\/wp-json\/wp\/v2\/product\/278069","targetHints":{"allow":["GET"]}}],"collection":[{"href":"https:\/\/www.claret.cat\/es\/wp-json\/wp\/v2\/product"}],"about":[{"href":"https:\/\/www.claret.cat\/es\/wp-json\/wp\/v2\/types\/product"}],"wp:featuredmedia":[{"embeddable":true,"href":"https:\/\/www.claret.cat\/es\/wp-json\/wp\/v2\/media\/307712"}],"wp:attachment":[{"href":"https:\/\/www.claret.cat\/es\/wp-json\/wp\/v2\/media?parent=278069"}],"wp:term":[{"taxonomy":"product_brand","embeddable":true,"href":"https:\/\/www.claret.cat\/es\/wp-json\/wp\/v2\/product_brand?post=278069"},{"taxonomy":"product_cat","embeddable":true,"href":"https:\/\/www.claret.cat\/es\/wp-json\/wp\/v2\/product_cat?post=278069"},{"taxonomy":"product_tag","embeddable":true,"href":"https:\/\/www.claret.cat\/es\/wp-json\/wp\/v2\/product_tag?post=278069"}],"curies":[{"name":"wp","href":"https:\/\/api.w.org\/{rel}","templated":true}]}}