{"id":278769,"date":"2022-12-09T16:05:11","date_gmt":"2022-12-09T15:05:11","guid":{"rendered":"http:\/\/dev.claret.cat\/llibre\/biblia-sacra-vulgata\/"},"modified":"2024-08-28T18:55:06","modified_gmt":"2024-08-28T16:55:06","slug":"biblia-sacra-vulgata-9783438053039","status":"publish","type":"product","link":"https:\/\/www.claret.cat\/es\/libro\/biblia-sacra-vulgata-9783438053039\/","title":{"rendered":"BIBLIA SACRA VULGATA"},"content":{"rendered":"<p>Basada en la edici\u00f3n del Antiguo Testamento de los Benedictinos del Monasterio de San Jer\u00f3nimo en Roma, y la edici\u00f3n del Nuevo Testamento de Wordsworth and White.<\/p>\n","protected":false},"excerpt":{"rendered":"<p>FISCHER, BONIFATIO &#8211; GRIB<\/p>\n","protected":false},"featured_media":329524,"template":"","meta":{"_acf_changed":false,"om_disable_all_campaigns":false,"rs_blank_template":"","rs_page_bg_color":"","slide_template_v7":"","inline_featured_image":false,"_monsterinsights_skip_tracking":false,"_monsterinsights_sitenote_active":false,"_monsterinsights_sitenote_note":"","_monsterinsights_sitenote_category":0},"product_brand":[],"product_cat":[548,98,76,342],"product_tag":[],"class_list":{"0":"post-278769","1":"product","2":"type-product","3":"status-publish","4":"has-post-thumbnail","6":"product_cat-diccionarios-5_otras-spa","7":"product_cat-diccionaris","8":"product_cat-teologia","9":"product_cat-teologia-1_espiritualidad","11":"first","12":"instock","13":"taxable","14":"shipping-taxable","15":"purchasable","16":"product-type-simple"},"acf":{"autor":"FISCHER, BONIFATIO - GRIB","codart":"343805303","libros-coleccion":"FORA DE COL.LECCI\u00d3","ediciones":"1","encuadernacion":"[Vac\u00edo]","fecha_de_publicacion":"01\/12\/1983","novedad":"0","paginas":"1988","subtitulo":"","orden":"999","portada":"0","idioma":"spa","editorial":[{"ID":148957,"post_author":"3","post_date":"2022-10-14 12:02:20","post_date_gmt":"2022-10-14 10:02:20","post_content":"","post_title":"VERBO DIVINO, EDITORIAL","post_excerpt":"","post_status":"publish","comment_status":"closed","ping_status":"closed","post_password":"","post_name":"verbo-divino-editorial","to_ping":"","pinged":"","post_modified":"2022-10-14 12:02:20","post_modified_gmt":"2022-10-14 10:02:20","post_content_filtered":"","post_parent":0,"guid":"http:\/\/dev.claret.cat\/editorial\/verbo-divino-editorial\/","menu_order":0,"post_type":"editorial","post_mime_type":"","comment_count":"0","filter":"raw"}],"autores-libros":[{"ID":278768,"post_author":"3","post_date":"2022-12-09 16:05:10","post_date_gmt":"2022-12-09 15:05:10","post_content":"","post_title":"BONIFATIO - GRIBOMONT FISCHER","post_excerpt":"","post_status":"publish","comment_status":"closed","ping_status":"closed","post_password":"","post_name":"bonifatio-gribomont-fischer","to_ping":"","pinged":"","post_modified":"2022-12-09 16:05:10","post_modified_gmt":"2022-12-09 15:05:10","post_content_filtered":"","post_parent":0,"guid":"http:\/\/dev.claret.cat\/autor\/bonifatio-gribomont-fischer\/","menu_order":0,"post_type":"autor","post_mime_type":"","comment_count":"0","filter":"raw"}]},"aioseo_notices":[],"_links":{"self":[{"href":"https:\/\/www.claret.cat\/es\/wp-json\/wp\/v2\/product\/278769","targetHints":{"allow":["GET"]}}],"collection":[{"href":"https:\/\/www.claret.cat\/es\/wp-json\/wp\/v2\/product"}],"about":[{"href":"https:\/\/www.claret.cat\/es\/wp-json\/wp\/v2\/types\/product"}],"wp:featuredmedia":[{"embeddable":true,"href":"https:\/\/www.claret.cat\/es\/wp-json\/wp\/v2\/media\/329524"}],"wp:attachment":[{"href":"https:\/\/www.claret.cat\/es\/wp-json\/wp\/v2\/media?parent=278769"}],"wp:term":[{"taxonomy":"product_brand","embeddable":true,"href":"https:\/\/www.claret.cat\/es\/wp-json\/wp\/v2\/product_brand?post=278769"},{"taxonomy":"product_cat","embeddable":true,"href":"https:\/\/www.claret.cat\/es\/wp-json\/wp\/v2\/product_cat?post=278769"},{"taxonomy":"product_tag","embeddable":true,"href":"https:\/\/www.claret.cat\/es\/wp-json\/wp\/v2\/product_tag?post=278769"}],"curies":[{"name":"wp","href":"https:\/\/api.w.org\/{rel}","templated":true}]}}