{"id":27877,"date":"2022-10-02T11:05:03","date_gmt":"2022-10-02T09:05:03","guid":{"rendered":"http:\/\/dev.claret.cat\/producte\/el-exito-internacional-de-la-cocina-catalana\/"},"modified":"2023-01-28T18:32:41","modified_gmt":"2023-01-28T17:32:41","slug":"el-exito-internacional-de-la-cocina-catalana-9788491680413","status":"publish","type":"product","link":"https:\/\/www.claret.cat\/es\/libro\/el-exito-internacional-de-la-cocina-catalana-9788491680413\/","title":{"rendered":"EL \u00c9XITO INTERNACIONAL DE LA COCINA CATALANA"},"content":{"rendered":"<p>El \u00e9xito de la cocina catalana en las \u00faltimas d\u00e9cadas es indiscutible. Lo corrobora el hecho de que Catalu\u00f1a tenga el mayor n\u00famero de restaurantes galardonados con la estrella Michelin de Espa\u00f1a. La personalidad y el liderazgo de los chefs, la creatividad de las recetas, la innovaci\u00f3n y el \u00abfen\u00f3meno Ferran Adri\u00e0\u00bb son algunos de los factores que, como es sabido, han hecho posible que la gastronom\u00eda catalana haya alcanzado un nivel de excelencia tan alto. Pero, \u00bfexisten otras causas? En esta obra se analizan otros motivos que ayudan a explicar este \u00e9xito, especialmente dos: las relaciones entre los cocineros y su formaci\u00f3n. El anhelo por aprender y mejorar, el ambiente de colaboraci\u00f3n y respeto mutuo son los ingredientes que han situado la cocina catalana entre las mejores del mundo.<\/p>\n","protected":false},"excerpt":{"rendered":"<p>BERNARDO VILAMITJANA, MERC\u00c8 \/ ESCALANTE \u00c0LAMO, RA\u00daL \/ ARBUSS\u00c0 REIXACH, ANNA<\/p>\n","protected":false},"featured_media":68152,"template":"","meta":{"_acf_changed":false,"om_disable_all_campaigns":false,"rs_blank_template":"","rs_page_bg_color":"","slide_template_v7":"","inline_featured_image":false,"_monsterinsights_skip_tracking":false,"_monsterinsights_sitenote_active":false,"_monsterinsights_sitenote_note":"","_monsterinsights_sitenote_category":0},"product_brand":[],"product_cat":[103],"product_tag":[],"class_list":{"0":"post-27877","1":"product","2":"type-product","3":"status-publish","4":"has-post-thumbnail","6":"product_cat-cuina","8":"first","9":"instock","10":"taxable","11":"shipping-taxable","12":"purchasable","13":"product-type-simple"},"acf":{"autor":"BERNARDO VILAMITJANA, MERC\u00c8 \/ ESCALANTE \u00c0LAMO, RA\u00daL \/ ARBUSS\u00c0 REIXACH, ANNA","codart":"849168041","libros-coleccion":"CAT\u00c0LISI","ediciones":"1","encuadernacion":"R\u00fastica","fecha_de_publicacion":"01\/04\/2019","novedad":"1","paginas":"172","subtitulo":"M\u00c1S ALL\u00c1 DE LA CREATIVIDAD Y LA INNOVACI\u00d3N","orden":"0","portada":"0","idioma":"spa","editorial":[{"ID":148712,"post_author":"3","post_date":"2022-10-14 12:00:24","post_date_gmt":"2022-10-14 10:00:24","post_content":"","post_title":"PUBLICACIONS I EDICIONS UNIVERSITAT DE BCN","post_excerpt":"","post_status":"publish","comment_status":"closed","ping_status":"closed","post_password":"","post_name":"publicacions-i-edicions-universitat-de-bcn","to_ping":"","pinged":"","post_modified":"2022-10-14 12:00:24","post_modified_gmt":"2022-10-14 10:00:24","post_content_filtered":"","post_parent":0,"guid":"http:\/\/dev.claret.cat\/editorial\/publicacions-i-edicions-universitat-de-bcn\/","menu_order":0,"post_type":"editorial","post_mime_type":"","comment_count":"0","filter":"raw"}],"autores-libros":[{"ID":164684,"post_author":"3","post_date":"2022-10-14 17:49:03","post_date_gmt":"2022-10-14 15:49:03","post_content":"","post_title":"MERC\u00c8 BERNARDO VILAMITJANA","post_excerpt":"","post_status":"publish","comment_status":"closed","ping_status":"closed","post_password":"","post_name":"merce-bernardo-vilamitjana","to_ping":"","pinged":"","post_modified":"2022-10-14 17:49:03","post_modified_gmt":"2022-10-14 15:49:03","post_content_filtered":"","post_parent":0,"guid":"http:\/\/dev.claret.cat\/autor\/merce-bernardo-vilamitjana\/","menu_order":0,"post_type":"autor","post_mime_type":"","comment_count":"0","filter":"raw"},{"ID":167837,"post_author":"3","post_date":"2022-10-14 18:14:24","post_date_gmt":"2022-10-14 16:14:24","post_content":"","post_title":"RA\u00daL ESCALANTE \u00c0LAMO","post_excerpt":"","post_status":"publish","comment_status":"closed","ping_status":"closed","post_password":"","post_name":"raul-escalante-alamo","to_ping":"","pinged":"","post_modified":"2022-10-14 18:14:24","post_modified_gmt":"2022-10-14 16:14:24","post_content_filtered":"","post_parent":0,"guid":"http:\/\/dev.claret.cat\/autor\/raul-escalante-alamo\/","menu_order":0,"post_type":"autor","post_mime_type":"","comment_count":"0","filter":"raw"},{"ID":150531,"post_author":"3","post_date":"2022-10-14 14:33:42","post_date_gmt":"2022-10-14 12:33:42","post_content":"","post_title":"ANNA ARBUSS\u00c0 REIXACH","post_excerpt":"","post_status":"publish","comment_status":"closed","ping_status":"closed","post_password":"","post_name":"anna-arbussa-reixach","to_ping":"","pinged":"","post_modified":"2022-10-14 14:33:42","post_modified_gmt":"2022-10-14 12:33:42","post_content_filtered":"","post_parent":0,"guid":"http:\/\/dev.claret.cat\/autor\/anna-arbussa-reixach\/","menu_order":0,"post_type":"autor","post_mime_type":"","comment_count":"0","filter":"raw"}]},"aioseo_notices":[],"_links":{"self":[{"href":"https:\/\/www.claret.cat\/es\/wp-json\/wp\/v2\/product\/27877","targetHints":{"allow":["GET"]}}],"collection":[{"href":"https:\/\/www.claret.cat\/es\/wp-json\/wp\/v2\/product"}],"about":[{"href":"https:\/\/www.claret.cat\/es\/wp-json\/wp\/v2\/types\/product"}],"wp:featuredmedia":[{"embeddable":true,"href":"https:\/\/www.claret.cat\/es\/wp-json\/wp\/v2\/media\/68152"}],"wp:attachment":[{"href":"https:\/\/www.claret.cat\/es\/wp-json\/wp\/v2\/media?parent=27877"}],"wp:term":[{"taxonomy":"product_brand","embeddable":true,"href":"https:\/\/www.claret.cat\/es\/wp-json\/wp\/v2\/product_brand?post=27877"},{"taxonomy":"product_cat","embeddable":true,"href":"https:\/\/www.claret.cat\/es\/wp-json\/wp\/v2\/product_cat?post=27877"},{"taxonomy":"product_tag","embeddable":true,"href":"https:\/\/www.claret.cat\/es\/wp-json\/wp\/v2\/product_tag?post=27877"}],"curies":[{"name":"wp","href":"https:\/\/api.w.org\/{rel}","templated":true}]}}