{"id":279863,"date":"2022-12-09T17:19:33","date_gmt":"2022-12-09T16:19:33","guid":{"rendered":"http:\/\/dev.claret.cat\/llibre\/ideologia-y-utopia\/"},"modified":"2024-05-02T16:22:41","modified_gmt":"2024-05-02T14:22:41","slug":"ideologia-y-utopia-9788417835095","status":"publish","type":"product","link":"https:\/\/www.claret.cat\/es\/libro\/ideologia-y-utopia-9788417835095\/","title":{"rendered":"IDEOLOG\u00cdA Y UTOP\u00cdA"},"content":{"rendered":"<p>Este volumen re\u00fane las conferencias sobre ideolog\u00eda y utop\u00eda impartidas por Paul Ricoeur en la Universidad de Chicago en oto\u00f1o de 1975, convirti\u00e9ndose con el tiempo en obra de referencia para algunas corrientes de la filosof\u00eda hermen\u00e9utica y la sociolog\u00eda del conocimiento. Ricoeur retoma la investigaci\u00f3n de Karl Mannheim, quien entend\u00eda ambos conceptos como dos formas de desv\u00edo o incongruencia respecto a la realidad. Frente a esta visi\u00f3n negativa, el fil\u00f3sofo franc\u00e9s considera que en ambos fen\u00f3menos se da tambi\u00e9n el factor positivo y hasta necesario de la construcci\u00f3n de discursos sobre la vida social real.<br \/>El an\u00e1lisis de ideolog\u00eda y utop\u00eda forma parte del proyecto m\u00e1s amplio de una filosof\u00eda de la imaginaci\u00f3n, que Ricoeur estaba elaborando al mismo tiempo que se encaminaba hacia su vasta hermen\u00e9utica de la sociedad. Los discursos, tanto ideol\u00f3gicos como ut\u00f3picos, son los lugares donde la sociedad elabora respuestas a los cambios hist\u00f3ricos y sociales. La investigaci\u00f3n incluye un an\u00e1lisis detallado del concepto de ideolog\u00eda en Marx y de su evoluci\u00f3n en las teor\u00edas de Weber, Althusser, Habermas y Geertz, entre otros. En cuanto a la utop\u00eda, se proponen interpretaciones novedosas de las obras renacentistas y modernas desde Tom\u00e1s Moro hasta Fourier y otros ut\u00f3picos del XIX.<\/p>\n","protected":false},"excerpt":{"rendered":"<p>RICOEUR, PAUL<\/p>\n","protected":false},"featured_media":330372,"template":"","meta":{"_acf_changed":false,"om_disable_all_campaigns":false,"rs_blank_template":"","rs_page_bg_color":"","slide_template_v7":"","inline_featured_image":false,"_monsterinsights_skip_tracking":false,"_monsterinsights_sitenote_active":false,"_monsterinsights_sitenote_note":"","_monsterinsights_sitenote_category":0},"product_brand":[],"product_cat":[83,349],"product_tag":[],"class_list":{"0":"post-279863","1":"product","2":"type-product","3":"status-publish","4":"has-post-thumbnail","6":"product_cat-filosofia","7":"product_cat-filosofia-2_humanidades","9":"first","10":"instock","11":"taxable","12":"shipping-taxable","13":"purchasable","14":"product-type-simple"},"acf":{"autor":"RICOEUR, PAUL","codart":"841783509","libros-coleccion":"CLADEMA POLITICA","ediciones":"1","encuadernacion":"R\u00fastica","fecha_de_publicacion":"01\/05\/2019","novedad":"1","paginas":"356","subtitulo":"","orden":"0","portada":"0","idioma":"spa","editorial":[{"ID":148202,"post_author":"3","post_date":"2022-10-14 11:56:25","post_date_gmt":"2022-10-14 09:56:25","post_content":"","post_title":"GEDISA EDITORIAL","post_excerpt":"","post_status":"publish","comment_status":"closed","ping_status":"closed","post_password":"","post_name":"gedisa-editorial-2","to_ping":"","pinged":"","post_modified":"2022-10-14 11:56:25","post_modified_gmt":"2022-10-14 09:56:25","post_content_filtered":"","post_parent":0,"guid":"http:\/\/dev.claret.cat\/editorial\/gedisa-editorial-2\/","menu_order":0,"post_type":"editorial","post_mime_type":"","comment_count":"0","filter":"raw"}],"autores-libros":[{"ID":166751,"post_author":"3","post_date":"2022-10-14 18:05:45","post_date_gmt":"2022-10-14 16:05:45","post_content":"","post_title":"PAUL RICOEUR","post_excerpt":"","post_status":"publish","comment_status":"closed","ping_status":"closed","post_password":"","post_name":"paul-ricoeur","to_ping":"","pinged":"","post_modified":"2022-10-14 18:05:45","post_modified_gmt":"2022-10-14 16:05:45","post_content_filtered":"","post_parent":0,"guid":"http:\/\/dev.claret.cat\/autor\/paul-ricoeur\/","menu_order":0,"post_type":"autor","post_mime_type":"","comment_count":"0","filter":"raw"}]},"aioseo_notices":[],"_links":{"self":[{"href":"https:\/\/www.claret.cat\/es\/wp-json\/wp\/v2\/product\/279863","targetHints":{"allow":["GET"]}}],"collection":[{"href":"https:\/\/www.claret.cat\/es\/wp-json\/wp\/v2\/product"}],"about":[{"href":"https:\/\/www.claret.cat\/es\/wp-json\/wp\/v2\/types\/product"}],"wp:featuredmedia":[{"embeddable":true,"href":"https:\/\/www.claret.cat\/es\/wp-json\/wp\/v2\/media\/330372"}],"wp:attachment":[{"href":"https:\/\/www.claret.cat\/es\/wp-json\/wp\/v2\/media?parent=279863"}],"wp:term":[{"taxonomy":"product_brand","embeddable":true,"href":"https:\/\/www.claret.cat\/es\/wp-json\/wp\/v2\/product_brand?post=279863"},{"taxonomy":"product_cat","embeddable":true,"href":"https:\/\/www.claret.cat\/es\/wp-json\/wp\/v2\/product_cat?post=279863"},{"taxonomy":"product_tag","embeddable":true,"href":"https:\/\/www.claret.cat\/es\/wp-json\/wp\/v2\/product_tag?post=279863"}],"curies":[{"name":"wp","href":"https:\/\/api.w.org\/{rel}","templated":true}]}}