{"id":279869,"date":"2022-12-09T17:20:06","date_gmt":"2022-12-09T16:20:06","guid":{"rendered":"http:\/\/dev.claret.cat\/llibre\/las-formas-del-olvido\/"},"modified":"2024-05-02T16:22:51","modified_gmt":"2024-05-02T14:22:51","slug":"las-formas-del-olvido-9788417835101","status":"publish","type":"product","link":"https:\/\/www.claret.cat\/es\/libro\/las-formas-del-olvido-9788417835101\/","title":{"rendered":"LAS FORMAS DEL OLVIDO"},"content":{"rendered":"<p>Este profundo estudio de Marc Aug\u00e9 analiza las funciones culturales del olvido y sus diversas formas de ritualizaci\u00f3n, pues olvidar est\u00e1 en \u00edntima relaci\u00f3n con el recuerdo y resulta tan necesario como \u00e9ste para la identidad social y personal. Recuerdo y olvido guardan una relaci\u00f3n de interdependencia parecida a la de vida y muerte: para poder vivir, tanto el individuo como la sociedad deben poder olvidar ciertas experiencias pasadas.<br \/>Las concepciones psicoanal\u00edticas de memoria y olvido en relaci\u00f3n con la reconstrucci\u00f3n de vivencias, la elaboraci\u00f3n de la narratividad de Ricoeur frente a la de la simbolizaci\u00f3n de Geertz, o los rituales de posesi\u00f3n y de cambio de rol en ciertas culturas (donde se suspende la continuidad del tiempo subjetivo y la identidad para luego \u00abrecomenzar\u00bb una nueva vida) son objeto de la reflexi\u00f3n del antrop\u00f3logo franc\u00e9s, que combina cuestiones de transculturalidad con planteamientos cognitivos, sem\u00e1nticos y \u00e9ticos. En conclusi\u00f3n, se reafirma el deber de recordar para las generaciones posteriores, mientras que existir\u00eda un \u00abdeber de olvidar\u00bb para quienes han sufrido ciertos horrores cuya presentificaci\u00f3n no permitir\u00eda apenas vivir.<\/p>\n","protected":false},"excerpt":{"rendered":"<p>AUG\u00c9, MARC<\/p>\n","protected":false},"featured_media":330374,"template":"","meta":{"_acf_changed":false,"om_disable_all_campaigns":false,"rs_blank_template":"","rs_page_bg_color":"","slide_template_v7":"","inline_featured_image":false,"_monsterinsights_skip_tracking":false,"_monsterinsights_sitenote_active":false,"_monsterinsights_sitenote_note":"","_monsterinsights_sitenote_category":0},"product_brand":[],"product_cat":[81,347],"product_tag":[],"class_list":{"0":"post-279869","1":"product","2":"type-product","3":"status-publish","4":"has-post-thumbnail","6":"product_cat-psicologia","7":"product_cat-psicologia-2_humanidades","9":"first","10":"instock","11":"taxable","12":"shipping-taxable","13":"purchasable","14":"product-type-simple"},"acf":{"autor":"AUG\u00c9, MARC","codart":"841783510","libros-coleccion":"","ediciones":"1","encuadernacion":"R\u00fastica","fecha_de_publicacion":"19\/06\/2019","novedad":"1","paginas":"112","subtitulo":"","orden":"0","portada":"0","idioma":"spa","editorial":[{"ID":148202,"post_author":"3","post_date":"2022-10-14 11:56:25","post_date_gmt":"2022-10-14 09:56:25","post_content":"","post_title":"GEDISA EDITORIAL","post_excerpt":"","post_status":"publish","comment_status":"closed","ping_status":"closed","post_password":"","post_name":"gedisa-editorial-2","to_ping":"","pinged":"","post_modified":"2022-10-14 11:56:25","post_modified_gmt":"2022-10-14 09:56:25","post_content_filtered":"","post_parent":0,"guid":"http:\/\/dev.claret.cat\/editorial\/gedisa-editorial-2\/","menu_order":0,"post_type":"editorial","post_mime_type":"","comment_count":"0","filter":"raw"}],"autores-libros":[{"ID":163287,"post_author":"3","post_date":"2022-10-14 17:37:49","post_date_gmt":"2022-10-14 15:37:49","post_content":"","post_title":"MARC AUG\u00c9","post_excerpt":"","post_status":"publish","comment_status":"closed","ping_status":"closed","post_password":"","post_name":"marc-auge","to_ping":"","pinged":"","post_modified":"2022-10-14 17:37:49","post_modified_gmt":"2022-10-14 15:37:49","post_content_filtered":"","post_parent":0,"guid":"http:\/\/dev.claret.cat\/autor\/marc-auge\/","menu_order":0,"post_type":"autor","post_mime_type":"","comment_count":"0","filter":"raw"}]},"aioseo_notices":[],"_links":{"self":[{"href":"https:\/\/www.claret.cat\/es\/wp-json\/wp\/v2\/product\/279869","targetHints":{"allow":["GET"]}}],"collection":[{"href":"https:\/\/www.claret.cat\/es\/wp-json\/wp\/v2\/product"}],"about":[{"href":"https:\/\/www.claret.cat\/es\/wp-json\/wp\/v2\/types\/product"}],"wp:featuredmedia":[{"embeddable":true,"href":"https:\/\/www.claret.cat\/es\/wp-json\/wp\/v2\/media\/330374"}],"wp:attachment":[{"href":"https:\/\/www.claret.cat\/es\/wp-json\/wp\/v2\/media?parent=279869"}],"wp:term":[{"taxonomy":"product_brand","embeddable":true,"href":"https:\/\/www.claret.cat\/es\/wp-json\/wp\/v2\/product_brand?post=279869"},{"taxonomy":"product_cat","embeddable":true,"href":"https:\/\/www.claret.cat\/es\/wp-json\/wp\/v2\/product_cat?post=279869"},{"taxonomy":"product_tag","embeddable":true,"href":"https:\/\/www.claret.cat\/es\/wp-json\/wp\/v2\/product_tag?post=279869"}],"curies":[{"name":"wp","href":"https:\/\/api.w.org\/{rel}","templated":true}]}}