{"id":27995,"date":"2022-10-02T11:06:55","date_gmt":"2022-10-02T09:06:55","guid":{"rendered":"http:\/\/dev.claret.cat\/producte\/transformar-el-mundo-desde-dentro\/"},"modified":"2023-01-28T01:00:15","modified_gmt":"2023-01-28T00:00:15","slug":"transformar-el-mundo-desde-dentro-9788490618394","status":"publish","type":"product","link":"https:\/\/www.claret.cat\/es\/libro\/transformar-el-mundo-desde-dentro-9788490618394\/","title":{"rendered":"TRANSFORMAR EL MUNDO DESDE DENTRO"},"content":{"rendered":"<p>\u00bfEs posible transformar el mundo para hacerlo m\u00e1s acorde con los sue\u00f1os de Dios? Para Mariano Fazio la tarea de contribuir a la edifi caci\u00f3n de la sociedad es un proyecto apost\u00f3lico entusiasmante, que los cristianos deben realizar con la ayuda de la gracia del Se\u00f1or. \u00abVolver a recomponer lo que hemos roto con el pecado, contribuir a edifi car el reino de Dios (?), un reino de verdad y de vida, de santidad y de gracia, de justicia, de amor y de paz. A todo eso nos llama el Se\u00f1or\u00bb. Este libro aclara el papel del cristiano en la sociedad actual y c\u00f3mo debe actuar para transformarla desde dentro, como hizo Jesucristo.<\/p>\n","protected":false},"excerpt":{"rendered":"<p>FAZIO FERN\u00c1NDEZ, MARIANO<\/p>\n","protected":false},"featured_media":68522,"template":"","meta":{"_acf_changed":false,"om_disable_all_campaigns":false,"rs_blank_template":"","rs_page_bg_color":"","slide_template_v7":"","inline_featured_image":false,"_monsterinsights_skip_tracking":false,"_monsterinsights_sitenote_active":false,"_monsterinsights_sitenote_note":"","_monsterinsights_sitenote_category":0},"product_brand":[],"product_cat":[83],"product_tag":[],"class_list":{"0":"post-27995","1":"product","2":"type-product","3":"status-publish","4":"has-post-thumbnail","6":"product_cat-filosofia","8":"first","9":"instock","10":"taxable","11":"shipping-taxable","12":"purchasable","13":"product-type-simple"},"acf":{"autor":"FAZIO FERN\u00c1NDEZ, MARIANO","codart":"849061839","libros-coleccion":"DBOLSILLO MC","ediciones":"1","encuadernacion":"Carpeta","fecha_de_publicacion":"01\/03\/2019","novedad":"1","paginas":"124","subtitulo":"","orden":"0","portada":"0","idioma":"spa","editorial":[{"ID":148621,"post_author":"3","post_date":"2022-10-14 11:59:41","post_date_gmt":"2022-10-14 09:59:41","post_content":"","post_title":"PALABRA","post_excerpt":"","post_status":"publish","comment_status":"closed","ping_status":"closed","post_password":"","post_name":"palabra","to_ping":"","pinged":"","post_modified":"2022-10-14 11:59:41","post_modified_gmt":"2022-10-14 09:59:41","post_content_filtered":"","post_parent":0,"guid":"http:\/\/dev.claret.cat\/editorial\/palabra\/","menu_order":0,"post_type":"editorial","post_mime_type":"","comment_count":"0","filter":"raw"}],"autores-libros":[{"ID":163853,"post_author":"3","post_date":"2022-10-14 17:42:23","post_date_gmt":"2022-10-14 15:42:23","post_content":"","post_title":"MARIANO FAZIO FERN\u00c1NDEZ","post_excerpt":"","post_status":"publish","comment_status":"closed","ping_status":"closed","post_password":"","post_name":"mariano-fazio-fernandez","to_ping":"","pinged":"","post_modified":"2022-10-14 17:42:23","post_modified_gmt":"2022-10-14 15:42:23","post_content_filtered":"","post_parent":0,"guid":"http:\/\/dev.claret.cat\/autor\/mariano-fazio-fernandez\/","menu_order":0,"post_type":"autor","post_mime_type":"","comment_count":"0","filter":"raw"}]},"aioseo_notices":[],"_links":{"self":[{"href":"https:\/\/www.claret.cat\/es\/wp-json\/wp\/v2\/product\/27995","targetHints":{"allow":["GET"]}}],"collection":[{"href":"https:\/\/www.claret.cat\/es\/wp-json\/wp\/v2\/product"}],"about":[{"href":"https:\/\/www.claret.cat\/es\/wp-json\/wp\/v2\/types\/product"}],"wp:featuredmedia":[{"embeddable":true,"href":"https:\/\/www.claret.cat\/es\/wp-json\/wp\/v2\/media\/68522"}],"wp:attachment":[{"href":"https:\/\/www.claret.cat\/es\/wp-json\/wp\/v2\/media?parent=27995"}],"wp:term":[{"taxonomy":"product_brand","embeddable":true,"href":"https:\/\/www.claret.cat\/es\/wp-json\/wp\/v2\/product_brand?post=27995"},{"taxonomy":"product_cat","embeddable":true,"href":"https:\/\/www.claret.cat\/es\/wp-json\/wp\/v2\/product_cat?post=27995"},{"taxonomy":"product_tag","embeddable":true,"href":"https:\/\/www.claret.cat\/es\/wp-json\/wp\/v2\/product_tag?post=27995"}],"curies":[{"name":"wp","href":"https:\/\/api.w.org\/{rel}","templated":true}]}}