{"id":280,"date":"2022-07-27T15:11:01","date_gmt":"2022-07-27T13:11:01","guid":{"rendered":"http:\/\/dev.claret.cat\/producto\/africanus-edicion-limitada-a-un-precio-especial-trilogia-africanus-1-9788413145907\/"},"modified":"2023-10-06T08:54:01","modified_gmt":"2023-10-06T06:54:01","slug":"africanus-edicion-limitada-a-un-precio-especial-trilogia-africanus-1-9788413145907","status":"publish","type":"product","link":"https:\/\/www.claret.cat\/es\/libro\/africanus-edicion-limitada-a-un-precio-especial-trilogia-africanus-1-9788413145907\/","title":{"rendered":"AFRICANUS (EDICI\u00d3N LIMITADA A UN PRECIO ESPECIAL) (TRILOG\u00cdA AFRICANUS 1)"},"content":{"rendered":"<p>Con magistral precisi\u00f3n hist\u00f3rica y un excelente ritmo narrativo,  Santiago Posteguillo presenta la historia de la infancia y juventud de  Africanus, uno de los personajes m\u00e1s influyentes de Occidente. \u00a1MAGISTRAL! \u00a1IMPRESCINDIBLE! \u00a1UN AUT\u00c9NTICO BEST-SELLER!  A finales del siglo III a. C., Roma se encontraba al borde de la  destrucci\u00f3n total, a punto de ser aniquilada por los ej\u00e9rcitos  cartagineses al mando de uno de los mejores estrategas militares de  todos los tiempos: An\u00edbal. Su alianza con Filipo V de Macedonia, que  pretend\u00eda la aniquilaci\u00f3n de Roma como Estado y el reparto del mundo  conocido entre las potencias de Cartago y Macedonia, constitu\u00eda una  fuerza imparable que, de haber conseguido sus objetivos, habr\u00eda determinado para siempre el devenir de Occidente. Pero el azar y la fortuna intervinieron para que las cosas fueran de  otro modo. Pocos a\u00f1os antes del estallido del m\u00e1s cruento conflicto  b\u00e9lico que se hubiera vivido en Roma, naci\u00f3 un ni\u00f1o que estaba destinado  a cambiar el curso de la historia: Publio Cornelio Escipi\u00f3n.<\/p>\n","protected":false},"excerpt":{"rendered":"<p>POSTEGUILLO, SANTIAGO<\/p>\n","protected":false},"featured_media":53753,"template":"","meta":{"_acf_changed":false,"om_disable_all_campaigns":false,"rs_blank_template":"","rs_page_bg_color":"","slide_template_v7":"","inline_featured_image":false,"_monsterinsights_skip_tracking":false,"_monsterinsights_sitenote_active":false,"_monsterinsights_sitenote_note":"","_monsterinsights_sitenote_category":0},"product_brand":[],"product_cat":[360],"product_tag":[],"class_list":{"0":"post-280","1":"product","2":"type-product","3":"status-publish","4":"has-post-thumbnail","6":"product_cat-novela-historica-y-ficcion","8":"first","9":"instock","10":"taxable","11":"shipping-taxable","12":"purchasable","13":"product-type-simple"},"acf":{"autor":"POSTEGUILLO, SANTIAGO","codart":"841314590","ediciones":"1","encuadernacion":"R\u00fastica","fecha_de_publicacion":"01\/06\/2022","novedad":"1","paginas":"722","subtitulo":"","orden":"0","portada":"0","idioma":"spa","libros-coleccion":"FORA DE COL.LECCI\u00d3","autores-libros":[{"ID":6019,"post_author":"3","post_date":"2022-07-28 17:36:26","post_date_gmt":"2022-07-28 15:36:26","post_content":"","post_title":"SANTIAGO POSTEGUILLO","post_excerpt":"","post_status":"publish","comment_status":"closed","ping_status":"closed","post_password":"","post_name":"santiago-posteguillo","to_ping":"","pinged":"","post_modified":"2022-07-28 17:36:26","post_modified_gmt":"2022-07-28 15:36:26","post_content_filtered":"","post_parent":0,"guid":"http:\/\/dev.claret.cat\/autor\/santiago-posteguillo\/","menu_order":0,"post_type":"autor","post_mime_type":"","comment_count":"0","filter":"raw"}],"editorial":[{"ID":6138,"post_author":"3","post_date":"2022-07-28 17:45:42","post_date_gmt":"2022-07-28 15:45:42","post_content":"","post_title":"B de Bolsillo (Ediciones B)","post_excerpt":"","post_status":"publish","comment_status":"closed","ping_status":"closed","post_password":"","post_name":"b-de-bolsillo-ediciones-b","to_ping":"","pinged":"","post_modified":"2022-07-28 17:45:42","post_modified_gmt":"2022-07-28 15:45:42","post_content_filtered":"","post_parent":0,"guid":"http:\/\/dev.claret.cat\/editorial\/b-de-bolsillo-ediciones-b\/","menu_order":0,"post_type":"editorial","post_mime_type":"","comment_count":"0","filter":"raw"}]},"aioseo_notices":[],"_links":{"self":[{"href":"https:\/\/www.claret.cat\/es\/wp-json\/wp\/v2\/product\/280","targetHints":{"allow":["GET"]}}],"collection":[{"href":"https:\/\/www.claret.cat\/es\/wp-json\/wp\/v2\/product"}],"about":[{"href":"https:\/\/www.claret.cat\/es\/wp-json\/wp\/v2\/types\/product"}],"wp:featuredmedia":[{"embeddable":true,"href":"https:\/\/www.claret.cat\/es\/wp-json\/wp\/v2\/media\/53753"}],"wp:attachment":[{"href":"https:\/\/www.claret.cat\/es\/wp-json\/wp\/v2\/media?parent=280"}],"wp:term":[{"taxonomy":"product_brand","embeddable":true,"href":"https:\/\/www.claret.cat\/es\/wp-json\/wp\/v2\/product_brand?post=280"},{"taxonomy":"product_cat","embeddable":true,"href":"https:\/\/www.claret.cat\/es\/wp-json\/wp\/v2\/product_cat?post=280"},{"taxonomy":"product_tag","embeddable":true,"href":"https:\/\/www.claret.cat\/es\/wp-json\/wp\/v2\/product_tag?post=280"}],"curies":[{"name":"wp","href":"https:\/\/api.w.org\/{rel}","templated":true}]}}