{"id":28001,"date":"2022-10-02T11:07:02","date_gmt":"2022-10-02T09:07:02","guid":{"rendered":"http:\/\/dev.claret.cat\/producte\/llamados-y-enviados\/"},"modified":"2023-01-28T11:13:27","modified_gmt":"2023-01-28T10:13:27","slug":"llamados-y-enviados-9788490618448","status":"publish","type":"product","link":"https:\/\/www.claret.cat\/es\/libro\/llamados-y-enviados-9788490618448\/","title":{"rendered":"LLAMADOS Y ENVIADOS"},"content":{"rendered":"<p>\u00abEl don de la vocaci\u00f3n al presbiterado, sembrado por Dios en el coraz\u00f3n de algunos hombres, exige a la Iglesia proponer un serio camino de formaci\u00f3n\u00bb. Estas palabras con las que inicia el \u00faltimo documento sobre la formaci\u00f3n de los futuros sacerdotes, explica el objetivo primero de este volumen. Se trata de ofrecer a quienes se preparan para el sacerdocio y a quienes les acompa\u00f1an en su camino (desde sus padres a los formadores, pasando por sus p\u00e1rrocos o grupos de origen), una presentaci\u00f3n sint\u00e9tica de la grandeza del don que un d\u00eda recibir\u00e1n. Profundizar en el ser y en la misi\u00f3n del sacerdote, ayudar\u00e1 a todos los cristianos a comprender el papel fundamental que desempe\u00f1an en la Iglesia los que han sido confi gurados con Jesucristo Cabeza y Pastor por la recepci\u00f3n del sacramento del Orden.<\/p>\n","protected":false},"excerpt":{"rendered":"<p>PONCE \/ ALVAREZ DE LAS ASTURIAS<\/p>\n","protected":false},"featured_media":68240,"template":"","meta":{"_acf_changed":false,"om_disable_all_campaigns":false,"rs_blank_template":"","rs_page_bg_color":"","slide_template_v7":"","inline_featured_image":false,"_monsterinsights_skip_tracking":false,"_monsterinsights_sitenote_active":false,"_monsterinsights_sitenote_note":"","_monsterinsights_sitenote_category":0},"product_brand":[],"product_cat":[93,78,76],"product_tag":[],"class_list":{"0":"post-28001","1":"product","2":"type-product","3":"status-publish","4":"has-post-thumbnail","6":"product_cat-eclesiologia","7":"product_cat-pastoral","8":"product_cat-teologia","10":"first","11":"instock","12":"taxable","13":"shipping-taxable","14":"purchasable","15":"product-type-simple"},"acf":{"autor":"PONCE \/ ALVAREZ DE LAS ASTURIAS","codart":"849061844","libros-coleccion":"Pel\u00edcano","ediciones":"1","encuadernacion":"Carpeta","fecha_de_publicacion":"01\/04\/2019","novedad":"1","paginas":"0","subtitulo":"UNA INTRODUCCI\u00d3N A LA TEOLOG\u00cdA DEL SACERDOCIO MINISTERIAL ","orden":"0","portada":"0","idioma":"spa","editorial":[{"ID":148621,"post_author":"3","post_date":"2022-10-14 11:59:41","post_date_gmt":"2022-10-14 09:59:41","post_content":"","post_title":"PALABRA","post_excerpt":"","post_status":"publish","comment_status":"closed","ping_status":"closed","post_password":"","post_name":"palabra","to_ping":"","pinged":"","post_modified":"2022-10-14 11:59:41","post_modified_gmt":"2022-10-14 09:59:41","post_content_filtered":"","post_parent":0,"guid":"http:\/\/dev.claret.cat\/editorial\/palabra\/","menu_order":0,"post_type":"editorial","post_mime_type":"","comment_count":"0","filter":"raw"}],"autores-libros":[{"ID":165821,"post_author":"3","post_date":"2022-10-14 17:58:13","post_date_gmt":"2022-10-14 15:58:13","post_content":"","post_title":"NICOL\u00c1S \u00c1LVAREZ DE LAS ASTURIAS","post_excerpt":"","post_status":"publish","comment_status":"closed","ping_status":"closed","post_password":"","post_name":"nicolas-alvarez-de-las-asturias","to_ping":"","pinged":"","post_modified":"2022-10-14 17:58:13","post_modified_gmt":"2022-10-14 15:58:13","post_content_filtered":"","post_parent":0,"guid":"http:\/\/dev.claret.cat\/autor\/nicolas-alvarez-de-las-asturias\/","menu_order":0,"post_type":"autor","post_mime_type":"","comment_count":"0","filter":"raw"},{"ID":165020,"post_author":"3","post_date":"2022-10-14 17:51:45","post_date_gmt":"2022-10-14 15:51:45","post_content":"","post_title":"MIGUEL PONCE CU\u00c9LLAR","post_excerpt":"","post_status":"publish","comment_status":"closed","ping_status":"closed","post_password":"","post_name":"miguel-ponce-cuellar","to_ping":"","pinged":"","post_modified":"2022-10-14 17:51:45","post_modified_gmt":"2022-10-14 15:51:45","post_content_filtered":"","post_parent":0,"guid":"http:\/\/dev.claret.cat\/autor\/miguel-ponce-cuellar\/","menu_order":0,"post_type":"autor","post_mime_type":"","comment_count":"0","filter":"raw"}]},"aioseo_notices":[],"_links":{"self":[{"href":"https:\/\/www.claret.cat\/es\/wp-json\/wp\/v2\/product\/28001","targetHints":{"allow":["GET"]}}],"collection":[{"href":"https:\/\/www.claret.cat\/es\/wp-json\/wp\/v2\/product"}],"about":[{"href":"https:\/\/www.claret.cat\/es\/wp-json\/wp\/v2\/types\/product"}],"wp:featuredmedia":[{"embeddable":true,"href":"https:\/\/www.claret.cat\/es\/wp-json\/wp\/v2\/media\/68240"}],"wp:attachment":[{"href":"https:\/\/www.claret.cat\/es\/wp-json\/wp\/v2\/media?parent=28001"}],"wp:term":[{"taxonomy":"product_brand","embeddable":true,"href":"https:\/\/www.claret.cat\/es\/wp-json\/wp\/v2\/product_brand?post=28001"},{"taxonomy":"product_cat","embeddable":true,"href":"https:\/\/www.claret.cat\/es\/wp-json\/wp\/v2\/product_cat?post=28001"},{"taxonomy":"product_tag","embeddable":true,"href":"https:\/\/www.claret.cat\/es\/wp-json\/wp\/v2\/product_tag?post=28001"}],"curies":[{"name":"wp","href":"https:\/\/api.w.org\/{rel}","templated":true}]}}