{"id":280663,"date":"2022-12-09T20:11:46","date_gmt":"2022-12-09T19:11:46","guid":{"rendered":"http:\/\/dev.claret.cat\/llibre\/amor-de-magdalena-el\/"},"modified":"2026-01-28T11:17:30","modified_gmt":"2026-01-28T10:17:30","slug":"amor-de-magdalena-el-9788425419942","status":"publish","type":"product","link":"https:\/\/www.claret.cat\/es\/libro\/amor-de-magdalena-el-9788425419942\/","title":{"rendered":"AMOR DE MAGDALENA, EL"},"content":{"rendered":"<p>Un extraordinario serm\u00f3n an\u00f3nimo franc\u00e9s del siglo XVII, luminoso, de una verdadera actualidad espiritual, descubierto por Rainer Maria Rilke en la tienda de un anticuario parisino en San Petersburgo el a\u00f1o 1911.Prefacio de la edici\u00f3n original:\u00abSi no he inscrito ning\u00fan nombre al principio de esta maravilla no es porque no se me haya ocurrido ninguno. Quienquiera que est\u00e9 familiarizado con Bossuet creer\u00e1, quiz\u00e1s con raz\u00f3n, reconocer aqu\u00ed, ora la sublimidad de su pensamiento, ora la osad\u00eda de sus im\u00e1genes, ora la seguridad con que progresa por los caminos m\u00e1s resbaladizos, ora, en fin, la inagotable sucesi\u00f3n, la infinita variedad y la sorprendente prontitud de sus movimientos oratorios. Pero, sea cual fuere su autor, lo cierto es que nadie le recriminar\u00e1 haber escogido este tema, ni haberlo realzado con colores tan vivos. De \u00e9l ha dado el Esp\u00edritu Santo tal ejemplo en el Cantar de los Cantares que le est\u00e1 permitido al genio, gobernado por la fe, imitarlo con discreci\u00f3n.\u00bb<\/p>\n","protected":false},"excerpt":{"rendered":"<p>RILKE, RAINER MARIA<\/p>\n","protected":false},"featured_media":330860,"template":"","meta":{"_acf_changed":false,"om_disable_all_campaigns":false,"rs_blank_template":"","rs_page_bg_color":"","slide_template_v7":"","inline_featured_image":false,"_monsterinsights_skip_tracking":false,"_monsterinsights_sitenote_active":false,"_monsterinsights_sitenote_note":"","_monsterinsights_sitenote_category":0},"product_brand":[],"product_cat":[345,79],"product_tag":[],"class_list":{"0":"post-280663","1":"product","2":"type-product","3":"status-publish","4":"has-post-thumbnail","6":"product_cat-espiritualidad","7":"product_cat-espiritualitat","9":"first","10":"outofstock","11":"taxable","12":"shipping-taxable","13":"purchasable","14":"product-type-simple"},"acf":{"autor":"RILKE, RAINER MARIA","codart":"842541994","libros-coleccion":"FORA DE COL.LECCI\u00d3","ediciones":"1","encuadernacion":"[Vac\u00edo]","fecha_de_publicacion":"01\/01\/1997","novedad":"0","paginas":"1","subtitulo":"","orden":"999","portada":"0","idioma":"spa","editorial":[{"ID":6266,"post_author":"3","post_date":"2022-07-28 17:48:31","post_date_gmt":"2022-07-28 15:48:31","post_content":"","post_title":"HERDER","post_excerpt":"","post_status":"publish","comment_status":"closed","ping_status":"closed","post_password":"","post_name":"herder","to_ping":"","pinged":"","post_modified":"2022-07-28 17:48:31","post_modified_gmt":"2022-07-28 15:48:31","post_content_filtered":"","post_parent":0,"guid":"http:\/\/dev.claret.cat\/editorial\/herder\/","menu_order":0,"post_type":"editorial","post_mime_type":"","comment_count":"0","filter":"raw"}],"autores-libros":[{"ID":167654,"post_author":"3","post_date":"2022-10-14 18:12:56","post_date_gmt":"2022-10-14 16:12:56","post_content":"","post_title":"RAINER MARIA RILKE","post_excerpt":"","post_status":"publish","comment_status":"closed","ping_status":"closed","post_password":"","post_name":"rainer-maria-rilke","to_ping":"","pinged":"","post_modified":"2022-10-14 18:12:56","post_modified_gmt":"2022-10-14 16:12:56","post_content_filtered":"","post_parent":0,"guid":"http:\/\/dev.claret.cat\/autor\/rainer-maria-rilke\/","menu_order":0,"post_type":"autor","post_mime_type":"","comment_count":"0","filter":"raw"}],"booktrailer":"","resenas":""},"aioseo_notices":[],"_links":{"self":[{"href":"https:\/\/www.claret.cat\/es\/wp-json\/wp\/v2\/product\/280663","targetHints":{"allow":["GET"]}}],"collection":[{"href":"https:\/\/www.claret.cat\/es\/wp-json\/wp\/v2\/product"}],"about":[{"href":"https:\/\/www.claret.cat\/es\/wp-json\/wp\/v2\/types\/product"}],"wp:featuredmedia":[{"embeddable":true,"href":"https:\/\/www.claret.cat\/es\/wp-json\/wp\/v2\/media\/330860"}],"wp:attachment":[{"href":"https:\/\/www.claret.cat\/es\/wp-json\/wp\/v2\/media?parent=280663"}],"wp:term":[{"taxonomy":"product_brand","embeddable":true,"href":"https:\/\/www.claret.cat\/es\/wp-json\/wp\/v2\/product_brand?post=280663"},{"taxonomy":"product_cat","embeddable":true,"href":"https:\/\/www.claret.cat\/es\/wp-json\/wp\/v2\/product_cat?post=280663"},{"taxonomy":"product_tag","embeddable":true,"href":"https:\/\/www.claret.cat\/es\/wp-json\/wp\/v2\/product_tag?post=280663"}],"curies":[{"name":"wp","href":"https:\/\/api.w.org\/{rel}","templated":true}]}}