{"id":280729,"date":"2022-12-09T20:40:19","date_gmt":"2022-12-09T19:40:19","guid":{"rendered":"http:\/\/dev.claret.cat\/llibre\/su-hijo-una-persona-competente\/"},"modified":"2026-01-28T13:03:47","modified_gmt":"2026-01-28T12:03:47","slug":"su-hijo-una-persona-competente-9788425422690","status":"publish","type":"product","link":"https:\/\/www.claret.cat\/es\/libro\/su-hijo-una-persona-competente-9788425422690\/","title":{"rendered":"SU HIJO, UNA PERSONA COMPETENTE"},"content":{"rendered":"<p>Ya desde su nacimiento, los ni\u00f1os son personas competentes, perfectamente capaces de expresar sus sentimientos y necesidades, y muy dispuestas a cooperar. \u00c9ste es el reconocimiento revelador que el terapeuta dan\u00e9s Jesper Jull presenta en esta relevante obra. Son por ende los padres los que deben trabajar para escuchar los mensajes expl\u00edcitos e impl\u00edcitos que les trasmiten sus hijos, tomarlos en serio y aprender de ellos.<\/p>\n<p> En base a este supuseto, Juul expone que las familias de hoy en d\u00eda se encuentran en un punto crucial, en el que los valores destructivos que caracterizaban la convivencia en las familias tradicionales y jer\u00e1rquicas -tales como la obediencia, la violencia f\u00edsica y emocional, y la conformidad- pueden y deben ser transformados. En la ra\u00edz de muchos conflictos cotidianos se halla la incapacidad de los padres de convertir su amor por los hijos en un comportamiento que exprese realmente este amor y de transformar sus buenas intenciones en una interacci\u00f3n fruct\u00edfera.<\/p>\n<p> El autor propone un conjunto de nuevos valores que se fundamentan en el entendimiento de los padres, que en lugar de apoyarse en el uso de la fuerza autoritaria o la tiran\u00eda democr\u00e1tica pueden optar por fomentar un clima de igual dignidad y reciprocidad en el trato entre ellos y sus hijos. Reconociendo su competencia, respetando sus aut\u00e9nticas necesidades y ayud\u00e1ndoles a desarrollar su autoestima, adem\u00e1s de fometnar su propio crecimiento personal, podr\u00e1n crear y vivir un nuevo paradigma familiar que permita una convivencia arm\u00f3nica y vital en mutuo entendimiento y respeto.<\/p>\n<p> La obra, que en Dinamarca ha sido un bestseller y que se ha traducido a diez idiomas, ha recibido muy buenas cr\u00edticas tambi\u00e9n por parte de la prensa:<\/p>\n<p> \u00abSu hijo, una persona competente es un libro sobre ni\u00f1os sabio y liberador. Deber\u00edan ampliarlo a las dimensiones de un cartel y colgarlo en todas las esquinas. El mensaje es sencillo: los ni\u00f1os son \u00fanicos y deber\u00edan ser tratados con el mismo respeto y tacto con el que tratamos a adultos que amamos&#8230;\u00bb<\/p>\n","protected":false},"excerpt":{"rendered":"<p>JUUL, JESPER<\/p>\n","protected":false},"featured_media":330894,"template":"","meta":{"_acf_changed":false,"om_disable_all_campaigns":false,"rs_blank_template":"","rs_page_bg_color":"","slide_template_v7":"","inline_featured_image":false,"_monsterinsights_skip_tracking":false,"_monsterinsights_sitenote_active":false,"_monsterinsights_sitenote_note":"","_monsterinsights_sitenote_category":0},"product_brand":[],"product_cat":[90,540],"product_tag":[],"class_list":{"0":"post-280729","1":"product","2":"type-product","3":"status-publish","4":"has-post-thumbnail","6":"product_cat-altres","7":"product_cat-otros","9":"first","10":"instock","11":"taxable","12":"shipping-taxable","13":"purchasable","14":"product-type-simple"},"acf":{"autor":"JUUL, JESPER","codart":"842542269","libros-coleccion":"FONDO GRAL.","ediciones":"1","encuadernacion":"R\u00fastica","fecha_de_publicacion":"01\/01\/2004","novedad":"0","paginas":"213","subtitulo":"HACIA LOS NUEVOS VALORES B\u00c1SICOS DE LA FAMILIA","orden":"999","portada":"0","idioma":"spa","editorial":[{"ID":148254,"post_author":"3","post_date":"2022-10-14 11:56:49","post_date_gmt":"2022-10-14 09:56:49","post_content":"","post_title":"Herder Editorial","post_excerpt":"","post_status":"publish","comment_status":"closed","ping_status":"closed","post_password":"","post_name":"herder-editorial-2","to_ping":"","pinged":"","post_modified":"2022-10-14 11:56:49","post_modified_gmt":"2022-10-14 09:56:49","post_content_filtered":"","post_parent":0,"guid":"http:\/\/dev.claret.cat\/editorial\/herder-editorial-2\/","menu_order":0,"post_type":"editorial","post_mime_type":"","comment_count":"0","filter":"raw"}],"autores-libros":[{"ID":280728,"post_author":"3","post_date":"2022-12-09 20:40:17","post_date_gmt":"2022-12-09 19:40:17","post_content":"","post_title":"JESPER JUUL","post_excerpt":"","post_status":"publish","comment_status":"closed","ping_status":"closed","post_password":"","post_name":"jesper-juul","to_ping":"","pinged":"","post_modified":"2022-12-09 20:40:17","post_modified_gmt":"2022-12-09 19:40:17","post_content_filtered":"","post_parent":0,"guid":"http:\/\/dev.claret.cat\/autor\/jesper-juul\/","menu_order":0,"post_type":"autor","post_mime_type":"","comment_count":"0","filter":"raw"}],"booktrailer":"","resenas":""},"aioseo_notices":[],"_links":{"self":[{"href":"https:\/\/www.claret.cat\/es\/wp-json\/wp\/v2\/product\/280729","targetHints":{"allow":["GET"]}}],"collection":[{"href":"https:\/\/www.claret.cat\/es\/wp-json\/wp\/v2\/product"}],"about":[{"href":"https:\/\/www.claret.cat\/es\/wp-json\/wp\/v2\/types\/product"}],"wp:featuredmedia":[{"embeddable":true,"href":"https:\/\/www.claret.cat\/es\/wp-json\/wp\/v2\/media\/330894"}],"wp:attachment":[{"href":"https:\/\/www.claret.cat\/es\/wp-json\/wp\/v2\/media?parent=280729"}],"wp:term":[{"taxonomy":"product_brand","embeddable":true,"href":"https:\/\/www.claret.cat\/es\/wp-json\/wp\/v2\/product_brand?post=280729"},{"taxonomy":"product_cat","embeddable":true,"href":"https:\/\/www.claret.cat\/es\/wp-json\/wp\/v2\/product_cat?post=280729"},{"taxonomy":"product_tag","embeddable":true,"href":"https:\/\/www.claret.cat\/es\/wp-json\/wp\/v2\/product_tag?post=280729"}],"curies":[{"name":"wp","href":"https:\/\/api.w.org\/{rel}","templated":true}]}}