{"id":280895,"date":"2022-12-09T21:50:46","date_gmt":"2022-12-09T20:50:46","guid":{"rendered":"http:\/\/dev.claret.cat\/llibre\/escatologia-2\/"},"modified":"2026-02-25T11:20:25","modified_gmt":"2026-02-25T10:20:25","slug":"escatologia-9788425425196","status":"publish","type":"product","link":"https:\/\/www.claret.cat\/es\/libro\/escatologia-9788425425196\/","title":{"rendered":"ESCATOLOG\u00cdA"},"content":{"rendered":"<p>Cuando en 1977 Joseph Ratzinger, entonces profesor de Teolog\u00eda reci\u00e9n designado obispo de M\u00fanich, presentaba \u00e9ste su primer libro, la Escatolog\u00eda apenas dejaba de ser una ciencia auxiliar de la Teolog\u00eda para ocupar el centro del pensamiento teol\u00f3gico como \u201cDoctrina de las postrimer\u00edas (muerte, juicio, infierno y gloria)\u201d. Para el autor, esta evoluci\u00f3n se relacionaba con la conciencia de hundimiento que acosaba cada vez m\u00e1s a los esp\u00edritus desde finales del siglo XIX. Conciencia tr\u00e1gicamente confirmada por las devastadoras guerras del siglo xx, que acabaron por provocar el desmoronamiento de un cristianismo cultural hasta entonces lleno de optimismo. Para el autor, hoy Papa Benedicto XVI, esta obra sigue siendo plenamente fundamental, a pesar del tiempo transcurrido y de la discusi\u00f3n antropol\u00f3gica y teol\u00f3gica que se inici\u00f3 con ella y a la que \u00e9l fue dando respuesta en las sucesivas ediciones alemanas e incluso en el pr\u00f3logo redactado siendo ya Papa. Esta edici\u00f3n incluye la traducci\u00f3n de todos estos nuevos textos.<\/p>\n","protected":false},"excerpt":{"rendered":"<p>RATZINGER, JOSEPH<\/p>\n","protected":false},"featured_media":384615,"template":"","meta":{"_acf_changed":false,"om_disable_all_campaigns":false,"rs_blank_template":"","rs_page_bg_color":"","slide_template_v7":"","inline_featured_image":false,"_monsterinsights_skip_tracking":false,"_monsterinsights_sitenote_active":false,"_monsterinsights_sitenote_note":"","_monsterinsights_sitenote_category":0},"product_brand":[],"product_cat":[90,540],"product_tag":[],"class_list":{"0":"post-280895","1":"product","2":"type-product","3":"status-publish","4":"has-post-thumbnail","6":"product_cat-altres","7":"product_cat-otros","9":"first","10":"instock","11":"taxable","12":"shipping-taxable","13":"purchasable","14":"product-type-simple"},"acf":{"autor":"RATZINGER, JOSEPH","codart":"842542519","libros-coleccion":"","ediciones":"2","encuadernacion":"R\u00fastica","fecha_de_publicacion":"17\/10\/2007","novedad":"0","paginas":"320","subtitulo":"LA MUERTE Y LA VIDA ETERNA","orden":"0","portada":"0","idioma":"spa","editorial":[{"ID":6266,"post_author":"3","post_date":"2022-07-28 17:48:31","post_date_gmt":"2022-07-28 15:48:31","post_content":"","post_title":"HERDER","post_excerpt":"","post_status":"publish","comment_status":"closed","ping_status":"closed","post_password":"","post_name":"herder","to_ping":"","pinged":"","post_modified":"2022-07-28 17:48:31","post_modified_gmt":"2022-07-28 15:48:31","post_content_filtered":"","post_parent":0,"guid":"http:\/\/dev.claret.cat\/editorial\/herder\/","menu_order":0,"post_type":"editorial","post_mime_type":"","comment_count":"0","filter":"raw"}],"autores-libros":[{"ID":5673,"post_author":"3","post_date":"2022-07-28 17:29:02","post_date_gmt":"2022-07-28 15:29:02","post_content":"","post_title":"JOSEPH RATZINGER","post_excerpt":"","post_status":"publish","comment_status":"closed","ping_status":"closed","post_password":"","post_name":"joseph-ratzinger","to_ping":"","pinged":"","post_modified":"2022-07-28 17:29:02","post_modified_gmt":"2022-07-28 15:29:02","post_content_filtered":"","post_parent":0,"guid":"http:\/\/dev.claret.cat\/autor\/joseph-ratzinger\/","menu_order":0,"post_type":"autor","post_mime_type":"","comment_count":"0","filter":"raw"}],"booktrailer":"","resenas":""},"aioseo_notices":[],"_links":{"self":[{"href":"https:\/\/www.claret.cat\/es\/wp-json\/wp\/v2\/product\/280895","targetHints":{"allow":["GET"]}}],"collection":[{"href":"https:\/\/www.claret.cat\/es\/wp-json\/wp\/v2\/product"}],"about":[{"href":"https:\/\/www.claret.cat\/es\/wp-json\/wp\/v2\/types\/product"}],"wp:featuredmedia":[{"embeddable":true,"href":"https:\/\/www.claret.cat\/es\/wp-json\/wp\/v2\/media\/384615"}],"wp:attachment":[{"href":"https:\/\/www.claret.cat\/es\/wp-json\/wp\/v2\/media?parent=280895"}],"wp:term":[{"taxonomy":"product_brand","embeddable":true,"href":"https:\/\/www.claret.cat\/es\/wp-json\/wp\/v2\/product_brand?post=280895"},{"taxonomy":"product_cat","embeddable":true,"href":"https:\/\/www.claret.cat\/es\/wp-json\/wp\/v2\/product_cat?post=280895"},{"taxonomy":"product_tag","embeddable":true,"href":"https:\/\/www.claret.cat\/es\/wp-json\/wp\/v2\/product_tag?post=280895"}],"curies":[{"name":"wp","href":"https:\/\/api.w.org\/{rel}","templated":true}]}}