{"id":281019,"date":"2022-12-09T22:01:29","date_gmt":"2022-12-09T21:01:29","guid":{"rendered":"http:\/\/dev.claret.cat\/llibre\/etica-de-la-compasion\/"},"modified":"2026-01-28T13:04:26","modified_gmt":"2026-01-28T12:04:26","slug":"etica-de-la-compasion-9788425426599","status":"publish","type":"product","link":"https:\/\/www.claret.cat\/es\/libro\/etica-de-la-compasion-9788425426599\/","title":{"rendered":"\u00c9TICA DE LA COMPASI\u00d3N"},"content":{"rendered":"<p>La \u00e9tica es la respuesta a una interpelaci\u00f3n que pone en cuesti\u00f3n el orden moral. Lo que nos convierte en humanos no es la obediencia a un c\u00f3digo universal y absoluto sino el reconocimiento de la radical vulnerabilidad de nuestra condici\u00f3n y el hecho de no poder eludir la demanda del dolor del otro.<\/p>\n<p> No hay \u00e9tica porque sepamos qu\u00e9 es el \u00abbien\u00bb, sino porque hemos vivido y hemos sido testigos de la experiencia del mal. No hay \u00e9tica porque uno cumpla con su \u00abdeber\u00bb, sino porque nuestra respuesta ha sido adecuada al sufrimiento. No hay \u00e9tica porque seamos \u00abdignos\u00bb, porque tengamos dignidad, sino porque somos sensibles a los indignos, a los infrahumanos, a los que no son personas.<\/p>\n<p> La \u00e9tica, pues, a diferencia de la moral, es la respuesta compasiva que damos a \u00ablos heridos\u00bb que nos interpelan en los distintos trayectos de nuestra vida, cuando bajamos de \u00abJerusal\u00e9n a Jeric\u00f3\u00bb.<\/p>\n","protected":false},"excerpt":{"rendered":"<p>M\u00c8LICH I SANGR\u00c0, JOAN-CARLES<\/p>\n","protected":false},"featured_media":331049,"template":"","meta":{"_acf_changed":false,"om_disable_all_campaigns":false,"rs_blank_template":"","rs_page_bg_color":"","slide_template_v7":"","inline_featured_image":false,"_monsterinsights_skip_tracking":false,"_monsterinsights_sitenote_active":false,"_monsterinsights_sitenote_note":"","_monsterinsights_sitenote_category":0},"product_brand":[],"product_cat":[83,349],"product_tag":[],"class_list":{"0":"post-281019","1":"product","2":"type-product","3":"status-publish","4":"has-post-thumbnail","6":"product_cat-filosofia","7":"product_cat-filosofia-2_humanidades","9":"first","10":"instock","11":"taxable","12":"shipping-taxable","13":"purchasable","14":"product-type-simple"},"acf":{"autor":"M\u00c8LICH I SANGR\u00c0, JOAN-CARLES","codart":"842542659","libros-coleccion":"FBIBL. FILOSOFIA","ediciones":"1","encuadernacion":"R\u00fastica","fecha_de_publicacion":"01\/02\/2010","novedad":"0","paginas":"0","subtitulo":"","orden":"999","portada":"0","idioma":"spa","editorial":[{"ID":148254,"post_author":"3","post_date":"2022-10-14 11:56:49","post_date_gmt":"2022-10-14 09:56:49","post_content":"","post_title":"Herder Editorial","post_excerpt":"","post_status":"publish","comment_status":"closed","ping_status":"closed","post_password":"","post_name":"herder-editorial-2","to_ping":"","pinged":"","post_modified":"2022-10-14 11:56:49","post_modified_gmt":"2022-10-14 09:56:49","post_content_filtered":"","post_parent":0,"guid":"http:\/\/dev.claret.cat\/editorial\/herder-editorial-2\/","menu_order":0,"post_type":"editorial","post_mime_type":"","comment_count":"0","filter":"raw"}],"autores-libros":[{"ID":159462,"post_author":"3","post_date":"2022-10-14 15:45:02","post_date_gmt":"2022-10-14 13:45:02","post_content":"","post_title":"JOAN-CARLES M\u00c8LICH","post_excerpt":"","post_status":"publish","comment_status":"closed","ping_status":"closed","post_password":"","post_name":"joan-carles-melich","to_ping":"","pinged":"","post_modified":"2022-10-14 15:45:02","post_modified_gmt":"2022-10-14 13:45:02","post_content_filtered":"","post_parent":0,"guid":"http:\/\/dev.claret.cat\/autor\/joan-carles-melich\/","menu_order":0,"post_type":"autor","post_mime_type":"","comment_count":"0","filter":"raw"}],"booktrailer":"","resenas":""},"aioseo_notices":[],"_links":{"self":[{"href":"https:\/\/www.claret.cat\/es\/wp-json\/wp\/v2\/product\/281019","targetHints":{"allow":["GET"]}}],"collection":[{"href":"https:\/\/www.claret.cat\/es\/wp-json\/wp\/v2\/product"}],"about":[{"href":"https:\/\/www.claret.cat\/es\/wp-json\/wp\/v2\/types\/product"}],"wp:featuredmedia":[{"embeddable":true,"href":"https:\/\/www.claret.cat\/es\/wp-json\/wp\/v2\/media\/331049"}],"wp:attachment":[{"href":"https:\/\/www.claret.cat\/es\/wp-json\/wp\/v2\/media?parent=281019"}],"wp:term":[{"taxonomy":"product_brand","embeddable":true,"href":"https:\/\/www.claret.cat\/es\/wp-json\/wp\/v2\/product_brand?post=281019"},{"taxonomy":"product_cat","embeddable":true,"href":"https:\/\/www.claret.cat\/es\/wp-json\/wp\/v2\/product_cat?post=281019"},{"taxonomy":"product_tag","embeddable":true,"href":"https:\/\/www.claret.cat\/es\/wp-json\/wp\/v2\/product_tag?post=281019"}],"curies":[{"name":"wp","href":"https:\/\/api.w.org\/{rel}","templated":true}]}}