{"id":28105,"date":"2022-10-02T11:08:38","date_gmt":"2022-10-02T09:08:38","guid":{"rendered":"http:\/\/dev.claret.cat\/producte\/conversos-modernos-a-microfono-abierto\/"},"modified":"2023-01-28T11:31:26","modified_gmt":"2023-01-28T10:31:26","slug":"conversos-modernos-a-microfono-abierto-8494194949","status":"publish","type":"product","link":"https:\/\/www.claret.cat\/es\/libro\/conversos-modernos-a-microfono-abierto-8494194949\/","title":{"rendered":"CONVERSOS MODERNOS A MICR\u00d3FONO ABIERTO"},"content":{"rendered":"<p>Las p\u00e1ginas en tus manos, m\u00e1s que relatos impresionantes, constituyen un mosaico de testimonios de fe. De fe en estreno o recuperada, pero aut\u00e9ntica, ilusionada, contagiosa. Vivida a plenitud, a menudo heroicamente, con la intensidad de quien ha descubierto un tesoro que dio un vuelco a sus ideas y a su manera de ser.<\/p>\n<p> Hombres y mujeres enamorados de Cristo que desnudan su alma historiando una andadura espiritual, a menudo no exenta de dificultades, luchas y titubeos; narrando arribos gozosos a la fe, que consideran aut\u00e9ntico regalo; proclamando que Dios puede salir al encuentro cuando menos se le espera; exteriorizando la alegr\u00eda con la que viven la respectiva espiritualidad.<\/p>\n<p> El autor se limita a acercarles el micr\u00f3fono. Ellos tienen la palabra.<\/p>\n","protected":false},"excerpt":{"rendered":"<p>PERAIRE, JACINTO<\/p>\n","protected":false},"featured_media":77788,"template":"","meta":{"_acf_changed":false,"om_disable_all_campaigns":false,"rs_blank_template":"","rs_page_bg_color":"","slide_template_v7":"","inline_featured_image":false,"_monsterinsights_skip_tracking":false,"_monsterinsights_sitenote_active":false,"_monsterinsights_sitenote_note":"","_monsterinsights_sitenote_category":0},"product_brand":[],"product_cat":[16],"product_tag":[],"class_list":{"0":"post-28105","1":"product","2":"type-product","3":"status-publish","4":"has-post-thumbnail","6":"product_cat-sense-categoria","8":"first","9":"instock","10":"taxable","11":"shipping-taxable","12":"purchasable","13":"product-type-simple"},"acf":{"autor":"PERAIRE, JACINTO","codart":"849419494","libros-coleccion":"","ediciones":"1","encuadernacion":"[Vac\u00edo]","fecha_de_publicacion":"01\/12\/2013","novedad":"0","paginas":"323","subtitulo":"","orden":"999","portada":"0","idioma":"spa","editorial":[{"ID":147795,"post_author":"3","post_date":"2022-10-14 11:53:16","post_date_gmt":"2022-10-14 09:53:16","post_content":"","post_title":"EDICIONES DE BUENA TINTA","post_excerpt":"","post_status":"publish","comment_status":"closed","ping_status":"closed","post_password":"","post_name":"ediciones-de-buena-tinta","to_ping":"","pinged":"","post_modified":"2022-10-14 11:53:16","post_modified_gmt":"2022-10-14 09:53:16","post_content_filtered":"","post_parent":0,"guid":"http:\/\/dev.claret.cat\/editorial\/ediciones-de-buena-tinta\/","menu_order":0,"post_type":"editorial","post_mime_type":"","comment_count":"0","filter":"raw"}]},"aioseo_notices":[],"_links":{"self":[{"href":"https:\/\/www.claret.cat\/es\/wp-json\/wp\/v2\/product\/28105","targetHints":{"allow":["GET"]}}],"collection":[{"href":"https:\/\/www.claret.cat\/es\/wp-json\/wp\/v2\/product"}],"about":[{"href":"https:\/\/www.claret.cat\/es\/wp-json\/wp\/v2\/types\/product"}],"wp:featuredmedia":[{"embeddable":true,"href":"https:\/\/www.claret.cat\/es\/wp-json\/wp\/v2\/media\/77788"}],"wp:attachment":[{"href":"https:\/\/www.claret.cat\/es\/wp-json\/wp\/v2\/media?parent=28105"}],"wp:term":[{"taxonomy":"product_brand","embeddable":true,"href":"https:\/\/www.claret.cat\/es\/wp-json\/wp\/v2\/product_brand?post=28105"},{"taxonomy":"product_cat","embeddable":true,"href":"https:\/\/www.claret.cat\/es\/wp-json\/wp\/v2\/product_cat?post=28105"},{"taxonomy":"product_tag","embeddable":true,"href":"https:\/\/www.claret.cat\/es\/wp-json\/wp\/v2\/product_tag?post=28105"}],"curies":[{"name":"wp","href":"https:\/\/api.w.org\/{rel}","templated":true}]}}