{"id":281080,"date":"2022-12-09T22:04:17","date_gmt":"2022-12-09T21:04:17","guid":{"rendered":"http:\/\/dev.claret.cat\/llibre\/aqui-estoy-tu-quien-eres\/"},"modified":"2026-01-28T12:12:26","modified_gmt":"2026-01-28T11:12:26","slug":"aqui-estoy-tu-quien-eres-9788425427480","status":"publish","type":"product","link":"https:\/\/www.claret.cat\/es\/libro\/aqui-estoy-tu-quien-eres-9788425427480\/","title":{"rendered":"\u00a1AQU\u00cd ESTOY! \u00bfT\u00da QUI\u00c9N ERES?"},"content":{"rendered":"<p>Los padres perfectos no existen. De hecho, no es la perfecci\u00f3n lo que se busca en las relaciones afectivas, en particular en las relaciones entre padres e hijos. Todos tenemos en ocasiones comportamientos equivocados o irracionales. Somos seres humanos, cada cual con sus deseos y sus particularidades, que pueden entrar en conflicto con los de las personas a las que queremos. No hay nada malo en ello, y hay que aceptar el hecho de que toda convivencia supone alg\u00fan que otro conflicto y alguna negociaci\u00f3n. Sin embargo, hay l\u00edmites que no se deben traspasar en las relaciones humanas: los hijos deben aprender a reconocerlos, porque es para ellos una ocasi\u00f3n para crecer y madurar, y los padres deben ense\u00f1arlos. Jesper Juul muestra c\u00f3mo conjugar de un modo equilibrado proximidad y distancia, y ayuda a clarificar el proceso educativo en una sociedad en la que se han derrumbando muchas de las antiguas certezas en el terreno de la pedagog\u00eda y muchos padres tienen dificultades para dosificar autoridad e igualdad, respeto y responsabilidad.<\/p>\n","protected":false},"excerpt":{"rendered":"<p>JUUL, JESPER<\/p>\n","protected":false},"featured_media":331082,"template":"","meta":{"_acf_changed":false,"om_disable_all_campaigns":false,"rs_blank_template":"","rs_page_bg_color":"","slide_template_v7":"","inline_featured_image":false,"_monsterinsights_skip_tracking":false,"_monsterinsights_sitenote_active":false,"_monsterinsights_sitenote_note":"","_monsterinsights_sitenote_category":0},"product_brand":[],"product_cat":[100,550],"product_tag":[],"class_list":{"0":"post-281080","1":"product","2":"type-product","3":"status-publish","4":"has-post-thumbnail","6":"product_cat-escola-de-pares","7":"product_cat-escuela-de-padres-3_infantil-juvenil-spa-spa","9":"first","10":"instock","11":"taxable","12":"shipping-taxable","13":"purchasable","14":"product-type-simple"},"acf":{"autor":"JUUL, JESPER","codart":"842542748","libros-coleccion":"","ediciones":"1","encuadernacion":"R\u00fastica","fecha_de_publicacion":"15\/05\/2012","novedad":"0","paginas":"96","subtitulo":"PROXIMIDAD, RESPETO Y L\u00cdMITES ENTRE ADULTOS Y NI\u00d1OS","orden":"999","portada":"0","idioma":"spa","editorial":[{"ID":6266,"post_author":"3","post_date":"2022-07-28 17:48:31","post_date_gmt":"2022-07-28 15:48:31","post_content":"","post_title":"HERDER","post_excerpt":"","post_status":"publish","comment_status":"closed","ping_status":"closed","post_password":"","post_name":"herder","to_ping":"","pinged":"","post_modified":"2022-07-28 17:48:31","post_modified_gmt":"2022-07-28 15:48:31","post_content_filtered":"","post_parent":0,"guid":"http:\/\/dev.claret.cat\/editorial\/herder\/","menu_order":0,"post_type":"editorial","post_mime_type":"","comment_count":"0","filter":"raw"}],"autores-libros":[{"ID":280728,"post_author":"3","post_date":"2022-12-09 20:40:17","post_date_gmt":"2022-12-09 19:40:17","post_content":"","post_title":"JESPER JUUL","post_excerpt":"","post_status":"publish","comment_status":"closed","ping_status":"closed","post_password":"","post_name":"jesper-juul","to_ping":"","pinged":"","post_modified":"2022-12-09 20:40:17","post_modified_gmt":"2022-12-09 19:40:17","post_content_filtered":"","post_parent":0,"guid":"http:\/\/dev.claret.cat\/autor\/jesper-juul\/","menu_order":0,"post_type":"autor","post_mime_type":"","comment_count":"0","filter":"raw"}],"booktrailer":"","resenas":""},"aioseo_notices":[],"_links":{"self":[{"href":"https:\/\/www.claret.cat\/es\/wp-json\/wp\/v2\/product\/281080","targetHints":{"allow":["GET"]}}],"collection":[{"href":"https:\/\/www.claret.cat\/es\/wp-json\/wp\/v2\/product"}],"about":[{"href":"https:\/\/www.claret.cat\/es\/wp-json\/wp\/v2\/types\/product"}],"wp:featuredmedia":[{"embeddable":true,"href":"https:\/\/www.claret.cat\/es\/wp-json\/wp\/v2\/media\/331082"}],"wp:attachment":[{"href":"https:\/\/www.claret.cat\/es\/wp-json\/wp\/v2\/media?parent=281080"}],"wp:term":[{"taxonomy":"product_brand","embeddable":true,"href":"https:\/\/www.claret.cat\/es\/wp-json\/wp\/v2\/product_brand?post=281080"},{"taxonomy":"product_cat","embeddable":true,"href":"https:\/\/www.claret.cat\/es\/wp-json\/wp\/v2\/product_cat?post=281080"},{"taxonomy":"product_tag","embeddable":true,"href":"https:\/\/www.claret.cat\/es\/wp-json\/wp\/v2\/product_tag?post=281080"}],"curies":[{"name":"wp","href":"https:\/\/api.w.org\/{rel}","templated":true}]}}