{"id":281083,"date":"2022-12-09T22:04:24","date_gmt":"2022-12-09T21:04:24","guid":{"rendered":"http:\/\/dev.claret.cat\/llibre\/decir-no-por-amor\/"},"modified":"2026-01-28T13:04:55","modified_gmt":"2026-01-28T12:04:55","slug":"decir-no-por-amor-9788425427497","status":"publish","type":"product","link":"https:\/\/www.claret.cat\/es\/libro\/decir-no-por-amor-9788425427497\/","title":{"rendered":"DECIR NO, POR AMOR"},"content":{"rendered":"<p>El presente texto nace del profundo respeto hacia una generaci\u00f3n de padres que trata de desarrollar su rol paterno de dentro hacia fuera, partiendo de sus propios pensamientos, sentimientos y valores, porque ya no hay ning\u00fan consenso cultural y objetivamente fundado al que recurrir; una generaci\u00f3n que al mismo tiempo ha de crear una relaci\u00f3n paritaria de pareja que tenga en cuenta tanto las necesidades de cada uno como las exigencias de la vida en com\u00fan.<\/p>\n<p> Jesper Juul nos muestra que, en beneficio de todos, debemos definirnos y delimitarnos a nosotros mismos, y nos indica c\u00f3mo hacerlo sin ofender o herir a los dem\u00e1s, ya que debemos aprender a hacer todo esto con tranquilidad, sabiendo que as\u00ed ofrecemos a nuestros hijos modelos v\u00e1lidos de comportamiento. La obra no trata de la necesidad de imponer l\u00edmites a los hijos, sino que se propone explicar cu\u00e1n importante es poder decir no, porque debemos decirnos s\u00ed a nosotros mismos.<\/p>\n","protected":false},"excerpt":{"rendered":"<p>JUUL, JESPER<\/p>\n","protected":false},"featured_media":331084,"template":"","meta":{"_acf_changed":false,"om_disable_all_campaigns":false,"rs_blank_template":"","rs_page_bg_color":"","slide_template_v7":"","inline_featured_image":false,"_monsterinsights_skip_tracking":false,"_monsterinsights_sitenote_active":false,"_monsterinsights_sitenote_note":"","_monsterinsights_sitenote_category":0},"product_brand":[],"product_cat":[90,540],"product_tag":[],"class_list":{"0":"post-281083","1":"product","2":"type-product","3":"status-publish","4":"has-post-thumbnail","6":"product_cat-altres","7":"product_cat-otros","9":"first","10":"instock","11":"taxable","12":"shipping-taxable","13":"purchasable","14":"product-type-simple"},"acf":{"autor":"JUUL, JESPER","codart":"842542749","libros-coleccion":"FONDO GRAL. RELIGIOSO","ediciones":"1","encuadernacion":"R\u00fastica","fecha_de_publicacion":"01\/05\/2012","novedad":"0","paginas":"86","subtitulo":"PADRES QUE HABLAN CLARO: NI\u00d1OS SEGUROS DE S\u00cd MISMOS","orden":"999","portada":"0","idioma":"spa","editorial":[{"ID":148254,"post_author":"3","post_date":"2022-10-14 11:56:49","post_date_gmt":"2022-10-14 09:56:49","post_content":"","post_title":"Herder Editorial","post_excerpt":"","post_status":"publish","comment_status":"closed","ping_status":"closed","post_password":"","post_name":"herder-editorial-2","to_ping":"","pinged":"","post_modified":"2022-10-14 11:56:49","post_modified_gmt":"2022-10-14 09:56:49","post_content_filtered":"","post_parent":0,"guid":"http:\/\/dev.claret.cat\/editorial\/herder-editorial-2\/","menu_order":0,"post_type":"editorial","post_mime_type":"","comment_count":"0","filter":"raw"}],"autores-libros":[{"ID":280728,"post_author":"3","post_date":"2022-12-09 20:40:17","post_date_gmt":"2022-12-09 19:40:17","post_content":"","post_title":"JESPER JUUL","post_excerpt":"","post_status":"publish","comment_status":"closed","ping_status":"closed","post_password":"","post_name":"jesper-juul","to_ping":"","pinged":"","post_modified":"2022-12-09 20:40:17","post_modified_gmt":"2022-12-09 19:40:17","post_content_filtered":"","post_parent":0,"guid":"http:\/\/dev.claret.cat\/autor\/jesper-juul\/","menu_order":0,"post_type":"autor","post_mime_type":"","comment_count":"0","filter":"raw"}],"booktrailer":"","resenas":""},"aioseo_notices":[],"_links":{"self":[{"href":"https:\/\/www.claret.cat\/es\/wp-json\/wp\/v2\/product\/281083","targetHints":{"allow":["GET"]}}],"collection":[{"href":"https:\/\/www.claret.cat\/es\/wp-json\/wp\/v2\/product"}],"about":[{"href":"https:\/\/www.claret.cat\/es\/wp-json\/wp\/v2\/types\/product"}],"wp:featuredmedia":[{"embeddable":true,"href":"https:\/\/www.claret.cat\/es\/wp-json\/wp\/v2\/media\/331084"}],"wp:attachment":[{"href":"https:\/\/www.claret.cat\/es\/wp-json\/wp\/v2\/media?parent=281083"}],"wp:term":[{"taxonomy":"product_brand","embeddable":true,"href":"https:\/\/www.claret.cat\/es\/wp-json\/wp\/v2\/product_brand?post=281083"},{"taxonomy":"product_cat","embeddable":true,"href":"https:\/\/www.claret.cat\/es\/wp-json\/wp\/v2\/product_cat?post=281083"},{"taxonomy":"product_tag","embeddable":true,"href":"https:\/\/www.claret.cat\/es\/wp-json\/wp\/v2\/product_tag?post=281083"}],"curies":[{"name":"wp","href":"https:\/\/api.w.org\/{rel}","templated":true}]}}